{"id":10723,"date":"2020-12-30T23:16:43","date_gmt":"2020-12-30T23:16:43","guid":{"rendered":"https:\/\/xn--shop-fr-vegane-und-vegetarische-kost-j0d.de\/?product=miyata-shirataki-reis-6er-pack-6-x-270-g"},"modified":"2023-04-09T19:00:53","modified_gmt":"2023-04-09T17:00:53","slug":"miyata-shirataki-reis-6er-pack-6-x-270-g","status":"publish","type":"product","link":"https:\/\/xn--shop-fr-vegane-und-vegetarische-kost-j0d.de\/?product=miyata-shirataki-reis-6er-pack-6-x-270-g","title":{"rendered":"MIYATA Shirataki, Reis, 6er Pack (6 x 270 g)"},"content":{"rendered":"<p><!-- show up to 2 reviews by default --> <\/p>\n<h3>Produktbeschreibung<\/h3>\n<\/p>\n<p>Produktbeschreibung:<\/p>\n<p><b>MIYATA Shirataki Reis aus Konjakmehl<\/b><\/p>\n<p>Konjakreis wird nicht wie herk\u00f6mmlicher Reis hergestellt, sondern aus dem Mehl der Konjakwurzel.<\/p>\n<p>Von der Konsistenz her \u00e4hnelt die Konjakwurzel ein wenig der Kartoffel. Dies ist aber auch schon die einzige Gemeinsamkeit, da Konjakreis weder St\u00e4rke noch andere verwertbare Kohlenhydrate und auch kein Protein enth\u00e4lt. Die Konjakwurzel besteht nur aus Wasser und l\u00f6slichen Ballaststoffen. Somit ist der Konjakreis eine tolle Alternative f\u00fcr alle die abnehmen m\u00f6chten. Dieser Reis verleiht ein angenehmes und nachhaltiges S\u00e4ttigungsgef\u00fchl.<\/p>\n<p><b>Produktdetails:<\/b><\/p>\n<ul>\n<li>Reich an Ballaststoffen<\/li>\n<li>Kohlenhydratarm (Low Carb)<\/li>\n<li>Vegan<\/li>\n<li>Fettfrei<\/li>\n<li>Glutenfrei<\/li>\n<li>Lactosefrei<\/li>\n<li>Basisch<\/li>\n<\/ul>\n<h3>Inhaltsstoffe \/ Zutaten<\/h3>\n<p>Zutaten: Wasser, Konjakmehl (3%), S\u00e4ureregulator: Citronens\u00e4ure (E330); Festigungsmittel: Calciumhydroxid (E526)) <\/p>\n<div data-a-expander-name=\"toggle_description\" class=\"a-row a-expander-container a-expander-extend-container\">\n<div class=\"a-expander-content a-expander-extend-content\">\n<h3>Gebrauchsanweisung<\/h3>\n<p>1. Fl\u00fcssigkeit abgie\u00dfen. 2. Gew\u00fcnschte Sauce, Salat oder Suppe zubereiten, alles zusammen servieren und genie\u00dfen. <\/p>\n<h3>Warnhinweise<\/h3>\n<p>Hinweis: Bei Schluckbeschwerden oder bei unzureichender Fl\u00fcssigkeitszufuhr besteht Erstickungsgefahr. Empfehlung: Beim Verzehr des zubereiteten Produktes reichlich Wasser trinken. <\/p>\n<h3>Anschrift Hersteller\/Importeur<\/h3>\n<p>Industriestra\u00dfe 40-42, 28876 Oyten, Germany <\/p>\n<\/p><\/div>\n<p> <a href=\"void(0)\" data-action=\"a-expander-toggle\" class=\"a-expander-header a-declarative a-expander-extend-header\" data-a-expander-toggle=\"{\"><i class=\"a-icon a-icon-extender-expand\"><\/i><span class=\"a-expander-prompt\">Mehr<\/span><\/a> <\/div>\n<p>Shirataki Reis (Konjakreis) ist ein traditioneller asiatischer Reis mit wenigen Kohlenhydraten<br \/>\nEine Alternative aus Konjakmehl zu normaler Pasta und Reis, ideal zum Abnehmen<br \/>\nReich an Ballaststoffen, vegan, kohlenhydratarm (low carb), fettfrei, glutenfrei, lactosefrei, basisch<br \/>\nNicht nur in der chinesischen und japanischen K\u00fcche sehr beliebt<br \/>\nShirataki Reis ist schnell zubereitet und in der K\u00fcche vielseitig einsetzbar<br \/>\n<div class=\"main-cross-sell\" data-asin=\"B07LBX62PW\">\n\n\t<div class=\"WooZone-cross-sell-loader\">\n\t\t<div>\n\t\t\t<div id=\"floatingBarsG\">\n\t\t\t\t<div class=\"blockG\" id=\"rotateG_01\"><\/div>\n\t\t\t\t<div class=\"blockG\" id=\"rotateG_02\"><\/div>\n\t\t\t\t<div class=\"blockG\" id=\"rotateG_03\"><\/div>\n\t\t\t\t<div class=\"blockG\" id=\"rotateG_04\"><\/div>\n\t\t\t\t<div class=\"blockG\" id=\"rotateG_05\"><\/div>\n\t\t\t\t<div class=\"blockG\" id=\"rotateG_06\"><\/div>\n\t\t\t\t<div class=\"blockG\" id=\"rotateG_07\"><\/div>\n\t\t\t\t<div class=\"blockG\" id=\"rotateG_08\"><\/div>\n\t\t\t<\/div>\n\t\t\t<div class=\"WooZone-cross-sell-loader-text\"><\/div>\n\t\t<\/div>\n\t<\/div>\n\n\t\t\n<\/div>\n<div style=\"clear:both;\"><\/div>\n","protected":false},"excerpt":{"rendered":"<p>Shirataki Reis (Konjakreis) ist ein traditioneller asiatischer Reis mit wenigen Kohlenhydraten<br \/>\nEine Alternative aus Konjakmehl zu normaler Pasta und Reis, ideal zum Abnehmen<br \/>\nReich an Ballaststoffen, vegan, kohlenhydratarm (low carb), fettfrei, glutenfrei, lactosefrei, basisch<\/p>\n","protected":false},"featured_media":10724,"comment_status":"open","ping_status":"closed","template":"","meta":[],"product_cat":[4145,58],"product_tag":[],"yoast_head":"<!-- This site is optimized with the Yoast SEO Premium plugin v15.4 - https:\/\/yoast.com\/wordpress\/plugins\/seo\/ -->\n<title>MIYATA Shirataki, Reis, 6er Pack (6 x 270 g) - Vegan oder Vegetarisch<\/title>\n<meta name=\"robots\" content=\"index, follow, max-snippet:-1, max-image-preview:large, max-video-preview:-1\" \/>\n<link rel=\"canonical\" href=\"https:\/\/xn--shop-fr-vegane-und-vegetarische-kost-j0d.de\/?product=miyata-shirataki-reis-6er-pack-6-x-270-g\" \/>\n<meta property=\"og:locale\" content=\"de_DE\" \/>\n<meta property=\"og:type\" content=\"article\" \/>\n<meta property=\"og:title\" content=\"MIYATA Shirataki, Reis, 6er Pack (6 x 270 g) - Vegan oder Vegetarisch\" \/>\n<meta property=\"og:description\" content=\"Shirataki Reis (Konjakreis) ist ein traditioneller asiatischer Reis mit wenigen Kohlenhydraten Eine Alternative aus Konjakmehl zu normaler Pasta und Reis, ideal zum Abnehmen Reich an Ballaststoffen, vegan, kohlenhydratarm (low carb), fettfrei, glutenfrei, lactosefrei, basisch\" \/>\n<meta property=\"og:url\" content=\"https:\/\/xn--shop-fr-vegane-und-vegetarische-kost-j0d.de\/?product=miyata-shirataki-reis-6er-pack-6-x-270-g\" \/>\n<meta property=\"og:site_name\" content=\"Vegan oder Vegetarisch\" \/>\n<meta property=\"article:modified_time\" content=\"2023-04-09T17:00:53+00:00\" \/>\n<meta property=\"og:image\" content=\"https:\/\/images-na.ssl-images-amazon.com\/images\/I\/41Nw-VSTHcL.jpg\" \/>\n\t<meta property=\"og:image:width\" content=\"500\" \/>\n\t<meta property=\"og:image:height\" content=\"500\" \/>\n<meta name=\"twitter:card\" content=\"summary_large_image\" \/>\n<meta name=\"twitter:label1\" content=\"Verfasst von\">\n\t<meta name=\"twitter:data1\" content=\"Swen-Olaf Bender\">\n\t<meta name=\"twitter:label2\" content=\"Gesch\u00e4tzte Lesezeit\">\n\t<meta name=\"twitter:data2\" content=\"1\u00a0Minute\">\n<script type=\"application\/ld+json\" class=\"yoast-schema-graph\">{\"@context\":\"https:\/\/schema.org\",\"@graph\":[{\"@type\":\"WebSite\",\"@id\":\"https:\/\/xn--shop-fr-vegane-und-vegetarische-kost-j0d.de\/#website\",\"url\":\"https:\/\/xn--shop-fr-vegane-und-vegetarische-kost-j0d.de\/\",\"name\":\"Vegan oder Vegetarisch\",\"description\":\"Gesund leben, Gesund essen\",\"potentialAction\":[{\"@type\":\"SearchAction\",\"target\":\"https:\/\/xn--shop-fr-vegane-und-vegetarische-kost-j0d.de\/?s={search_term_string}\",\"query-input\":\"required name=search_term_string\"}],\"inLanguage\":\"de\"},{\"@type\":\"ImageObject\",\"@id\":\"https:\/\/xn--shop-fr-vegane-und-vegetarische-kost-j0d.de\/?product=miyata-shirataki-reis-6er-pack-6-x-270-g#primaryimage\",\"inLanguage\":\"de\",\"url\":\"https:\/\/images-na.ssl-images-amazon.com\/images\/I\/41Nw-VSTHcL.jpg\",\"width\":500,\"height\":500},{\"@type\":\"WebPage\",\"@id\":\"https:\/\/xn--shop-fr-vegane-und-vegetarische-kost-j0d.de\/?product=miyata-shirataki-reis-6er-pack-6-x-270-g#webpage\",\"url\":\"https:\/\/xn--shop-fr-vegane-und-vegetarische-kost-j0d.de\/?product=miyata-shirataki-reis-6er-pack-6-x-270-g\",\"name\":\"MIYATA Shirataki, Reis, 6er Pack (6 x 270 g) - Vegan oder Vegetarisch\",\"isPartOf\":{\"@id\":\"https:\/\/xn--shop-fr-vegane-und-vegetarische-kost-j0d.de\/#website\"},\"primaryImageOfPage\":{\"@id\":\"https:\/\/xn--shop-fr-vegane-und-vegetarische-kost-j0d.de\/?product=miyata-shirataki-reis-6er-pack-6-x-270-g#primaryimage\"},\"datePublished\":\"2020-12-30T23:16:43+00:00\",\"dateModified\":\"2023-04-09T17:00:53+00:00\",\"inLanguage\":\"de\",\"potentialAction\":[{\"@type\":\"ReadAction\",\"target\":[\"https:\/\/xn--shop-fr-vegane-und-vegetarische-kost-j0d.de\/?product=miyata-shirataki-reis-6er-pack-6-x-270-g\"]}]}]}<\/script>\n<!-- \/ Yoast SEO Premium plugin. -->","_links":{"self":[{"href":"https:\/\/xn--shop-fr-vegane-und-vegetarische-kost-j0d.de\/index.php?rest_route=\/wp\/v2\/product\/10723"}],"collection":[{"href":"https:\/\/xn--shop-fr-vegane-und-vegetarische-kost-j0d.de\/index.php?rest_route=\/wp\/v2\/product"}],"about":[{"href":"https:\/\/xn--shop-fr-vegane-und-vegetarische-kost-j0d.de\/index.php?rest_route=\/wp\/v2\/types\/product"}],"replies":[{"embeddable":true,"href":"https:\/\/xn--shop-fr-vegane-und-vegetarische-kost-j0d.de\/index.php?rest_route=%2Fwp%2Fv2%2Fcomments&post=10723"}],"wp:featuredmedia":[{"embeddable":true,"href":"https:\/\/xn--shop-fr-vegane-und-vegetarische-kost-j0d.de\/index.php?rest_route=\/wp\/v2\/media\/10724"}],"wp:attachment":[{"href":"https:\/\/xn--shop-fr-vegane-und-vegetarische-kost-j0d.de\/index.php?rest_route=%2Fwp%2Fv2%2Fmedia&parent=10723"}],"wp:term":[{"taxonomy":"product_cat","embeddable":true,"href":"https:\/\/xn--shop-fr-vegane-und-vegetarische-kost-j0d.de\/index.php?rest_route=%2Fwp%2Fv2%2Fproduct_cat&post=10723"},{"taxonomy":"product_tag","embeddable":true,"href":"https:\/\/xn--shop-fr-vegane-und-vegetarische-kost-j0d.de\/index.php?rest_route=%2Fwp%2Fv2%2Fproduct_tag&post=10723"}],"curies":[{"name":"wp","href":"https:\/\/api.w.org\/{rel}","templated":true}]}}