{"id":10673,"date":"2020-12-30T23:13:51","date_gmt":"2020-12-30T23:13:51","guid":{"rendered":"https:\/\/xn--shop-fr-vegane-und-vegetarische-kost-j0d.de\/?product=croci-tofu-clean-katzenstreu-10-l-45-kg"},"modified":"2023-04-06T18:41:44","modified_gmt":"2023-04-06T16:41:44","slug":"croci-tofu-clean-katzenstreu-10-l-45-kg","status":"publish","type":"product","link":"https:\/\/xn--shop-fr-vegane-und-vegetarische-kost-j0d.de\/?product=croci-tofu-clean-katzenstreu-10-l-45-kg","title":{"rendered":"Croci Tofu Clean Litter 10L \u2013 Klumpende Katzenstreu, biologisch abbaubar, sp\u00fclt die Toilette hinunter, 100% pflanzlich\u2026"},"content":{"rendered":"<p><!-- show up to 2 reviews by default --> <\/p>\n<h3>Produktbeschreibung<\/h3>\n<p>Tofu clean ist die exklusive Katzenstreu komplett pflanzlichen Ursprungs auf Sojabasis, v\u00f6llig nat\u00fcrlich und biologisch abbaubar, komplett frei von chemischen Komponenten. Verklumpend und leicht zu entsorgen: Die Agglomeration der Pflanzenfasern speichert Fl\u00fcssigkeiten und schafft einen kompakten Ball, der leicht abnehmbar und in der Toilette oder im Hauskompost oder als D\u00fcnger auf dem Garten oder im Garten entsorgt werden kann. Super saugf\u00e4hig \u2013 Geruchsstopp: Sorgt f\u00fcr maximale Saugf\u00e4higkeit und Geruchskontrolle und bleibt leicht und sanft zu den Pfoten. 100 % sicher \u2013 ungiftig f\u00fcr Mensch oder Tier, hinterl\u00e4sst keine Kratzer auf dem Boden und keine Staub. Gebrauchsanweisung: F\u00fcllen Sie die Katzentoilette mit einer Schicht von ca. 6\/7 cm Tofu Clean je nach Bedarf Ihrer Katze. Entfernen Sie nur Klumpen und festen Kot und f\u00fcgen Sie zus\u00e4tzliche Einstreu zur Erhaltung hinzu. H\u00e4lt ca. 3 bis 4 Wochen (gilt f\u00fcr eine mittelgro\u00dfe Katze). Lagerung: Es handelt sich um ein 100% nat\u00fcrliches Produkt. K\u00fchl und trocken aufbewahren und von Feuer fernhalten. Das Produkt unterliegt dem nat\u00fcrlichen Gewichtsverlust. <\/p>\n<h3>Set enth\u00e4lt:<\/h3>\n<p>1 x Katzentoilette <\/p>\n<p>Klumpende Katzentoilette<br \/>\n100 % pflanzlich auf Basis von Soja, ohne Gogm<br \/>\nKompostierbar und entsorgbar in der Toilette<br \/>\nSuper Geruchskontrolle<br \/>\nHinterl\u00e4sst keine R\u00fcckst\u00e4nde und Staub<br \/>\n<div class=\"main-cross-sell\" data-asin=\"B089DZWNNL\">\n\n\t<div class=\"WooZone-cross-sell-loader\">\n\t\t<div>\n\t\t\t<div id=\"floatingBarsG\">\n\t\t\t\t<div class=\"blockG\" id=\"rotateG_01\"><\/div>\n\t\t\t\t<div class=\"blockG\" id=\"rotateG_02\"><\/div>\n\t\t\t\t<div class=\"blockG\" id=\"rotateG_03\"><\/div>\n\t\t\t\t<div class=\"blockG\" id=\"rotateG_04\"><\/div>\n\t\t\t\t<div class=\"blockG\" id=\"rotateG_05\"><\/div>\n\t\t\t\t<div class=\"blockG\" id=\"rotateG_06\"><\/div>\n\t\t\t\t<div class=\"blockG\" id=\"rotateG_07\"><\/div>\n\t\t\t\t<div class=\"blockG\" id=\"rotateG_08\"><\/div>\n\t\t\t<\/div>\n\t\t\t<div class=\"WooZone-cross-sell-loader-text\"><\/div>\n\t\t<\/div>\n\t<\/div>\n\n\t\t\n<\/div>\n<div style=\"clear:both;\"><\/div>\n","protected":false},"excerpt":{"rendered":"<p>Klumpende Katzentoilette<br \/>\n100 % pflanzlich auf Basis von Soja, ohne Gogm<br \/>\nKompostierbar und entsorgbar in der Toilette<\/p>\n","protected":false},"featured_media":10674,"comment_status":"open","ping_status":"closed","template":"","meta":[],"product_cat":[4145,58],"product_tag":[],"yoast_head":"<!-- This site is optimized with the Yoast SEO Premium plugin v15.4 - https:\/\/yoast.com\/wordpress\/plugins\/seo\/ -->\n<title>Croci Tofu Clean Litter 10L \u2013 Klumpende Katzenstreu, biologisch abbaubar, sp\u00fclt die Toilette hinunter, 100% pflanzlich\u2026 - Vegan oder Vegetarisch<\/title>\n<meta name=\"robots\" content=\"index, follow, max-snippet:-1, max-image-preview:large, max-video-preview:-1\" \/>\n<link rel=\"canonical\" href=\"https:\/\/xn--shop-fr-vegane-und-vegetarische-kost-j0d.de\/?product=croci-tofu-clean-katzenstreu-10-l-45-kg\" \/>\n<meta property=\"og:locale\" content=\"de_DE\" \/>\n<meta property=\"og:type\" content=\"article\" \/>\n<meta property=\"og:title\" content=\"Croci Tofu Clean Litter 10L \u2013 Klumpende Katzenstreu, biologisch abbaubar, sp\u00fclt die Toilette hinunter, 100% pflanzlich\u2026 - Vegan oder Vegetarisch\" \/>\n<meta property=\"og:description\" content=\"Klumpende Katzentoilette 100 % pflanzlich auf Basis von Soja, ohne Gogm Kompostierbar und entsorgbar in der Toilette\" \/>\n<meta property=\"og:url\" content=\"https:\/\/xn--shop-fr-vegane-und-vegetarische-kost-j0d.de\/?product=croci-tofu-clean-katzenstreu-10-l-45-kg\" \/>\n<meta property=\"og:site_name\" content=\"Vegan oder Vegetarisch\" \/>\n<meta property=\"article:modified_time\" content=\"2023-04-06T16:41:44+00:00\" \/>\n<meta property=\"og:image\" content=\"https:\/\/images-na.ssl-images-amazon.com\/images\/I\/41VdYaVzYUL.jpg\" \/>\n\t<meta property=\"og:image:width\" content=\"500\" \/>\n\t<meta property=\"og:image:height\" content=\"500\" \/>\n<meta name=\"twitter:card\" content=\"summary_large_image\" \/>\n<meta name=\"twitter:label1\" content=\"Verfasst von\">\n\t<meta name=\"twitter:data1\" content=\"Swen-Olaf Bender\">\n\t<meta name=\"twitter:label2\" content=\"Gesch\u00e4tzte Lesezeit\">\n\t<meta name=\"twitter:data2\" content=\"1\u00a0Minute\">\n<script type=\"application\/ld+json\" class=\"yoast-schema-graph\">{\"@context\":\"https:\/\/schema.org\",\"@graph\":[{\"@type\":\"WebSite\",\"@id\":\"https:\/\/xn--shop-fr-vegane-und-vegetarische-kost-j0d.de\/#website\",\"url\":\"https:\/\/xn--shop-fr-vegane-und-vegetarische-kost-j0d.de\/\",\"name\":\"Vegan oder Vegetarisch\",\"description\":\"Gesund leben, Gesund essen\",\"potentialAction\":[{\"@type\":\"SearchAction\",\"target\":\"https:\/\/xn--shop-fr-vegane-und-vegetarische-kost-j0d.de\/?s={search_term_string}\",\"query-input\":\"required name=search_term_string\"}],\"inLanguage\":\"de\"},{\"@type\":\"ImageObject\",\"@id\":\"https:\/\/xn--shop-fr-vegane-und-vegetarische-kost-j0d.de\/?product=croci-tofu-clean-katzenstreu-10-l-45-kg#primaryimage\",\"inLanguage\":\"de\",\"url\":\"https:\/\/images-na.ssl-images-amazon.com\/images\/I\/41VdYaVzYUL.jpg\",\"width\":500,\"height\":500},{\"@type\":\"WebPage\",\"@id\":\"https:\/\/xn--shop-fr-vegane-und-vegetarische-kost-j0d.de\/?product=croci-tofu-clean-katzenstreu-10-l-45-kg#webpage\",\"url\":\"https:\/\/xn--shop-fr-vegane-und-vegetarische-kost-j0d.de\/?product=croci-tofu-clean-katzenstreu-10-l-45-kg\",\"name\":\"Croci Tofu Clean Litter 10L \\u2013 Klumpende Katzenstreu, biologisch abbaubar, sp\\u00fclt die Toilette hinunter, 100% pflanzlich\\u2026 - Vegan oder Vegetarisch\",\"isPartOf\":{\"@id\":\"https:\/\/xn--shop-fr-vegane-und-vegetarische-kost-j0d.de\/#website\"},\"primaryImageOfPage\":{\"@id\":\"https:\/\/xn--shop-fr-vegane-und-vegetarische-kost-j0d.de\/?product=croci-tofu-clean-katzenstreu-10-l-45-kg#primaryimage\"},\"datePublished\":\"2020-12-30T23:13:51+00:00\",\"dateModified\":\"2023-04-06T16:41:44+00:00\",\"inLanguage\":\"de\",\"potentialAction\":[{\"@type\":\"ReadAction\",\"target\":[\"https:\/\/xn--shop-fr-vegane-und-vegetarische-kost-j0d.de\/?product=croci-tofu-clean-katzenstreu-10-l-45-kg\"]}]}]}<\/script>\n<!-- \/ Yoast SEO Premium plugin. -->","_links":{"self":[{"href":"https:\/\/xn--shop-fr-vegane-und-vegetarische-kost-j0d.de\/index.php?rest_route=\/wp\/v2\/product\/10673"}],"collection":[{"href":"https:\/\/xn--shop-fr-vegane-und-vegetarische-kost-j0d.de\/index.php?rest_route=\/wp\/v2\/product"}],"about":[{"href":"https:\/\/xn--shop-fr-vegane-und-vegetarische-kost-j0d.de\/index.php?rest_route=\/wp\/v2\/types\/product"}],"replies":[{"embeddable":true,"href":"https:\/\/xn--shop-fr-vegane-und-vegetarische-kost-j0d.de\/index.php?rest_route=%2Fwp%2Fv2%2Fcomments&post=10673"}],"wp:featuredmedia":[{"embeddable":true,"href":"https:\/\/xn--shop-fr-vegane-und-vegetarische-kost-j0d.de\/index.php?rest_route=\/wp\/v2\/media\/10674"}],"wp:attachment":[{"href":"https:\/\/xn--shop-fr-vegane-und-vegetarische-kost-j0d.de\/index.php?rest_route=%2Fwp%2Fv2%2Fmedia&parent=10673"}],"wp:term":[{"taxonomy":"product_cat","embeddable":true,"href":"https:\/\/xn--shop-fr-vegane-und-vegetarische-kost-j0d.de\/index.php?rest_route=%2Fwp%2Fv2%2Fproduct_cat&post=10673"},{"taxonomy":"product_tag","embeddable":true,"href":"https:\/\/xn--shop-fr-vegane-und-vegetarische-kost-j0d.de\/index.php?rest_route=%2Fwp%2Fv2%2Fproduct_tag&post=10673"}],"curies":[{"name":"wp","href":"https:\/\/api.w.org\/{rel}","templated":true}]}}