{"id":10657,"date":"2020-12-30T23:13:41","date_gmt":"2020-12-30T23:13:41","guid":{"rendered":"https:\/\/xn--shop-fr-vegane-und-vegetarische-kost-j0d.de\/?product=vantastic-foods-soja-schnetzel-fleischersatz-sojafleisch-1kg"},"modified":"2023-04-06T18:41:44","modified_gmt":"2023-04-06T16:41:44","slug":"vantastic-foods-soja-schnetzel-fleischersatz-sojafleisch-1kg","status":"publish","type":"product","link":"https:\/\/xn--shop-fr-vegane-und-vegetarische-kost-j0d.de\/?product=vantastic-foods-soja-schnetzel-fleischersatz-sojafleisch-1kg","title":{"rendered":"Vantastic Foods Soja Schnetzel Fleischersatz Sojafleisch, 1kg"},"content":{"rendered":"<p><!-- show up to 2 reviews by default --> <\/p>\n<h3>Produktbeschreibungen<\/h3>\n<p>Soja Schnetzel sind ein extrudiertes Soja-Produkt, auch Soja-Fleisch genannt. Diese Variante mit l\u00e4nglichen Filetstreifen eignet sich hervorragend f\u00fcr vegetarisches Gyros, Filetgulasch, Geschnetzeltes, Frikasse und vieles mehr. Der ideale Fleischersatz. Wie werden Soja Schnetzel zubereitet? Die Schnetzel werden nur 5 &#8211; 10 Minuten in heisser Gem\u00fcsebr\u00fche eingeweicht. Dann kann man die Schnetzel nach Geschmack w\u00fcrzen, anbraten und beliebig weiterverarbeiten zu Geschnetzeltem, Ragout, F\u00fcllungen oder direkt die krossen Filets auf einen saftigen Salatteller servieren. Vantastic Foods ist es ein besonderes Anliegen, ausschlie\u00dflich Produkte anzubieten, die keine gentechnisch ver\u00e4nderten Organismen enthalten. Wir bieten Ihnen somit h\u00f6chste Qualit\u00e4t ohne Gentechnik und verzichten zudem auf k\u00fcnstliche Farb- und Konservierungsstoffe. Des Weiteren enthalten unsere Produkte keinerlei k\u00fcnstliche Geschmacksverst\u00e4rker. Zutaten: Texturiertes Sojaerzeugnis. Zutaten: SOJAMEHL entfettet, Wasser. Zubereitung: Soja Schnitzel mit kochendem Wasser (Br\u00fche) \u00fcbergie\u00dfen und 10 Minuten ziehen lassen. Danach leicht ausdr\u00fccken und weiterverarbeiten zu Gyros, Geschnetzeltem, Asia-Pfanne, Chop Suey, Frikasse&#8230;. (ergibt die 2 bis 3 fache Menge k\u00fcchenfertiges Sojafleisch). K\u00fchl und trocken lagern. Eigenschaften: Vegan. N\u00e4hrwerte je 100g \/ 100ml: Brennwert: 1407 KJ \/ 332 kcal, Fett: 1,2g, davon ges\u00e4ttigte Fetts\u00e4uren: 0,3g, Kohlenhydrate: 27g, davon Zucker: 8,6 g, Eiweiss: 49 g, Salz: 0,01 g <\/p>\n<h3>Inhaltsstoffe \/ Zutaten<\/h3>\n<p>Zutaten: SOJAMEHL entfettet, Wasser. <br \/>Kann Spuren von Gluten, Erdn\u00fcssen, Schalenfr\u00fcchten und Milch enthalten. <\/p>\n<div data-a-expander-name=\"toggle_description\" class=\"a-row a-expander-container a-expander-extend-container\">\n<div class=\"a-expander-content a-expander-extend-content\">\n<h3>Gebrauchsanweisung<\/h3>\n<p>Enth\u00e4lt: Sojabohnen. <\/p>\n<h3>Anschrift Hersteller\/Importeur<\/h3>\n<p>AVE &#8211; Absolute Vegan Empire GmbH &amp; Co. KG, Siemenstra\u00dfe 5, D-92507 Nabburg <\/p>\n<\/p><\/div>\n<p> <a href=\"void(0)\" data-action=\"a-expander-toggle\" class=\"a-expander-header a-declarative a-expander-extend-header\" data-a-expander-toggle=\"{\"><i class=\"a-icon a-icon-extender-expand\"><\/i><span class=\"a-expander-prompt\">Mehr<\/span><\/a> <\/div>\n<p>Vegane Alternative zu Geschnetzeltem.<br \/>\nInhalt: 1kg<br \/>\nF\u00fcr vegetarisches Gyros, Filetgulasch, Geschnetzeltes, Frikassee und viele andere leckere Gerichte.<br \/>\n\u200bFeinanteil max. 12 Prozent<br \/>\nCa. 10 bis 15 Minuten in hei\u00dfer Gem\u00fcsebr\u00fche einweichen bis die gew\u00fcnschte Konsistenz erreicht ist, mit den H\u00e4nden ausdr\u00fccken und danach wie Fleisch weiterverarbeiten. Nach dem Kochen ergibt das Produkt die 2 bis 3 fache Menge des Grundgewichts.<br \/>\n<div class=\"main-cross-sell\" data-asin=\"B078B745K3\">\n\n\t<div class=\"WooZone-cross-sell-loader\">\n\t\t<div>\n\t\t\t<div id=\"floatingBarsG\">\n\t\t\t\t<div class=\"blockG\" id=\"rotateG_01\"><\/div>\n\t\t\t\t<div class=\"blockG\" id=\"rotateG_02\"><\/div>\n\t\t\t\t<div class=\"blockG\" id=\"rotateG_03\"><\/div>\n\t\t\t\t<div class=\"blockG\" id=\"rotateG_04\"><\/div>\n\t\t\t\t<div class=\"blockG\" id=\"rotateG_05\"><\/div>\n\t\t\t\t<div class=\"blockG\" id=\"rotateG_06\"><\/div>\n\t\t\t\t<div class=\"blockG\" id=\"rotateG_07\"><\/div>\n\t\t\t\t<div class=\"blockG\" id=\"rotateG_08\"><\/div>\n\t\t\t<\/div>\n\t\t\t<div class=\"WooZone-cross-sell-loader-text\"><\/div>\n\t\t<\/div>\n\t<\/div>\n\n\t\t\n<\/div>\n<div style=\"clear:both;\"><\/div>\n","protected":false},"excerpt":{"rendered":"<p>Vegane Alternative zu Geschnetzeltem.<br \/>\nInhalt: 1kg<br \/>\nF\u00fcr vegetarisches Gyros, Filetgulasch, Geschnetzeltes, Frikassee und viele andere leckere Gerichte.<\/p>\n","protected":false},"featured_media":10658,"comment_status":"open","ping_status":"closed","template":"","meta":[],"product_cat":[4145,58],"product_tag":[],"yoast_head":"<!-- This site is optimized with the Yoast SEO Premium plugin v15.4 - https:\/\/yoast.com\/wordpress\/plugins\/seo\/ -->\n<title>Vantastic Foods Soja Schnetzel Fleischersatz Sojafleisch, 1kg - Vegan oder Vegetarisch<\/title>\n<meta name=\"robots\" content=\"index, follow, max-snippet:-1, max-image-preview:large, max-video-preview:-1\" \/>\n<link rel=\"canonical\" href=\"https:\/\/xn--shop-fr-vegane-und-vegetarische-kost-j0d.de\/?product=vantastic-foods-soja-schnetzel-fleischersatz-sojafleisch-1kg\" \/>\n<meta property=\"og:locale\" content=\"de_DE\" \/>\n<meta property=\"og:type\" content=\"article\" \/>\n<meta property=\"og:title\" content=\"Vantastic Foods Soja Schnetzel Fleischersatz Sojafleisch, 1kg - Vegan oder Vegetarisch\" \/>\n<meta property=\"og:description\" content=\"Vegane Alternative zu Geschnetzeltem. Inhalt: 1kg F\u00fcr vegetarisches Gyros, Filetgulasch, Geschnetzeltes, Frikassee und viele andere leckere Gerichte.\" \/>\n<meta property=\"og:url\" content=\"https:\/\/xn--shop-fr-vegane-und-vegetarische-kost-j0d.de\/?product=vantastic-foods-soja-schnetzel-fleischersatz-sojafleisch-1kg\" \/>\n<meta property=\"og:site_name\" content=\"Vegan oder Vegetarisch\" \/>\n<meta property=\"article:modified_time\" content=\"2023-04-06T16:41:44+00:00\" \/>\n<meta property=\"og:image\" content=\"https:\/\/images-na.ssl-images-amazon.com\/images\/I\/51MubfuGuYL.jpg\" \/>\n\t<meta property=\"og:image:width\" content=\"500\" \/>\n\t<meta property=\"og:image:height\" content=\"500\" \/>\n<meta name=\"twitter:card\" content=\"summary_large_image\" \/>\n<meta name=\"twitter:label1\" content=\"Verfasst von\">\n\t<meta name=\"twitter:data1\" content=\"Swen-Olaf Bender\">\n\t<meta name=\"twitter:label2\" content=\"Gesch\u00e4tzte Lesezeit\">\n\t<meta name=\"twitter:data2\" content=\"1\u00a0Minute\">\n<script type=\"application\/ld+json\" class=\"yoast-schema-graph\">{\"@context\":\"https:\/\/schema.org\",\"@graph\":[{\"@type\":\"WebSite\",\"@id\":\"https:\/\/xn--shop-fr-vegane-und-vegetarische-kost-j0d.de\/#website\",\"url\":\"https:\/\/xn--shop-fr-vegane-und-vegetarische-kost-j0d.de\/\",\"name\":\"Vegan oder Vegetarisch\",\"description\":\"Gesund leben, Gesund essen\",\"potentialAction\":[{\"@type\":\"SearchAction\",\"target\":\"https:\/\/xn--shop-fr-vegane-und-vegetarische-kost-j0d.de\/?s={search_term_string}\",\"query-input\":\"required name=search_term_string\"}],\"inLanguage\":\"de\"},{\"@type\":\"ImageObject\",\"@id\":\"https:\/\/xn--shop-fr-vegane-und-vegetarische-kost-j0d.de\/?product=vantastic-foods-soja-schnetzel-fleischersatz-sojafleisch-1kg#primaryimage\",\"inLanguage\":\"de\",\"url\":\"https:\/\/images-na.ssl-images-amazon.com\/images\/I\/51MubfuGuYL.jpg\",\"width\":500,\"height\":500},{\"@type\":\"WebPage\",\"@id\":\"https:\/\/xn--shop-fr-vegane-und-vegetarische-kost-j0d.de\/?product=vantastic-foods-soja-schnetzel-fleischersatz-sojafleisch-1kg#webpage\",\"url\":\"https:\/\/xn--shop-fr-vegane-und-vegetarische-kost-j0d.de\/?product=vantastic-foods-soja-schnetzel-fleischersatz-sojafleisch-1kg\",\"name\":\"Vantastic Foods Soja Schnetzel Fleischersatz Sojafleisch, 1kg - Vegan oder Vegetarisch\",\"isPartOf\":{\"@id\":\"https:\/\/xn--shop-fr-vegane-und-vegetarische-kost-j0d.de\/#website\"},\"primaryImageOfPage\":{\"@id\":\"https:\/\/xn--shop-fr-vegane-und-vegetarische-kost-j0d.de\/?product=vantastic-foods-soja-schnetzel-fleischersatz-sojafleisch-1kg#primaryimage\"},\"datePublished\":\"2020-12-30T23:13:41+00:00\",\"dateModified\":\"2023-04-06T16:41:44+00:00\",\"inLanguage\":\"de\",\"potentialAction\":[{\"@type\":\"ReadAction\",\"target\":[\"https:\/\/xn--shop-fr-vegane-und-vegetarische-kost-j0d.de\/?product=vantastic-foods-soja-schnetzel-fleischersatz-sojafleisch-1kg\"]}]}]}<\/script>\n<!-- \/ Yoast SEO Premium plugin. -->","_links":{"self":[{"href":"https:\/\/xn--shop-fr-vegane-und-vegetarische-kost-j0d.de\/index.php?rest_route=\/wp\/v2\/product\/10657"}],"collection":[{"href":"https:\/\/xn--shop-fr-vegane-und-vegetarische-kost-j0d.de\/index.php?rest_route=\/wp\/v2\/product"}],"about":[{"href":"https:\/\/xn--shop-fr-vegane-und-vegetarische-kost-j0d.de\/index.php?rest_route=\/wp\/v2\/types\/product"}],"replies":[{"embeddable":true,"href":"https:\/\/xn--shop-fr-vegane-und-vegetarische-kost-j0d.de\/index.php?rest_route=%2Fwp%2Fv2%2Fcomments&post=10657"}],"wp:featuredmedia":[{"embeddable":true,"href":"https:\/\/xn--shop-fr-vegane-und-vegetarische-kost-j0d.de\/index.php?rest_route=\/wp\/v2\/media\/10658"}],"wp:attachment":[{"href":"https:\/\/xn--shop-fr-vegane-und-vegetarische-kost-j0d.de\/index.php?rest_route=%2Fwp%2Fv2%2Fmedia&parent=10657"}],"wp:term":[{"taxonomy":"product_cat","embeddable":true,"href":"https:\/\/xn--shop-fr-vegane-und-vegetarische-kost-j0d.de\/index.php?rest_route=%2Fwp%2Fv2%2Fproduct_cat&post=10657"},{"taxonomy":"product_tag","embeddable":true,"href":"https:\/\/xn--shop-fr-vegane-und-vegetarische-kost-j0d.de\/index.php?rest_route=%2Fwp%2Fv2%2Fproduct_tag&post=10657"}],"curies":[{"name":"wp","href":"https:\/\/api.w.org\/{rel}","templated":true}]}}