{"id":10592,"date":"2020-12-30T23:04:10","date_gmt":"2020-12-30T23:04:10","guid":{"rendered":"https:\/\/xn--shop-fr-vegane-und-vegetarische-kost-j0d.de\/?product=amecke-bio-gemuese-6x1l-de-oeko-013-41711"},"modified":"2023-04-06T18:41:44","modified_gmt":"2023-04-06T16:41:44","slug":"amecke-bio-gemuese-6x1l-de-oeko-013-41711","status":"publish","type":"product","link":"https:\/\/xn--shop-fr-vegane-und-vegetarische-kost-j0d.de\/?product=amecke-bio-gemuese-6x1l-de-oeko-013-41711","title":{"rendered":"Amecke, Bio Gem\u00fcse 6x1L DE-\u00d6KO-013 6er Pack (6x1l)"},"content":{"rendered":"<p><!-- show up to 2 reviews by default --> <\/p>\n<h3>Produktbeschreibung<\/h3>\n<p>Amecke Bio Gem\u00fcse besticht durch seine frische Gem\u00fcsenote, von verschiedenen Gem\u00fcsesorten. Verfeinert wird der Saft durch jodiertes Speisesalz, Zitronensaft, Gew\u00fcrzen und den Kr\u00e4utern Basilikum und Petersilie.<\/p>\n<p>Die Tomaten stammen von italienischen Bio-Landwirten, alle anderen Gem\u00fcse von deutschen Bioh\u00f6fen.<\/p>\n<p>Die Erzeugung wird vom Landwirt bis zur Abf\u00fcllung l\u00fcckenlos auf allen Stufen \u00fcberwacht. Unser Unternehmen ist zertifiziert und wird durch eine deutsche \u00d6ko-Kontrollstelle \u00fcberwacht. <\/p>\n<h3>Inhaltsstoffe \/ Zutaten<\/h3>\n<p>Zutaten: Saft aus: *Tomaten, **SELLERIE, **Karotten, **Rote Bete, **Sauerkraut, **Gurken, *Paprikamark, *Zwiebelsaft, jodiertes Speisesalz, *Zitronensaft, *Gew\u00fcrze, *Basilikum, *Petersilie (*= aus biologischem Anbau, **=aus biologischem Anbau, milchsauer vergoren) <\/p>\n<div data-a-expander-name=\"toggle_description\" class=\"a-row a-expander-container a-expander-extend-container\">\n<div class=\"a-expander-content a-expander-extend-content\">\n<h3>Anschrift Hersteller\/Importeur<\/h3>\n<p>D-58706 Menden\/Sauerland <\/p>\n<\/p><\/div>\n<p> <a href=\"void(0)\" data-action=\"a-expander-toggle\" class=\"a-expander-header a-declarative a-expander-extend-header\" data-a-expander-toggle=\"{\"><i class=\"a-icon a-icon-extender-expand\"><\/i><span class=\"a-expander-prompt\">Mehr<\/span><\/a> <\/div>\n<p>100% Bio<br \/>\nDie verwendeten Rohwaren stammen aus biologischem Anbau. Das bedeutet kein Pestizid &#8211; Einsatz o. k\u00fcnstliche D\u00fcngung, keine gentechnisch behandelten Fr\u00fcchte und Saatgut. Bio-Produkte erkennt man am EU-Bio-Logo und an der Angabe der \u00d6ko-Kontrollstelle.<br \/>\nSaatgut und Fr\u00fcchte sind nicht gentechnisch behandelt.<br \/>\nGem\u00fcsesaft ist von Natur aus reich an Ballaststoffen. Eine abwechslungsreiche, ausgewogene Ern\u00e4hrung ist Bestandteil einer gesunden Ern\u00e4hrung. Amecke Bio Gem\u00fcse kann dazu beitragen.<br \/>\nvegan<br \/>\n<div class=\"main-cross-sell\" data-asin=\"B013Q88SME\">\n\n\t<div class=\"WooZone-cross-sell-loader\">\n\t\t<div>\n\t\t\t<div id=\"floatingBarsG\">\n\t\t\t\t<div class=\"blockG\" id=\"rotateG_01\"><\/div>\n\t\t\t\t<div class=\"blockG\" id=\"rotateG_02\"><\/div>\n\t\t\t\t<div class=\"blockG\" id=\"rotateG_03\"><\/div>\n\t\t\t\t<div class=\"blockG\" id=\"rotateG_04\"><\/div>\n\t\t\t\t<div class=\"blockG\" id=\"rotateG_05\"><\/div>\n\t\t\t\t<div class=\"blockG\" id=\"rotateG_06\"><\/div>\n\t\t\t\t<div class=\"blockG\" id=\"rotateG_07\"><\/div>\n\t\t\t\t<div class=\"blockG\" id=\"rotateG_08\"><\/div>\n\t\t\t<\/div>\n\t\t\t<div class=\"WooZone-cross-sell-loader-text\"><\/div>\n\t\t<\/div>\n\t<\/div>\n\n\t\t\n<\/div>\n<div style=\"clear:both;\"><\/div>\n","protected":false},"excerpt":{"rendered":"<p>100% Bio<br \/>\nDie verwendeten Rohwaren stammen aus biologischem Anbau. Das bedeutet kein Pestizid &#8211; Einsatz o. k\u00fcnstliche D\u00fcngung, keine gentechnisch behandelten Fr\u00fcchte und Saatgut. Bio-Produkte erkennt man am EU-Bio-Logo und an der Angabe der \u00d6ko-Kontrollstelle.<br \/>\nSaatgut und Fr\u00fcchte sind nicht gentechnisch behandelt.<\/p>\n","protected":false},"featured_media":10593,"comment_status":"open","ping_status":"closed","template":"","meta":[],"product_cat":[4146,135],"product_tag":[],"yoast_head":"<!-- This site is optimized with the Yoast SEO Premium plugin v15.4 - https:\/\/yoast.com\/wordpress\/plugins\/seo\/ -->\n<title>Amecke, Bio Gem\u00fcse 6x1L DE-\u00d6KO-013 6er Pack (6x1l) - Vegan oder Vegetarisch<\/title>\n<meta name=\"robots\" content=\"index, follow, max-snippet:-1, max-image-preview:large, max-video-preview:-1\" \/>\n<link rel=\"canonical\" href=\"https:\/\/xn--shop-fr-vegane-und-vegetarische-kost-j0d.de\/?product=amecke-bio-gemuese-6x1l-de-oeko-013-41711\" \/>\n<meta property=\"og:locale\" content=\"de_DE\" \/>\n<meta property=\"og:type\" content=\"article\" \/>\n<meta property=\"og:title\" content=\"Amecke, Bio Gem\u00fcse 6x1L DE-\u00d6KO-013 6er Pack (6x1l) - Vegan oder Vegetarisch\" \/>\n<meta property=\"og:description\" content=\"100% Bio Die verwendeten Rohwaren stammen aus biologischem Anbau. Das bedeutet kein Pestizid - Einsatz o. k\u00fcnstliche D\u00fcngung, keine gentechnisch behandelten Fr\u00fcchte und Saatgut. Bio-Produkte erkennt man am EU-Bio-Logo und an der Angabe der \u00d6ko-Kontrollstelle. Saatgut und Fr\u00fcchte sind nicht gentechnisch behandelt.\" \/>\n<meta property=\"og:url\" content=\"https:\/\/xn--shop-fr-vegane-und-vegetarische-kost-j0d.de\/?product=amecke-bio-gemuese-6x1l-de-oeko-013-41711\" \/>\n<meta property=\"og:site_name\" content=\"Vegan oder Vegetarisch\" \/>\n<meta property=\"article:modified_time\" content=\"2023-04-06T16:41:44+00:00\" \/>\n<meta property=\"og:image\" content=\"https:\/\/images-na.ssl-images-amazon.com\/images\/I\/41rMP1W%2BOvL.jpg\" \/>\n\t<meta property=\"og:image:width\" content=\"500\" \/>\n\t<meta property=\"og:image:height\" content=\"500\" \/>\n<meta name=\"twitter:card\" content=\"summary_large_image\" \/>\n<meta name=\"twitter:label1\" content=\"Verfasst von\">\n\t<meta name=\"twitter:data1\" content=\"Swen-Olaf Bender\">\n\t<meta name=\"twitter:label2\" content=\"Gesch\u00e4tzte Lesezeit\">\n\t<meta name=\"twitter:data2\" content=\"1\u00a0Minute\">\n<script type=\"application\/ld+json\" class=\"yoast-schema-graph\">{\"@context\":\"https:\/\/schema.org\",\"@graph\":[{\"@type\":\"WebSite\",\"@id\":\"https:\/\/xn--shop-fr-vegane-und-vegetarische-kost-j0d.de\/#website\",\"url\":\"https:\/\/xn--shop-fr-vegane-und-vegetarische-kost-j0d.de\/\",\"name\":\"Vegan oder Vegetarisch\",\"description\":\"Gesund leben, Gesund essen\",\"potentialAction\":[{\"@type\":\"SearchAction\",\"target\":\"https:\/\/xn--shop-fr-vegane-und-vegetarische-kost-j0d.de\/?s={search_term_string}\",\"query-input\":\"required name=search_term_string\"}],\"inLanguage\":\"de\"},{\"@type\":\"ImageObject\",\"@id\":\"https:\/\/xn--shop-fr-vegane-und-vegetarische-kost-j0d.de\/?product=amecke-bio-gemuese-6x1l-de-oeko-013-41711#primaryimage\",\"inLanguage\":\"de\",\"url\":\"https:\/\/images-na.ssl-images-amazon.com\/images\/I\/41rMP1W%2BOvL.jpg\",\"width\":500,\"height\":500},{\"@type\":\"WebPage\",\"@id\":\"https:\/\/xn--shop-fr-vegane-und-vegetarische-kost-j0d.de\/?product=amecke-bio-gemuese-6x1l-de-oeko-013-41711#webpage\",\"url\":\"https:\/\/xn--shop-fr-vegane-und-vegetarische-kost-j0d.de\/?product=amecke-bio-gemuese-6x1l-de-oeko-013-41711\",\"name\":\"Amecke, Bio Gem\\u00fcse 6x1L DE-\\u00d6KO-013 6er Pack (6x1l) - Vegan oder Vegetarisch\",\"isPartOf\":{\"@id\":\"https:\/\/xn--shop-fr-vegane-und-vegetarische-kost-j0d.de\/#website\"},\"primaryImageOfPage\":{\"@id\":\"https:\/\/xn--shop-fr-vegane-und-vegetarische-kost-j0d.de\/?product=amecke-bio-gemuese-6x1l-de-oeko-013-41711#primaryimage\"},\"datePublished\":\"2020-12-30T23:04:10+00:00\",\"dateModified\":\"2023-04-06T16:41:44+00:00\",\"inLanguage\":\"de\",\"potentialAction\":[{\"@type\":\"ReadAction\",\"target\":[\"https:\/\/xn--shop-fr-vegane-und-vegetarische-kost-j0d.de\/?product=amecke-bio-gemuese-6x1l-de-oeko-013-41711\"]}]}]}<\/script>\n<!-- \/ Yoast SEO Premium plugin. -->","_links":{"self":[{"href":"https:\/\/xn--shop-fr-vegane-und-vegetarische-kost-j0d.de\/index.php?rest_route=\/wp\/v2\/product\/10592"}],"collection":[{"href":"https:\/\/xn--shop-fr-vegane-und-vegetarische-kost-j0d.de\/index.php?rest_route=\/wp\/v2\/product"}],"about":[{"href":"https:\/\/xn--shop-fr-vegane-und-vegetarische-kost-j0d.de\/index.php?rest_route=\/wp\/v2\/types\/product"}],"replies":[{"embeddable":true,"href":"https:\/\/xn--shop-fr-vegane-und-vegetarische-kost-j0d.de\/index.php?rest_route=%2Fwp%2Fv2%2Fcomments&post=10592"}],"wp:featuredmedia":[{"embeddable":true,"href":"https:\/\/xn--shop-fr-vegane-und-vegetarische-kost-j0d.de\/index.php?rest_route=\/wp\/v2\/media\/10593"}],"wp:attachment":[{"href":"https:\/\/xn--shop-fr-vegane-und-vegetarische-kost-j0d.de\/index.php?rest_route=%2Fwp%2Fv2%2Fmedia&parent=10592"}],"wp:term":[{"taxonomy":"product_cat","embeddable":true,"href":"https:\/\/xn--shop-fr-vegane-und-vegetarische-kost-j0d.de\/index.php?rest_route=%2Fwp%2Fv2%2Fproduct_cat&post=10592"},{"taxonomy":"product_tag","embeddable":true,"href":"https:\/\/xn--shop-fr-vegane-und-vegetarische-kost-j0d.de\/index.php?rest_route=%2Fwp%2Fv2%2Fproduct_tag&post=10592"}],"curies":[{"name":"wp","href":"https:\/\/api.w.org\/{rel}","templated":true}]}}