{"id":10588,"date":"2020-12-30T23:04:09","date_gmt":"2020-12-30T23:04:09","guid":{"rendered":"https:\/\/xn--shop-fr-vegane-und-vegetarische-kost-j0d.de\/?product=gruenfink-tomaten-gemuesesaft-8er-pack-8-x-1-l"},"modified":"2023-04-06T18:41:44","modified_gmt":"2023-04-06T16:41:44","slug":"gruenfink-tomaten-gemuesesaft-8er-pack-8-x-1-l","status":"publish","type":"product","link":"https:\/\/xn--shop-fr-vegane-und-vegetarische-kost-j0d.de\/?product=gruenfink-tomaten-gemuesesaft-8er-pack-8-x-1-l","title":{"rendered":"Gr\u00fcnfink Tomaten-Gem\u00fcsesaft, 8er Pack (8 x 1 l)"},"content":{"rendered":"<p><!-- show up to 2 reviews by default --> <\/p>\n<h3>Produktbeschreibungen<\/h3>\n<p>Herzhafter Tomaten-Gem\u00fcsesaft, aus verschiedenen Gem\u00fcsesorten wie Karotten, Sellerie, Lauch, Zwiebeln, Fenchel, Kresse, Pakrika. Gr\u00fcnfink Tomaten-Gem\u00fcsesaft ist vegan.<\/p>\n<p> Vor dem Verzehr gut sch\u00fctteln. Nach dem \u00d6ffnen gek\u00fchlt und stehend lagern. Innerhalb von 3 Tagen verzehren.<\/p>\n<p> Qualit\u00e4t aus Brandenburg: Die Firma A. Dohrn &amp; Timme gibt es bereits seit 1891 und stammt eigentlich aus Hamburg. 1991 zog es die Inhaber nach Brandenburg und man \u00fcbernahm dort den &#8222;VEB Entsaftung Diedersdorf&#8220;. Der Schwerpunkt der Firma liegt im Anbau und der Verarbeitung von \u00f6kologischen und konventionellen Agrarerzeugnissen zu Gem\u00fcse- und Fruchts\u00e4ften. Man f\u00fchlt sich dem nachhaltigen, ressourcenschonenden Anbau der Region verpflichtet. So werden z.B. keine genmanipulierten Agrarerzeugnisse verwendet.<br \/> Verarbeiten wird vorzugsweise Obst und Gem\u00fcse aus der traditionellen Gem\u00fcseanbauregion Teltow, geliefert von langj\u00e4hrgig bekannten Landwirten und Lieferanten. Der pers\u00f6nliche Kontakt steht an erster Stelle. Regelm\u00e4\u00dfige \u00dcberwachung durch unabh\u00e4ngige Kontrollstellen sorgen daf\u00fcr, dass die strengen Qualit\u00e4tsanforderungen von A. Dohrn &amp; Timme eingehalten werden.<\/p>\n<p>Ausgew\u00e4hlte S\u00e4fte f\u00fcr den stilvollen Trinkgenuss gibt es im GUTE FREUNDE Shop.<\/p>\n<h3>Inhaltsstoffe \/ Zutaten<\/h3>\n<p>Zutaten: Tomatensaft aus Tomatensaftkonzentrat (87%), Karottensaft (6%), SELLERIEsaft (5%), Meersalz (06%), Paprikasaft-, Lauchsaft-, Zwiebelsaft-, Fenchelsaft-, Petersiliensaft-, Kressesaftkonzentrat; Zitronensaftkonzentrat, Pfeffer. <\/p>\n<div data-a-expander-name=\"toggle_description\" class=\"a-row a-expander-container a-expander-extend-container\">\n<div class=\"a-expander-content a-expander-extend-content\">\n<h3>Gebrauchsanweisung<\/h3>\n<p>Vor dem Verzehr gut sch\u00fctteln. Nach dem \u00d6ffnen stehend lagern. Innerhalb von 3 Tagen verzehren. <\/p>\n<h3>Rechtliche Hinweise<\/h3>\n<p>Vor dem \u00d6ffnen gut sch\u00fctteln. Nach dem \u00d6ffnen gek\u00fchlt aufbewahren und innerhalb von 3 Tagen aufbrauchen. Trocken und licht gesch\u00fctzt lagern. *** Inverkehrbringer: A. Dohrn &amp; A. Timm GmbH &amp; Co. KG 14979 Gro\u00dfbeeren <\/p>\n<h3>Anschrift Hersteller\/Importeur<\/h3>\n<p>Birkholzer Str. 101, 14979 Gro\u00dfbeeren, Deutschland <\/p>\n<\/p><\/div>\n<p> <a href=\"void(0)\" data-action=\"a-expander-toggle\" class=\"a-expander-header a-declarative a-expander-extend-header\" data-a-expander-toggle=\"{\"><i class=\"a-icon a-icon-extender-expand\"><\/i><span class=\"a-expander-prompt\">Mehr<\/span><\/a> <\/div>\n<p>Gem\u00fcsesaft teilweise aus Konzentrat, gesalzen und gew\u00fcrzt.<br \/>\nDieser herzhaft schmeckende Gem\u00fcsecocktail wird aus w\u00fcrzigen Gem\u00fcsesorten und ausgesuchten Kr\u00e4utern zusammengestellt. Durch die sorgf\u00e4ltige und schonende Verarbeitung bleiben die nat\u00fcrlichen Inhaltsstoffe weitgehend erhalten.<br \/>\n<div class=\"main-cross-sell\" data-asin=\"B01ALG5ZZM\">\n\n\t<div class=\"WooZone-cross-sell-loader\">\n\t\t<div>\n\t\t\t<div id=\"floatingBarsG\">\n\t\t\t\t<div class=\"blockG\" id=\"rotateG_01\"><\/div>\n\t\t\t\t<div class=\"blockG\" id=\"rotateG_02\"><\/div>\n\t\t\t\t<div class=\"blockG\" id=\"rotateG_03\"><\/div>\n\t\t\t\t<div class=\"blockG\" id=\"rotateG_04\"><\/div>\n\t\t\t\t<div class=\"blockG\" id=\"rotateG_05\"><\/div>\n\t\t\t\t<div class=\"blockG\" id=\"rotateG_06\"><\/div>\n\t\t\t\t<div class=\"blockG\" id=\"rotateG_07\"><\/div>\n\t\t\t\t<div class=\"blockG\" id=\"rotateG_08\"><\/div>\n\t\t\t<\/div>\n\t\t\t<div class=\"WooZone-cross-sell-loader-text\"><\/div>\n\t\t<\/div>\n\t<\/div>\n\n\t\t\n<\/div>\n<div style=\"clear:both;\"><\/div>\n","protected":false},"excerpt":{"rendered":"<p>Gem\u00fcsesaft teilweise aus Konzentrat, gesalzen und gew\u00fcrzt.<br \/>\nDieser herzhaft schmeckende Gem\u00fcsecocktail wird aus w\u00fcrzigen Gem\u00fcsesorten und ausgesuchten Kr\u00e4utern zusammengestellt. Durch die sorgf\u00e4ltige und schonende Verarbeitung bleiben die nat\u00fcrlichen Inhaltsstoffe weitgehend erhalten.<\/p>\n","protected":false},"featured_media":10589,"comment_status":"open","ping_status":"closed","template":"","meta":[],"product_cat":[4146,135],"product_tag":[],"yoast_head":"<!-- This site is optimized with the Yoast SEO Premium plugin v15.4 - https:\/\/yoast.com\/wordpress\/plugins\/seo\/ -->\n<title>Gr\u00fcnfink Tomaten-Gem\u00fcsesaft, 8er Pack (8 x 1 l) - Vegan oder Vegetarisch<\/title>\n<meta name=\"robots\" content=\"index, follow, max-snippet:-1, max-image-preview:large, max-video-preview:-1\" \/>\n<link rel=\"canonical\" href=\"https:\/\/xn--shop-fr-vegane-und-vegetarische-kost-j0d.de\/?product=gruenfink-tomaten-gemuesesaft-8er-pack-8-x-1-l\" \/>\n<meta property=\"og:locale\" content=\"de_DE\" \/>\n<meta property=\"og:type\" content=\"article\" \/>\n<meta property=\"og:title\" content=\"Gr\u00fcnfink Tomaten-Gem\u00fcsesaft, 8er Pack (8 x 1 l) - Vegan oder Vegetarisch\" \/>\n<meta property=\"og:description\" content=\"Gem\u00fcsesaft teilweise aus Konzentrat, gesalzen und gew\u00fcrzt. Dieser herzhaft schmeckende Gem\u00fcsecocktail wird aus w\u00fcrzigen Gem\u00fcsesorten und ausgesuchten Kr\u00e4utern zusammengestellt. Durch die sorgf\u00e4ltige und schonende Verarbeitung bleiben die nat\u00fcrlichen Inhaltsstoffe weitgehend erhalten.\" \/>\n<meta property=\"og:url\" content=\"https:\/\/xn--shop-fr-vegane-und-vegetarische-kost-j0d.de\/?product=gruenfink-tomaten-gemuesesaft-8er-pack-8-x-1-l\" \/>\n<meta property=\"og:site_name\" content=\"Vegan oder Vegetarisch\" \/>\n<meta property=\"article:modified_time\" content=\"2023-04-06T16:41:44+00:00\" \/>\n<meta property=\"og:image\" content=\"https:\/\/images-na.ssl-images-amazon.com\/images\/I\/51opCyKHy0L.jpg\" \/>\n\t<meta property=\"og:image:width\" content=\"500\" \/>\n\t<meta property=\"og:image:height\" content=\"500\" \/>\n<meta name=\"twitter:card\" content=\"summary_large_image\" \/>\n<meta name=\"twitter:label1\" content=\"Verfasst von\">\n\t<meta name=\"twitter:data1\" content=\"Swen-Olaf Bender\">\n\t<meta name=\"twitter:label2\" content=\"Gesch\u00e4tzte Lesezeit\">\n\t<meta name=\"twitter:data2\" content=\"1\u00a0Minute\">\n<script type=\"application\/ld+json\" class=\"yoast-schema-graph\">{\"@context\":\"https:\/\/schema.org\",\"@graph\":[{\"@type\":\"WebSite\",\"@id\":\"https:\/\/xn--shop-fr-vegane-und-vegetarische-kost-j0d.de\/#website\",\"url\":\"https:\/\/xn--shop-fr-vegane-und-vegetarische-kost-j0d.de\/\",\"name\":\"Vegan oder Vegetarisch\",\"description\":\"Gesund leben, Gesund essen\",\"potentialAction\":[{\"@type\":\"SearchAction\",\"target\":\"https:\/\/xn--shop-fr-vegane-und-vegetarische-kost-j0d.de\/?s={search_term_string}\",\"query-input\":\"required name=search_term_string\"}],\"inLanguage\":\"de\"},{\"@type\":\"ImageObject\",\"@id\":\"https:\/\/xn--shop-fr-vegane-und-vegetarische-kost-j0d.de\/?product=gruenfink-tomaten-gemuesesaft-8er-pack-8-x-1-l#primaryimage\",\"inLanguage\":\"de\",\"url\":\"https:\/\/images-na.ssl-images-amazon.com\/images\/I\/51opCyKHy0L.jpg\",\"width\":500,\"height\":500},{\"@type\":\"WebPage\",\"@id\":\"https:\/\/xn--shop-fr-vegane-und-vegetarische-kost-j0d.de\/?product=gruenfink-tomaten-gemuesesaft-8er-pack-8-x-1-l#webpage\",\"url\":\"https:\/\/xn--shop-fr-vegane-und-vegetarische-kost-j0d.de\/?product=gruenfink-tomaten-gemuesesaft-8er-pack-8-x-1-l\",\"name\":\"Gr\\u00fcnfink Tomaten-Gem\\u00fcsesaft, 8er Pack (8 x 1 l) - Vegan oder Vegetarisch\",\"isPartOf\":{\"@id\":\"https:\/\/xn--shop-fr-vegane-und-vegetarische-kost-j0d.de\/#website\"},\"primaryImageOfPage\":{\"@id\":\"https:\/\/xn--shop-fr-vegane-und-vegetarische-kost-j0d.de\/?product=gruenfink-tomaten-gemuesesaft-8er-pack-8-x-1-l#primaryimage\"},\"datePublished\":\"2020-12-30T23:04:09+00:00\",\"dateModified\":\"2023-04-06T16:41:44+00:00\",\"inLanguage\":\"de\",\"potentialAction\":[{\"@type\":\"ReadAction\",\"target\":[\"https:\/\/xn--shop-fr-vegane-und-vegetarische-kost-j0d.de\/?product=gruenfink-tomaten-gemuesesaft-8er-pack-8-x-1-l\"]}]}]}<\/script>\n<!-- \/ Yoast SEO Premium plugin. -->","_links":{"self":[{"href":"https:\/\/xn--shop-fr-vegane-und-vegetarische-kost-j0d.de\/index.php?rest_route=\/wp\/v2\/product\/10588"}],"collection":[{"href":"https:\/\/xn--shop-fr-vegane-und-vegetarische-kost-j0d.de\/index.php?rest_route=\/wp\/v2\/product"}],"about":[{"href":"https:\/\/xn--shop-fr-vegane-und-vegetarische-kost-j0d.de\/index.php?rest_route=\/wp\/v2\/types\/product"}],"replies":[{"embeddable":true,"href":"https:\/\/xn--shop-fr-vegane-und-vegetarische-kost-j0d.de\/index.php?rest_route=%2Fwp%2Fv2%2Fcomments&post=10588"}],"wp:featuredmedia":[{"embeddable":true,"href":"https:\/\/xn--shop-fr-vegane-und-vegetarische-kost-j0d.de\/index.php?rest_route=\/wp\/v2\/media\/10589"}],"wp:attachment":[{"href":"https:\/\/xn--shop-fr-vegane-und-vegetarische-kost-j0d.de\/index.php?rest_route=%2Fwp%2Fv2%2Fmedia&parent=10588"}],"wp:term":[{"taxonomy":"product_cat","embeddable":true,"href":"https:\/\/xn--shop-fr-vegane-und-vegetarische-kost-j0d.de\/index.php?rest_route=%2Fwp%2Fv2%2Fproduct_cat&post=10588"},{"taxonomy":"product_tag","embeddable":true,"href":"https:\/\/xn--shop-fr-vegane-und-vegetarische-kost-j0d.de\/index.php?rest_route=%2Fwp%2Fv2%2Fproduct_tag&post=10588"}],"curies":[{"name":"wp","href":"https:\/\/api.w.org\/{rel}","templated":true}]}}