{"id":10582,"date":"2020-12-30T23:04:06","date_gmt":"2020-12-30T23:04:06","guid":{"rendered":"https:\/\/xn--shop-fr-vegane-und-vegetarische-kost-j0d.de\/?product=gemuesesaft-breuss-bio-6x500-ml"},"modified":"2023-04-06T18:41:43","modified_gmt":"2023-04-06T16:41:43","slug":"gemuesesaft-breuss-bio-6x500-ml","status":"publish","type":"product","link":"https:\/\/xn--shop-fr-vegane-und-vegetarische-kost-j0d.de\/?product=gemuesesaft-breuss-bio-6x500-ml","title":{"rendered":"Gem\u00fcsesaft Breuss Bio 6&#215;500 ml"},"content":{"rendered":"<p><!-- show up to 2 reviews by default --> <\/p>\n<h3>Produktbeschreibungen<\/h3>\n<p>Biotta Bio-Breuss Gem\u00fcsesaft ohne Zucker aus purem Bio Gem\u00fcse f\u00fcr Ihre Gem\u00fcsesaftkur. Frisch gepresstes Bio-Gem\u00fcse aus der Schweiz. <\/p>\n<p> Herstellerangaben:<br \/> Hergestellt in Schweiz <br \/> Biotta AG, Pflanzbergstr. 8, CH-8274 T\u00e4gerwilen <\/p>\n<p> CH-BIO-006<br \/> \u00d6ko-Kontrollstelle<\/p>\n<p> Zutaten:<br \/> Rote Beete*, Karotten*, SELLERIE KBA*, Kartoffeln kbA*, Rettich* <\/p>\n<p> N\u00e4hrwertangabe pro 100 g<br \/> Energie 150kJ \/ 36kcal<br \/> Fett <br \/> ges\u00e4ttigte Fetts\u00e4uren 0,0 g<br \/> unges\u00e4ttigte Fetts\u00e4uren<br \/> mehrfach unges\u00e4ttigte Fetts\u00e4uren<br \/> Kohlenhydrate 8,0 g<br \/> Zucker 6,0 g<br \/> Eiweiss 1,0 g<br \/> Salz 0,08 g<\/p>\n<h3>Inhaltsstoffe \/ Zutaten<\/h3>\n<p>Randensaft*; Karottensaft*; SELLERIESAFT*; Kartoffelsaft*; Rettichsaft*; S\u00e4uerungsmittel (nat\u00fcrliche L (+) Milchs\u00e4ure)*aus kontrolliert biologischem Anbau <\/p>\n<p>aus bestem schweizer Biogemuese<br \/>\nohne Zugabe von Salz<br \/>\nnaturbelassene Quelle von Kalium<br \/>\nenthaelt Saft aus: 672 g Bio-Gemuese<br \/>\nmit Bio-Randen, Bio-Karotten, Bio-Sellerie, Bio-Kartoffeln und Bio-Rettich<br \/>\n<div class=\"main-cross-sell\" data-asin=\"B004XFU5BM\">\n\n\t<div class=\"WooZone-cross-sell-loader\">\n\t\t<div>\n\t\t\t<div id=\"floatingBarsG\">\n\t\t\t\t<div class=\"blockG\" id=\"rotateG_01\"><\/div>\n\t\t\t\t<div class=\"blockG\" id=\"rotateG_02\"><\/div>\n\t\t\t\t<div class=\"blockG\" id=\"rotateG_03\"><\/div>\n\t\t\t\t<div class=\"blockG\" id=\"rotateG_04\"><\/div>\n\t\t\t\t<div class=\"blockG\" id=\"rotateG_05\"><\/div>\n\t\t\t\t<div class=\"blockG\" id=\"rotateG_06\"><\/div>\n\t\t\t\t<div class=\"blockG\" id=\"rotateG_07\"><\/div>\n\t\t\t\t<div class=\"blockG\" id=\"rotateG_08\"><\/div>\n\t\t\t<\/div>\n\t\t\t<div class=\"WooZone-cross-sell-loader-text\"><\/div>\n\t\t<\/div>\n\t<\/div>\n\n\t\t\n<\/div>\n<div style=\"clear:both;\"><\/div>\n","protected":false},"excerpt":{"rendered":"<p>aus bestem schweizer Biogemuese<br \/>\nohne Zugabe von Salz<br \/>\nnaturbelassene Quelle von Kalium<\/p>\n","protected":false},"featured_media":10583,"comment_status":"open","ping_status":"closed","template":"","meta":[],"product_cat":[4146,135],"product_tag":[],"yoast_head":"<!-- This site is optimized with the Yoast SEO Premium plugin v15.4 - https:\/\/yoast.com\/wordpress\/plugins\/seo\/ -->\n<title>Gem\u00fcsesaft Breuss Bio 6x500 ml - Vegan oder Vegetarisch<\/title>\n<meta name=\"robots\" content=\"index, follow, max-snippet:-1, max-image-preview:large, max-video-preview:-1\" \/>\n<link rel=\"canonical\" href=\"https:\/\/xn--shop-fr-vegane-und-vegetarische-kost-j0d.de\/?product=gemuesesaft-breuss-bio-6x500-ml\" \/>\n<meta property=\"og:locale\" content=\"de_DE\" \/>\n<meta property=\"og:type\" content=\"article\" \/>\n<meta property=\"og:title\" content=\"Gem\u00fcsesaft Breuss Bio 6x500 ml - Vegan oder Vegetarisch\" \/>\n<meta property=\"og:description\" content=\"aus bestem schweizer Biogemuese ohne Zugabe von Salz naturbelassene Quelle von Kalium\" \/>\n<meta property=\"og:url\" content=\"https:\/\/xn--shop-fr-vegane-und-vegetarische-kost-j0d.de\/?product=gemuesesaft-breuss-bio-6x500-ml\" \/>\n<meta property=\"og:site_name\" content=\"Vegan oder Vegetarisch\" \/>\n<meta property=\"article:modified_time\" content=\"2023-04-06T16:41:43+00:00\" \/>\n<meta property=\"og:image\" content=\"https:\/\/images-na.ssl-images-amazon.com\/images\/I\/41XNfIDp4oL.jpg\" \/>\n\t<meta property=\"og:image:width\" content=\"500\" \/>\n\t<meta property=\"og:image:height\" content=\"500\" \/>\n<meta name=\"twitter:card\" content=\"summary_large_image\" \/>\n<meta name=\"twitter:label1\" content=\"Verfasst von\">\n\t<meta name=\"twitter:data1\" content=\"Swen-Olaf Bender\">\n\t<meta name=\"twitter:label2\" content=\"Gesch\u00e4tzte Lesezeit\">\n\t<meta name=\"twitter:data2\" content=\"0\u00a0Minuten\">\n<script type=\"application\/ld+json\" class=\"yoast-schema-graph\">{\"@context\":\"https:\/\/schema.org\",\"@graph\":[{\"@type\":\"WebSite\",\"@id\":\"https:\/\/xn--shop-fr-vegane-und-vegetarische-kost-j0d.de\/#website\",\"url\":\"https:\/\/xn--shop-fr-vegane-und-vegetarische-kost-j0d.de\/\",\"name\":\"Vegan oder Vegetarisch\",\"description\":\"Gesund leben, Gesund essen\",\"potentialAction\":[{\"@type\":\"SearchAction\",\"target\":\"https:\/\/xn--shop-fr-vegane-und-vegetarische-kost-j0d.de\/?s={search_term_string}\",\"query-input\":\"required name=search_term_string\"}],\"inLanguage\":\"de\"},{\"@type\":\"ImageObject\",\"@id\":\"https:\/\/xn--shop-fr-vegane-und-vegetarische-kost-j0d.de\/?product=gemuesesaft-breuss-bio-6x500-ml#primaryimage\",\"inLanguage\":\"de\",\"url\":\"https:\/\/images-na.ssl-images-amazon.com\/images\/I\/41XNfIDp4oL.jpg\",\"width\":500,\"height\":500},{\"@type\":\"WebPage\",\"@id\":\"https:\/\/xn--shop-fr-vegane-und-vegetarische-kost-j0d.de\/?product=gemuesesaft-breuss-bio-6x500-ml#webpage\",\"url\":\"https:\/\/xn--shop-fr-vegane-und-vegetarische-kost-j0d.de\/?product=gemuesesaft-breuss-bio-6x500-ml\",\"name\":\"Gem\\u00fcsesaft Breuss Bio 6x500 ml - Vegan oder Vegetarisch\",\"isPartOf\":{\"@id\":\"https:\/\/xn--shop-fr-vegane-und-vegetarische-kost-j0d.de\/#website\"},\"primaryImageOfPage\":{\"@id\":\"https:\/\/xn--shop-fr-vegane-und-vegetarische-kost-j0d.de\/?product=gemuesesaft-breuss-bio-6x500-ml#primaryimage\"},\"datePublished\":\"2020-12-30T23:04:06+00:00\",\"dateModified\":\"2023-04-06T16:41:43+00:00\",\"inLanguage\":\"de\",\"potentialAction\":[{\"@type\":\"ReadAction\",\"target\":[\"https:\/\/xn--shop-fr-vegane-und-vegetarische-kost-j0d.de\/?product=gemuesesaft-breuss-bio-6x500-ml\"]}]}]}<\/script>\n<!-- \/ Yoast SEO Premium plugin. -->","_links":{"self":[{"href":"https:\/\/xn--shop-fr-vegane-und-vegetarische-kost-j0d.de\/index.php?rest_route=\/wp\/v2\/product\/10582"}],"collection":[{"href":"https:\/\/xn--shop-fr-vegane-und-vegetarische-kost-j0d.de\/index.php?rest_route=\/wp\/v2\/product"}],"about":[{"href":"https:\/\/xn--shop-fr-vegane-und-vegetarische-kost-j0d.de\/index.php?rest_route=\/wp\/v2\/types\/product"}],"replies":[{"embeddable":true,"href":"https:\/\/xn--shop-fr-vegane-und-vegetarische-kost-j0d.de\/index.php?rest_route=%2Fwp%2Fv2%2Fcomments&post=10582"}],"wp:featuredmedia":[{"embeddable":true,"href":"https:\/\/xn--shop-fr-vegane-und-vegetarische-kost-j0d.de\/index.php?rest_route=\/wp\/v2\/media\/10583"}],"wp:attachment":[{"href":"https:\/\/xn--shop-fr-vegane-und-vegetarische-kost-j0d.de\/index.php?rest_route=%2Fwp%2Fv2%2Fmedia&parent=10582"}],"wp:term":[{"taxonomy":"product_cat","embeddable":true,"href":"https:\/\/xn--shop-fr-vegane-und-vegetarische-kost-j0d.de\/index.php?rest_route=%2Fwp%2Fv2%2Fproduct_cat&post=10582"},{"taxonomy":"product_tag","embeddable":true,"href":"https:\/\/xn--shop-fr-vegane-und-vegetarische-kost-j0d.de\/index.php?rest_route=%2Fwp%2Fv2%2Fproduct_tag&post=10582"}],"curies":[{"name":"wp","href":"https:\/\/api.w.org\/{rel}","templated":true}]}}