{"id":10572,"date":"2020-12-30T23:03:59","date_gmt":"2020-12-30T23:03:59","guid":{"rendered":"https:\/\/xn--shop-fr-vegane-und-vegetarische-kost-j0d.de\/?product=meavita-mct-oel-premium-qualitaet-2-x-500-ml"},"modified":"2023-04-06T18:41:43","modified_gmt":"2023-04-06T16:41:43","slug":"meavita-mct-oel-premium-qualitaet-2-x-500-ml","status":"publish","type":"product","link":"https:\/\/xn--shop-fr-vegane-und-vegetarische-kost-j0d.de\/?product=meavita-mct-oel-premium-qualitaet-2-x-500-ml","title":{"rendered":"GreatVita MCT \u00d6l auf Kokos\u00f6lbasis 2x 500 ml C8 &amp; C10 Fetts\u00e4uren, Premium Qualit\u00e4t"},"content":{"rendered":"<div class=\"disclaim\"> Gr\u00f6\u00dfe:<strong>500 ml (2er Pack)<\/strong> <\/div>\n<p> <!-- show up to 2 reviews by default --> <\/p>\n<h3>Produktbeschreibung<\/h3>\n<\/p>\n<p><strong>MeaVita MCT \u00d6l<\/strong><\/p>\n<\/p>\n<p>Das \u00d6l besteht ausschlie\u00dflich aus 70% C-8 Fetts\u00e4uren (Capryls\u00e4ure) und 30% C-10 Fetts\u00e4uren (Caprins\u00e4ure).<\/p>\n<p>MCT \u00d6l ist geschmacksneutral und dadurch eine hervorragende Erg\u00e4nzung zu beispielsweise Bulletproof Coffees, Shakes, Smoothies und So\u00dfen.<\/p>\n<p>Sie k\u00f6nnen das MCT-\u00d6l wie herk\u00f6mmliches Speise\u00f6l verwenden. ACHTUNG! Es sollte nicht zu stark erhitzt werden (nicht \u00fcber 120\u00b0C).<\/p>\n<p><strong>&#x2714; besticht durch 100%ige Reinheit<\/strong><\/p>\n<p><strong>&#x2714; es ist geschmacksneutral<\/strong><\/p>\n<p><strong>&#x2714; 100% Premium Qualit\u00e4t<\/strong><\/p>\n<p><strong>&#x2714; gluten- und cholesterinfrei<\/strong><\/p>\n<p>Probieren Sie auch weitere hochwertige Speise\u00f6le aus unserem MeaVita Sortiment.<\/p>\n<\/p>\n<h3>Inhaltsstoffe \/ Zutaten<\/h3>\n<p>100% reines MCT \u00d6l <\/p>\n<div data-a-expander-name=\"toggle_description\" class=\"a-row a-expander-container a-expander-extend-container\">\n<div class=\"a-expander-content a-expander-extend-content\">\n<h3>Warnhinweise<\/h3>\n<p>nicht zu stark erhitzen (nicht \u00fcber 120\u00b0C) aufgrund Zersetzungs- und Brandgefahr <\/p>\n<\/p><\/div>\n<p> <a href=\"void(0)\" data-action=\"a-expander-toggle\" class=\"a-expander-header a-declarative a-expander-extend-header\" data-a-expander-toggle=\"{\"><i class=\"a-icon a-icon-extender-expand\"><\/i><span class=\"a-expander-prompt\">Mehr<\/span><\/a> <\/div>\n<p>Es besticht durch ihre 100%ige Reinheit. Das \u00d6l besteht ausschlie\u00dflich aus 70% C-8 Fetts\u00e4uren (Capryls\u00e4ure) und 30% C-10 Fetts\u00e4uren (Caprins\u00e4ure).<br \/>\nUnser hochwertiges MCT \u00d6l wird auf Kokos\u00f6lbasis gewonnen.<br \/>\nMCT \u00d6l ist nahezu geschmacksneutral und dadurch eine hervorragende Erg\u00e4nzung zu beispielsweise Bulletproof Coffees, Shakes, Smoothies, So\u00dfen uvm.<br \/>\nSie k\u00f6nnen das MCT-\u00d6l wie herk\u00f6mmliches Speise\u00f6l verwenden. Es darf jedoch nicht zu stark erhitzt werden. (max. 120 \u00b0C)<br \/>\nVerzehrempfehlung: Bis zu 3x t\u00e4glich 3 Teel\u00f6ffel (1 Teel\u00f6ffel = 1g) zu Mahlzeiten einnehmen.<br \/>\n<div class=\"main-cross-sell\" data-asin=\"B07CXFD7PS\">\n\n\t<div class=\"WooZone-cross-sell-loader\">\n\t\t<div>\n\t\t\t<div id=\"floatingBarsG\">\n\t\t\t\t<div class=\"blockG\" id=\"rotateG_01\"><\/div>\n\t\t\t\t<div class=\"blockG\" id=\"rotateG_02\"><\/div>\n\t\t\t\t<div class=\"blockG\" id=\"rotateG_03\"><\/div>\n\t\t\t\t<div class=\"blockG\" id=\"rotateG_04\"><\/div>\n\t\t\t\t<div class=\"blockG\" id=\"rotateG_05\"><\/div>\n\t\t\t\t<div class=\"blockG\" id=\"rotateG_06\"><\/div>\n\t\t\t\t<div class=\"blockG\" id=\"rotateG_07\"><\/div>\n\t\t\t\t<div class=\"blockG\" id=\"rotateG_08\"><\/div>\n\t\t\t<\/div>\n\t\t\t<div class=\"WooZone-cross-sell-loader-text\"><\/div>\n\t\t<\/div>\n\t<\/div>\n\n\t\t\n<\/div>\n<div style=\"clear:both;\"><\/div>\n","protected":false},"excerpt":{"rendered":"<p>Es besticht durch ihre 100%ige Reinheit. Das \u00d6l besteht ausschlie\u00dflich aus 70% C-8 Fetts\u00e4uren (Capryls\u00e4ure) und 30% C-10 Fetts\u00e4uren (Caprins\u00e4ure).<br \/>\nUnser hochwertiges MCT \u00d6l wird auf Kokos\u00f6lbasis gewonnen.<br \/>\nMCT \u00d6l ist nahezu geschmacksneutral und dadurch eine hervorragende Erg\u00e4nzung zu beispielsweise Bulletproof Coffees, Shakes, Smoothies, So\u00dfen uvm.<\/p>\n","protected":false},"featured_media":10573,"comment_status":"open","ping_status":"closed","template":"","meta":[],"product_cat":[4146,135],"product_tag":[],"yoast_head":"<!-- This site is optimized with the Yoast SEO Premium plugin v15.4 - https:\/\/yoast.com\/wordpress\/plugins\/seo\/ -->\n<title>GreatVita MCT \u00d6l auf Kokos\u00f6lbasis 2x 500 ml C8 &amp; C10 Fetts\u00e4uren, Premium Qualit\u00e4t - Vegan oder Vegetarisch<\/title>\n<meta name=\"robots\" content=\"index, follow, max-snippet:-1, max-image-preview:large, max-video-preview:-1\" \/>\n<link rel=\"canonical\" href=\"https:\/\/xn--shop-fr-vegane-und-vegetarische-kost-j0d.de\/?product=meavita-mct-oel-premium-qualitaet-2-x-500-ml\" \/>\n<meta property=\"og:locale\" content=\"de_DE\" \/>\n<meta property=\"og:type\" content=\"article\" \/>\n<meta property=\"og:title\" content=\"GreatVita MCT \u00d6l auf Kokos\u00f6lbasis 2x 500 ml C8 &amp; C10 Fetts\u00e4uren, Premium Qualit\u00e4t - Vegan oder Vegetarisch\" \/>\n<meta property=\"og:description\" content=\"Es besticht durch ihre 100%ige Reinheit. Das \u00d6l besteht ausschlie\u00dflich aus 70% C-8 Fetts\u00e4uren (Capryls\u00e4ure) und 30% C-10 Fetts\u00e4uren (Caprins\u00e4ure). Unser hochwertiges MCT \u00d6l wird auf Kokos\u00f6lbasis gewonnen. MCT \u00d6l ist nahezu geschmacksneutral und dadurch eine hervorragende Erg\u00e4nzung zu beispielsweise Bulletproof Coffees, Shakes, Smoothies, So\u00dfen uvm.\" \/>\n<meta property=\"og:url\" content=\"https:\/\/xn--shop-fr-vegane-und-vegetarische-kost-j0d.de\/?product=meavita-mct-oel-premium-qualitaet-2-x-500-ml\" \/>\n<meta property=\"og:site_name\" content=\"Vegan oder Vegetarisch\" \/>\n<meta property=\"article:modified_time\" content=\"2023-04-06T16:41:43+00:00\" \/>\n<meta property=\"og:image\" content=\"https:\/\/images-na.ssl-images-amazon.com\/images\/I\/41cSSGjZbVL.jpg\" \/>\n\t<meta property=\"og:image:width\" content=\"500\" \/>\n\t<meta property=\"og:image:height\" content=\"500\" \/>\n<meta name=\"twitter:card\" content=\"summary_large_image\" \/>\n<meta name=\"twitter:label1\" content=\"Verfasst von\">\n\t<meta name=\"twitter:data1\" content=\"Swen-Olaf Bender\">\n\t<meta name=\"twitter:label2\" content=\"Gesch\u00e4tzte Lesezeit\">\n\t<meta name=\"twitter:data2\" content=\"1\u00a0Minute\">\n<script type=\"application\/ld+json\" class=\"yoast-schema-graph\">{\"@context\":\"https:\/\/schema.org\",\"@graph\":[{\"@type\":\"WebSite\",\"@id\":\"https:\/\/xn--shop-fr-vegane-und-vegetarische-kost-j0d.de\/#website\",\"url\":\"https:\/\/xn--shop-fr-vegane-und-vegetarische-kost-j0d.de\/\",\"name\":\"Vegan oder Vegetarisch\",\"description\":\"Gesund leben, Gesund essen\",\"potentialAction\":[{\"@type\":\"SearchAction\",\"target\":\"https:\/\/xn--shop-fr-vegane-und-vegetarische-kost-j0d.de\/?s={search_term_string}\",\"query-input\":\"required name=search_term_string\"}],\"inLanguage\":\"de\"},{\"@type\":\"ImageObject\",\"@id\":\"https:\/\/xn--shop-fr-vegane-und-vegetarische-kost-j0d.de\/?product=meavita-mct-oel-premium-qualitaet-2-x-500-ml#primaryimage\",\"inLanguage\":\"de\",\"url\":\"https:\/\/images-na.ssl-images-amazon.com\/images\/I\/41cSSGjZbVL.jpg\",\"width\":500,\"height\":500},{\"@type\":\"WebPage\",\"@id\":\"https:\/\/xn--shop-fr-vegane-und-vegetarische-kost-j0d.de\/?product=meavita-mct-oel-premium-qualitaet-2-x-500-ml#webpage\",\"url\":\"https:\/\/xn--shop-fr-vegane-und-vegetarische-kost-j0d.de\/?product=meavita-mct-oel-premium-qualitaet-2-x-500-ml\",\"name\":\"GreatVita MCT \\u00d6l auf Kokos\\u00f6lbasis 2x 500 ml C8 &amp; C10 Fetts\\u00e4uren, Premium Qualit\\u00e4t - Vegan oder Vegetarisch\",\"isPartOf\":{\"@id\":\"https:\/\/xn--shop-fr-vegane-und-vegetarische-kost-j0d.de\/#website\"},\"primaryImageOfPage\":{\"@id\":\"https:\/\/xn--shop-fr-vegane-und-vegetarische-kost-j0d.de\/?product=meavita-mct-oel-premium-qualitaet-2-x-500-ml#primaryimage\"},\"datePublished\":\"2020-12-30T23:03:59+00:00\",\"dateModified\":\"2023-04-06T16:41:43+00:00\",\"inLanguage\":\"de\",\"potentialAction\":[{\"@type\":\"ReadAction\",\"target\":[\"https:\/\/xn--shop-fr-vegane-und-vegetarische-kost-j0d.de\/?product=meavita-mct-oel-premium-qualitaet-2-x-500-ml\"]}]}]}<\/script>\n<!-- \/ Yoast SEO Premium plugin. -->","_links":{"self":[{"href":"https:\/\/xn--shop-fr-vegane-und-vegetarische-kost-j0d.de\/index.php?rest_route=\/wp\/v2\/product\/10572"}],"collection":[{"href":"https:\/\/xn--shop-fr-vegane-und-vegetarische-kost-j0d.de\/index.php?rest_route=\/wp\/v2\/product"}],"about":[{"href":"https:\/\/xn--shop-fr-vegane-und-vegetarische-kost-j0d.de\/index.php?rest_route=\/wp\/v2\/types\/product"}],"replies":[{"embeddable":true,"href":"https:\/\/xn--shop-fr-vegane-und-vegetarische-kost-j0d.de\/index.php?rest_route=%2Fwp%2Fv2%2Fcomments&post=10572"}],"wp:featuredmedia":[{"embeddable":true,"href":"https:\/\/xn--shop-fr-vegane-und-vegetarische-kost-j0d.de\/index.php?rest_route=\/wp\/v2\/media\/10573"}],"wp:attachment":[{"href":"https:\/\/xn--shop-fr-vegane-und-vegetarische-kost-j0d.de\/index.php?rest_route=%2Fwp%2Fv2%2Fmedia&parent=10572"}],"wp:term":[{"taxonomy":"product_cat","embeddable":true,"href":"https:\/\/xn--shop-fr-vegane-und-vegetarische-kost-j0d.de\/index.php?rest_route=%2Fwp%2Fv2%2Fproduct_cat&post=10572"},{"taxonomy":"product_tag","embeddable":true,"href":"https:\/\/xn--shop-fr-vegane-und-vegetarische-kost-j0d.de\/index.php?rest_route=%2Fwp%2Fv2%2Fproduct_tag&post=10572"}],"curies":[{"name":"wp","href":"https:\/\/api.w.org\/{rel}","templated":true}]}}