{"id":10568,"date":"2020-12-30T23:03:59","date_gmt":"2020-12-30T23:03:59","guid":{"rendered":"https:\/\/xn--shop-fr-vegane-und-vegetarische-kost-j0d.de\/?product=bleichhof-erdbeersaft-100-direktsaft-naturrein-und-vegan-ohne-zuckerzusatz-6er-pack-6-x-072l"},"modified":"2023-04-06T18:41:43","modified_gmt":"2023-04-06T16:41:43","slug":"bleichhof-erdbeersaft-100-direktsaft-naturrein-und-vegan-ohne-zuckerzusatz-6er-pack-6-x-072l","status":"publish","type":"product","link":"https:\/\/xn--shop-fr-vegane-und-vegetarische-kost-j0d.de\/?product=bleichhof-erdbeersaft-100-direktsaft-naturrein-und-vegan-ohne-zuckerzusatz-6er-pack-6-x-072l","title":{"rendered":"Bleichhof Erdbeersaft &#8211; 100% Direktsaft, naturrein und vegan, OHNE Zuckerzusatz, 6er Pack (6 x 0,72l)"},"content":{"rendered":"<p>ERDBEER-DIREKTSAFT: Unser Erdbeersaft wird aus heimischen Erdbeeren frisch gekeltert und nur durch Erhitzen haltbar gemacht. Jede Pressung variiert abh\u00e4ngig von Sorte und Reifegrad der Fr\u00fcchte im Geschmack und Farbton, nachtr\u00e4gliche Tr\u00fcbungen sind m\u00f6glich und unterstreichen die Nat\u00fcrlichkeit unserer S\u00e4fte und den Verzicht auf Zusatzstoffe. Auch f\u00fcr die Herstellung von Gelee ist der Saft geeignet &#8211; wir empfehlen die Zubereitung im Kochtopf anstatt in K\u00fcchenger\u00e4ten mit Messereinsatz.<br \/>\n100% DIREKTSAFT: Wir verzichten auf jegliche Zusatzstoffe, um unseren Kunden ein reines Naturprodukt bieten zu k\u00f6nnen. Unser Verarbeitungsprozess ist darauf ausgerichtet, m\u00f6glichst viele Pflanzenstoffe zu erhalten: Schonend kalt gepresst, schonend erhitzt auf 80\u00b0C und dadurch haltbar gemacht. Der Direktsaft enth\u00e4lt garantiert nur seinen eigenen Fruchtzucker und keine weiteren Zuckerzus\u00e4tze, Aromen, Konservierungsstoffe oder andere Zusatzstoffe. Nat\u00fcrlich vegan und vegetarisch.<br \/>\nUMWELTSCHONENDER VERSAND: Versandverpackung aus Pappe und kompostierbarer Maisst\u00e4rke.<br \/>\n100% NAT\u00dcRLICH: Jede Pressung variiert abh\u00e4ngig vom Reifegrad der Fr\u00fcchte im Geschmack und Farbton. Nachtr\u00e4gliche Tr\u00fcbungen sind m\u00f6glich und unterstreichen die Nat\u00fcrlichkeit unserer S\u00e4fte und den Verzicht auf Zusatzstoffe.<br \/>\nNACHHALTIGER FAMILIENBETRIEB: Wir pressen und trocknen frische, heimische Fr\u00fcchte in unserem Familienbetrieb in Meckenheim in der Pfalz, welchen wir mittlerweile in der dritten Generation f\u00fchren. Wir sind als Partnerbetrieb Naturschutz anerkannt und verpflichten uns zu Naturschutzleistungen, wie zum Beispiel Bienenschauk\u00e4sten auf unserem Betriebsgel\u00e4nde und Bl\u00fchstreifen. Au\u00dferdem achten wir auf kurze Transportwege (unsere Felder sind rund um den Betrieb maximal 5km entfernt).<br \/>\n<div class=\"main-cross-sell\" data-asin=\"B07QWM9XKM\">\n\n\t<div class=\"WooZone-cross-sell-loader\">\n\t\t<div>\n\t\t\t<div id=\"floatingBarsG\">\n\t\t\t\t<div class=\"blockG\" id=\"rotateG_01\"><\/div>\n\t\t\t\t<div class=\"blockG\" id=\"rotateG_02\"><\/div>\n\t\t\t\t<div class=\"blockG\" id=\"rotateG_03\"><\/div>\n\t\t\t\t<div class=\"blockG\" id=\"rotateG_04\"><\/div>\n\t\t\t\t<div class=\"blockG\" id=\"rotateG_05\"><\/div>\n\t\t\t\t<div class=\"blockG\" id=\"rotateG_06\"><\/div>\n\t\t\t\t<div class=\"blockG\" id=\"rotateG_07\"><\/div>\n\t\t\t\t<div class=\"blockG\" id=\"rotateG_08\"><\/div>\n\t\t\t<\/div>\n\t\t\t<div class=\"WooZone-cross-sell-loader-text\"><\/div>\n\t\t<\/div>\n\t<\/div>\n\n\t\t\n<\/div>\n<div style=\"clear:both;\"><\/div>\n","protected":false},"excerpt":{"rendered":"<p>ERDBEER-DIREKTSAFT: Unser Erdbeersaft wird aus heimischen Erdbeeren frisch gekeltert und nur durch Erhitzen haltbar gemacht. Jede Pressung variiert abh\u00e4ngig von Sorte und Reifegrad der Fr\u00fcchte im Geschmack und Farbton, nachtr\u00e4gliche Tr\u00fcbungen sind m\u00f6glich und unterstreichen die Nat\u00fcrlichkeit unserer S\u00e4fte und den Verzicht auf Zusatzstoffe. Auch f\u00fcr die Herstellung von Gelee ist der Saft geeignet &#8211; wir empfehlen die Zubereitung im Kochtopf anstatt in K\u00fcchenger\u00e4ten mit Messereinsatz.<br \/>\n100% DIREKTSAFT: Wir verzichten auf jegliche Zusatzstoffe, um unseren Kunden ein reines Naturprodukt bieten zu k\u00f6nnen. Unser Verarbeitungsprozess ist darauf ausgerichtet, m\u00f6glichst viele Pflanzenstoffe zu erhalten: Schonend kalt gepresst, schonend erhitzt auf 80\u00b0C und dadurch haltbar gemacht. Der Direktsaft enth\u00e4lt garantiert nur seinen eigenen Fruchtzucker und keine weiteren Zuckerzus\u00e4tze, Aromen, Konservierungsstoffe oder andere Zusatzstoffe. Nat\u00fcrlich vegan und vegetarisch.<br \/>\nUMWELTSCHONENDER VERSAND: Versandverpackung aus Pappe und kompostierbarer Maisst\u00e4rke.<\/p>\n","protected":false},"featured_media":10569,"comment_status":"open","ping_status":"closed","template":"","meta":[],"product_cat":[4146,135],"product_tag":[],"yoast_head":"<!-- This site is optimized with the Yoast SEO Premium plugin v15.4 - https:\/\/yoast.com\/wordpress\/plugins\/seo\/ -->\n<title>Bleichhof Erdbeersaft - 100% Direktsaft, naturrein und vegan, OHNE Zuckerzusatz, 6er Pack (6 x 0,72l) - Vegan oder Vegetarisch<\/title>\n<meta name=\"robots\" content=\"index, follow, max-snippet:-1, max-image-preview:large, max-video-preview:-1\" \/>\n<link rel=\"canonical\" href=\"https:\/\/xn--shop-fr-vegane-und-vegetarische-kost-j0d.de\/?product=bleichhof-erdbeersaft-100-direktsaft-naturrein-und-vegan-ohne-zuckerzusatz-6er-pack-6-x-072l\" \/>\n<meta property=\"og:locale\" content=\"de_DE\" \/>\n<meta property=\"og:type\" content=\"article\" \/>\n<meta property=\"og:title\" content=\"Bleichhof Erdbeersaft - 100% Direktsaft, naturrein und vegan, OHNE Zuckerzusatz, 6er Pack (6 x 0,72l) - Vegan oder Vegetarisch\" \/>\n<meta property=\"og:description\" content=\"ERDBEER-DIREKTSAFT: Unser Erdbeersaft wird aus heimischen Erdbeeren frisch gekeltert und nur durch Erhitzen haltbar gemacht. Jede Pressung variiert abh\u00e4ngig von Sorte und Reifegrad der Fr\u00fcchte im Geschmack und Farbton, nachtr\u00e4gliche Tr\u00fcbungen sind m\u00f6glich und unterstreichen die Nat\u00fcrlichkeit unserer S\u00e4fte und den Verzicht auf Zusatzstoffe. Auch f\u00fcr die Herstellung von Gelee ist der Saft geeignet - wir empfehlen die Zubereitung im Kochtopf anstatt in K\u00fcchenger\u00e4ten mit Messereinsatz. 100% DIREKTSAFT: Wir verzichten auf jegliche Zusatzstoffe, um unseren Kunden ein reines Naturprodukt bieten zu k\u00f6nnen. Unser Verarbeitungsprozess ist darauf ausgerichtet, m\u00f6glichst viele Pflanzenstoffe zu erhalten: Schonend kalt gepresst, schonend erhitzt auf 80\u00b0C und dadurch haltbar gemacht. Der Direktsaft enth\u00e4lt garantiert nur seinen eigenen Fruchtzucker und keine weiteren Zuckerzus\u00e4tze, Aromen, Konservierungsstoffe oder andere Zusatzstoffe. Nat\u00fcrlich vegan und vegetarisch. UMWELTSCHONENDER VERSAND: Versandverpackung aus Pappe und kompostierbarer Maisst\u00e4rke.\" \/>\n<meta property=\"og:url\" content=\"https:\/\/xn--shop-fr-vegane-und-vegetarische-kost-j0d.de\/?product=bleichhof-erdbeersaft-100-direktsaft-naturrein-und-vegan-ohne-zuckerzusatz-6er-pack-6-x-072l\" \/>\n<meta property=\"og:site_name\" content=\"Vegan oder Vegetarisch\" \/>\n<meta property=\"article:modified_time\" content=\"2023-04-06T16:41:43+00:00\" \/>\n<meta property=\"og:image\" content=\"https:\/\/images-na.ssl-images-amazon.com\/images\/I\/518WanslEAL.jpg\" \/>\n\t<meta property=\"og:image:width\" content=\"500\" \/>\n\t<meta property=\"og:image:height\" content=\"500\" \/>\n<meta name=\"twitter:card\" content=\"summary_large_image\" \/>\n<meta name=\"twitter:label1\" content=\"Verfasst von\">\n\t<meta name=\"twitter:data1\" content=\"Swen-Olaf Bender\">\n\t<meta name=\"twitter:label2\" content=\"Gesch\u00e4tzte Lesezeit\">\n\t<meta name=\"twitter:data2\" content=\"1\u00a0Minute\">\n<script type=\"application\/ld+json\" class=\"yoast-schema-graph\">{\"@context\":\"https:\/\/schema.org\",\"@graph\":[{\"@type\":\"WebSite\",\"@id\":\"https:\/\/xn--shop-fr-vegane-und-vegetarische-kost-j0d.de\/#website\",\"url\":\"https:\/\/xn--shop-fr-vegane-und-vegetarische-kost-j0d.de\/\",\"name\":\"Vegan oder Vegetarisch\",\"description\":\"Gesund leben, Gesund essen\",\"potentialAction\":[{\"@type\":\"SearchAction\",\"target\":\"https:\/\/xn--shop-fr-vegane-und-vegetarische-kost-j0d.de\/?s={search_term_string}\",\"query-input\":\"required name=search_term_string\"}],\"inLanguage\":\"de\"},{\"@type\":\"ImageObject\",\"@id\":\"https:\/\/xn--shop-fr-vegane-und-vegetarische-kost-j0d.de\/?product=bleichhof-erdbeersaft-100-direktsaft-naturrein-und-vegan-ohne-zuckerzusatz-6er-pack-6-x-072l#primaryimage\",\"inLanguage\":\"de\",\"url\":\"https:\/\/images-na.ssl-images-amazon.com\/images\/I\/518WanslEAL.jpg\",\"width\":500,\"height\":500},{\"@type\":\"WebPage\",\"@id\":\"https:\/\/xn--shop-fr-vegane-und-vegetarische-kost-j0d.de\/?product=bleichhof-erdbeersaft-100-direktsaft-naturrein-und-vegan-ohne-zuckerzusatz-6er-pack-6-x-072l#webpage\",\"url\":\"https:\/\/xn--shop-fr-vegane-und-vegetarische-kost-j0d.de\/?product=bleichhof-erdbeersaft-100-direktsaft-naturrein-und-vegan-ohne-zuckerzusatz-6er-pack-6-x-072l\",\"name\":\"Bleichhof Erdbeersaft - 100% Direktsaft, naturrein und vegan, OHNE Zuckerzusatz, 6er Pack (6 x 0,72l) - Vegan oder Vegetarisch\",\"isPartOf\":{\"@id\":\"https:\/\/xn--shop-fr-vegane-und-vegetarische-kost-j0d.de\/#website\"},\"primaryImageOfPage\":{\"@id\":\"https:\/\/xn--shop-fr-vegane-und-vegetarische-kost-j0d.de\/?product=bleichhof-erdbeersaft-100-direktsaft-naturrein-und-vegan-ohne-zuckerzusatz-6er-pack-6-x-072l#primaryimage\"},\"datePublished\":\"2020-12-30T23:03:59+00:00\",\"dateModified\":\"2023-04-06T16:41:43+00:00\",\"inLanguage\":\"de\",\"potentialAction\":[{\"@type\":\"ReadAction\",\"target\":[\"https:\/\/xn--shop-fr-vegane-und-vegetarische-kost-j0d.de\/?product=bleichhof-erdbeersaft-100-direktsaft-naturrein-und-vegan-ohne-zuckerzusatz-6er-pack-6-x-072l\"]}]}]}<\/script>\n<!-- \/ Yoast SEO Premium plugin. -->","_links":{"self":[{"href":"https:\/\/xn--shop-fr-vegane-und-vegetarische-kost-j0d.de\/index.php?rest_route=\/wp\/v2\/product\/10568"}],"collection":[{"href":"https:\/\/xn--shop-fr-vegane-und-vegetarische-kost-j0d.de\/index.php?rest_route=\/wp\/v2\/product"}],"about":[{"href":"https:\/\/xn--shop-fr-vegane-und-vegetarische-kost-j0d.de\/index.php?rest_route=\/wp\/v2\/types\/product"}],"replies":[{"embeddable":true,"href":"https:\/\/xn--shop-fr-vegane-und-vegetarische-kost-j0d.de\/index.php?rest_route=%2Fwp%2Fv2%2Fcomments&post=10568"}],"wp:featuredmedia":[{"embeddable":true,"href":"https:\/\/xn--shop-fr-vegane-und-vegetarische-kost-j0d.de\/index.php?rest_route=\/wp\/v2\/media\/10569"}],"wp:attachment":[{"href":"https:\/\/xn--shop-fr-vegane-und-vegetarische-kost-j0d.de\/index.php?rest_route=%2Fwp%2Fv2%2Fmedia&parent=10568"}],"wp:term":[{"taxonomy":"product_cat","embeddable":true,"href":"https:\/\/xn--shop-fr-vegane-und-vegetarische-kost-j0d.de\/index.php?rest_route=%2Fwp%2Fv2%2Fproduct_cat&post=10568"},{"taxonomy":"product_tag","embeddable":true,"href":"https:\/\/xn--shop-fr-vegane-und-vegetarische-kost-j0d.de\/index.php?rest_route=%2Fwp%2Fv2%2Fproduct_tag&post=10568"}],"curies":[{"name":"wp","href":"https:\/\/api.w.org\/{rel}","templated":true}]}}