{"id":10472,"date":"2020-12-30T21:34:14","date_gmt":"2020-12-30T21:34:14","guid":{"rendered":"https:\/\/xn--shop-fr-vegane-und-vegetarische-kost-j0d.de\/?product=escoffier-bio-linsensuppe-mit-curry-und-kurkuma-4er-pack-4-x-355-ml"},"modified":"2023-04-06T18:41:42","modified_gmt":"2023-04-06T16:41:42","slug":"escoffier-bio-linsensuppe-mit-curry-und-kurkuma-4er-pack-4-x-355-ml","status":"publish","type":"product","link":"https:\/\/xn--shop-fr-vegane-und-vegetarische-kost-j0d.de\/?product=escoffier-bio-linsensuppe-mit-curry-und-kurkuma-4er-pack-4-x-355-ml","title":{"rendered":"Escoffier Bio Linsensuppe mit Curry und Kurkuma, 4er Pack (4 x 355 ml)"},"content":{"rendered":"<p><!-- show up to 2 reviews by default --> <\/p>\n<h3>Produktbeschreibung<\/h3>\n<p>In dieser veganen Bio Linsensuppe trifft Exotik auf Tradition und die feine Linse gl\u00e4nzt mit den Partnern Curry und Kurkuma als echte Suppenqueen. Anwendung: Inhalt des Glas sch\u00fctteln. Im Wasserbad, Mikrowelle oder Topf erhitzen. F\u00fcr eine vegane Ern\u00e4hrungsweise geeignet. <\/p>\n<h3>Inhaltsstoffe \/ Zutaten<\/h3>\n<p>Zutaten: Gem\u00fcsefond (Wasser, Meersalz, Trockenglucosesirup*, Zwiebeln*, Karotten*, SELLERIE*, Liebst\u00f6ckel*), Karotten*, Zwiebeln*, Gr\u00fcne Linsen* (8%), Raps\u00f6l*, Rohrohrzucker*, Curry* (SENFSAAT*, Koriander*, Curcuma*, Kreuzk\u00fcmmel*, Bochshornkleesaat*, Meersalz, Knoblauch*, Ingwer*, Paprika*, Chili*), Ingwer*, Zitronensaftkonzentrat*, Verdickungsmittel(Guarkernmehl*, Johannisbrotkernmehl*), Curcuma*. *aus kontrolliert biologischem Anbau aus EU\/Nicht-EU Landwirtschaft.. <\/p>\n<div data-a-expander-name=\"toggle_description\" class=\"a-row a-expander-container a-expander-extend-container\">\n<div class=\"a-expander-content a-expander-extend-content\">\n<h3>Gebrauchsanweisung<\/h3>\n<p>Inhalt des Glases gut sch\u00fctteln, Deckel abnehmen und in Mikrowelle, Wasserbad oder Topf erhitzen. <\/p>\n<h3>Warnhinweise<\/h3>\n<p>Keine besonderen Hinweise <\/p>\n<h3>Anschrift Hersteller\/Importeur<\/h3>\n<p>Industriestra\u00dfe 25, 49201 Dissen a.T.W. <\/p>\n<\/p><\/div>\n<p> <a href=\"void(0)\" data-action=\"a-expander-toggle\" class=\"a-expander-header a-declarative a-expander-extend-header\" data-a-expander-toggle=\"{\"><i class=\"a-icon a-icon-extender-expand\"><\/i><span class=\"a-expander-prompt\">Mehr<\/span><\/a> <\/div>\n<p>Die feine Linse gl\u00e4nzt mit den Partnern Curry und Kurkuma als echte Suppenqueen &#8211; Hier trifft Exotik auf Tradition!<br \/>\nSoup of the Day: Bio, Vegan, gluten- und laktosefrei, ohne geschmacksverst\u00e4rkende Zusatzsoffe, ohne Konservierungsstoffe.<br \/>\nEinfache Anwendung: Inhalt des Glas sch\u00fctteln. Im Wasserbad, Mikrowelle oder Topf erhitzen.<br \/>\nEscoffier zeichnet sich durch raffinierte Kompositionen f\u00fcr echte Feinschmecker aus. Die feinen Suppen, Fonds und Saucen werden aus sorgf\u00e4ltig ausgesuchten Zutaten nach traditionellen Rezepturen zubereitet &#8211; Geschmacksergebnisse der Extraklasse!<br \/>\n<div class=\"main-cross-sell\" data-asin=\"B075WGGWJ9\">\n\n\t<div class=\"WooZone-cross-sell-loader\">\n\t\t<div>\n\t\t\t<div id=\"floatingBarsG\">\n\t\t\t\t<div class=\"blockG\" id=\"rotateG_01\"><\/div>\n\t\t\t\t<div class=\"blockG\" id=\"rotateG_02\"><\/div>\n\t\t\t\t<div class=\"blockG\" id=\"rotateG_03\"><\/div>\n\t\t\t\t<div class=\"blockG\" id=\"rotateG_04\"><\/div>\n\t\t\t\t<div class=\"blockG\" id=\"rotateG_05\"><\/div>\n\t\t\t\t<div class=\"blockG\" id=\"rotateG_06\"><\/div>\n\t\t\t\t<div class=\"blockG\" id=\"rotateG_07\"><\/div>\n\t\t\t\t<div class=\"blockG\" id=\"rotateG_08\"><\/div>\n\t\t\t<\/div>\n\t\t\t<div class=\"WooZone-cross-sell-loader-text\"><\/div>\n\t\t<\/div>\n\t<\/div>\n\n\t\t\n<\/div>\n<div style=\"clear:both;\"><\/div>\n","protected":false},"excerpt":{"rendered":"<p>Die feine Linse gl\u00e4nzt mit den Partnern Curry und Kurkuma als echte Suppenqueen &#8211; Hier trifft Exotik auf Tradition!<br \/>\nSoup of the Day: Bio, Vegan, gluten- und laktosefrei, ohne geschmacksverst\u00e4rkende Zusatzsoffe, ohne Konservierungsstoffe.<br \/>\nEinfache Anwendung: Inhalt des Glas sch\u00fctteln. Im Wasserbad, Mikrowelle oder Topf erhitzen.<\/p>\n","protected":false},"featured_media":10473,"comment_status":"open","ping_status":"closed","template":"","meta":[],"product_cat":[4146,132],"product_tag":[],"yoast_head":"<!-- This site is optimized with the Yoast SEO Premium plugin v15.4 - https:\/\/yoast.com\/wordpress\/plugins\/seo\/ -->\n<title>Escoffier Bio Linsensuppe mit Curry und Kurkuma, 4er Pack (4 x 355 ml) - Vegan oder Vegetarisch<\/title>\n<meta name=\"robots\" content=\"index, follow, max-snippet:-1, max-image-preview:large, max-video-preview:-1\" \/>\n<link rel=\"canonical\" href=\"https:\/\/xn--shop-fr-vegane-und-vegetarische-kost-j0d.de\/?product=escoffier-bio-linsensuppe-mit-curry-und-kurkuma-4er-pack-4-x-355-ml\" \/>\n<meta property=\"og:locale\" content=\"de_DE\" \/>\n<meta property=\"og:type\" content=\"article\" \/>\n<meta property=\"og:title\" content=\"Escoffier Bio Linsensuppe mit Curry und Kurkuma, 4er Pack (4 x 355 ml) - Vegan oder Vegetarisch\" \/>\n<meta property=\"og:description\" content=\"Die feine Linse gl\u00e4nzt mit den Partnern Curry und Kurkuma als echte Suppenqueen - Hier trifft Exotik auf Tradition! Soup of the Day: Bio, Vegan, gluten- und laktosefrei, ohne geschmacksverst\u00e4rkende Zusatzsoffe, ohne Konservierungsstoffe. Einfache Anwendung: Inhalt des Glas sch\u00fctteln. Im Wasserbad, Mikrowelle oder Topf erhitzen.\" \/>\n<meta property=\"og:url\" content=\"https:\/\/xn--shop-fr-vegane-und-vegetarische-kost-j0d.de\/?product=escoffier-bio-linsensuppe-mit-curry-und-kurkuma-4er-pack-4-x-355-ml\" \/>\n<meta property=\"og:site_name\" content=\"Vegan oder Vegetarisch\" \/>\n<meta property=\"article:modified_time\" content=\"2023-04-06T16:41:42+00:00\" \/>\n<meta property=\"og:image\" content=\"https:\/\/images-na.ssl-images-amazon.com\/images\/I\/51ehkYDID7L.jpg\" \/>\n\t<meta property=\"og:image:width\" content=\"500\" \/>\n\t<meta property=\"og:image:height\" content=\"500\" \/>\n<meta name=\"twitter:card\" content=\"summary_large_image\" \/>\n<meta name=\"twitter:label1\" content=\"Verfasst von\">\n\t<meta name=\"twitter:data1\" content=\"Swen-Olaf Bender\">\n\t<meta name=\"twitter:label2\" content=\"Gesch\u00e4tzte Lesezeit\">\n\t<meta name=\"twitter:data2\" content=\"1\u00a0Minute\">\n<script type=\"application\/ld+json\" class=\"yoast-schema-graph\">{\"@context\":\"https:\/\/schema.org\",\"@graph\":[{\"@type\":\"WebSite\",\"@id\":\"https:\/\/xn--shop-fr-vegane-und-vegetarische-kost-j0d.de\/#website\",\"url\":\"https:\/\/xn--shop-fr-vegane-und-vegetarische-kost-j0d.de\/\",\"name\":\"Vegan oder Vegetarisch\",\"description\":\"Gesund leben, Gesund essen\",\"potentialAction\":[{\"@type\":\"SearchAction\",\"target\":\"https:\/\/xn--shop-fr-vegane-und-vegetarische-kost-j0d.de\/?s={search_term_string}\",\"query-input\":\"required name=search_term_string\"}],\"inLanguage\":\"de\"},{\"@type\":\"ImageObject\",\"@id\":\"https:\/\/xn--shop-fr-vegane-und-vegetarische-kost-j0d.de\/?product=escoffier-bio-linsensuppe-mit-curry-und-kurkuma-4er-pack-4-x-355-ml#primaryimage\",\"inLanguage\":\"de\",\"url\":\"https:\/\/images-na.ssl-images-amazon.com\/images\/I\/51ehkYDID7L.jpg\",\"width\":500,\"height\":500},{\"@type\":\"WebPage\",\"@id\":\"https:\/\/xn--shop-fr-vegane-und-vegetarische-kost-j0d.de\/?product=escoffier-bio-linsensuppe-mit-curry-und-kurkuma-4er-pack-4-x-355-ml#webpage\",\"url\":\"https:\/\/xn--shop-fr-vegane-und-vegetarische-kost-j0d.de\/?product=escoffier-bio-linsensuppe-mit-curry-und-kurkuma-4er-pack-4-x-355-ml\",\"name\":\"Escoffier Bio Linsensuppe mit Curry und Kurkuma, 4er Pack (4 x 355 ml) - Vegan oder Vegetarisch\",\"isPartOf\":{\"@id\":\"https:\/\/xn--shop-fr-vegane-und-vegetarische-kost-j0d.de\/#website\"},\"primaryImageOfPage\":{\"@id\":\"https:\/\/xn--shop-fr-vegane-und-vegetarische-kost-j0d.de\/?product=escoffier-bio-linsensuppe-mit-curry-und-kurkuma-4er-pack-4-x-355-ml#primaryimage\"},\"datePublished\":\"2020-12-30T21:34:14+00:00\",\"dateModified\":\"2023-04-06T16:41:42+00:00\",\"inLanguage\":\"de\",\"potentialAction\":[{\"@type\":\"ReadAction\",\"target\":[\"https:\/\/xn--shop-fr-vegane-und-vegetarische-kost-j0d.de\/?product=escoffier-bio-linsensuppe-mit-curry-und-kurkuma-4er-pack-4-x-355-ml\"]}]}]}<\/script>\n<!-- \/ Yoast SEO Premium plugin. -->","_links":{"self":[{"href":"https:\/\/xn--shop-fr-vegane-und-vegetarische-kost-j0d.de\/index.php?rest_route=\/wp\/v2\/product\/10472"}],"collection":[{"href":"https:\/\/xn--shop-fr-vegane-und-vegetarische-kost-j0d.de\/index.php?rest_route=\/wp\/v2\/product"}],"about":[{"href":"https:\/\/xn--shop-fr-vegane-und-vegetarische-kost-j0d.de\/index.php?rest_route=\/wp\/v2\/types\/product"}],"replies":[{"embeddable":true,"href":"https:\/\/xn--shop-fr-vegane-und-vegetarische-kost-j0d.de\/index.php?rest_route=%2Fwp%2Fv2%2Fcomments&post=10472"}],"wp:featuredmedia":[{"embeddable":true,"href":"https:\/\/xn--shop-fr-vegane-und-vegetarische-kost-j0d.de\/index.php?rest_route=\/wp\/v2\/media\/10473"}],"wp:attachment":[{"href":"https:\/\/xn--shop-fr-vegane-und-vegetarische-kost-j0d.de\/index.php?rest_route=%2Fwp%2Fv2%2Fmedia&parent=10472"}],"wp:term":[{"taxonomy":"product_cat","embeddable":true,"href":"https:\/\/xn--shop-fr-vegane-und-vegetarische-kost-j0d.de\/index.php?rest_route=%2Fwp%2Fv2%2Fproduct_cat&post=10472"},{"taxonomy":"product_tag","embeddable":true,"href":"https:\/\/xn--shop-fr-vegane-und-vegetarische-kost-j0d.de\/index.php?rest_route=%2Fwp%2Fv2%2Fproduct_tag&post=10472"}],"curies":[{"name":"wp","href":"https:\/\/api.w.org\/{rel}","templated":true}]}}