{"id":10456,"date":"2020-12-30T21:34:08","date_gmt":"2020-12-30T21:34:08","guid":{"rendered":"https:\/\/xn--shop-fr-vegane-und-vegetarische-kost-j0d.de\/?product=uncle-bens-express-reis-griechisch-6-packungen-6-x-250g"},"modified":"2023-04-06T18:41:42","modified_gmt":"2023-04-06T16:41:42","slug":"uncle-bens-express-reis-griechisch-6-packungen-6-x-250g","status":"publish","type":"product","link":"https:\/\/xn--shop-fr-vegane-und-vegetarische-kost-j0d.de\/?product=uncle-bens-express-reis-griechisch-6-packungen-6-x-250g","title":{"rendered":"Ben&#8217;s Original Express-Reis Griechisch, 6 Packungen (6 x 250g)"},"content":{"rendered":"<div class=\"disclaim\"> Geschmack:<strong>Griechisch<\/strong> <\/div>\n<p> <!-- show up to 2 reviews by default --> <\/p>\n<h3>Produktbeschreibung<\/h3>\n<p>Uncle Ben\u2019s glaubt an den Wert von gemeinsamen Mahlzeiten mit der Familie. Mit Uncle Ben&#8217;s Reis gelingen k\u00f6stliche, vollwertige Rezepte, die jederzeit genie\u00dfbar sind. Warum nicht auch einmal den Reis mit dem Lieblingsgem\u00fcse der Familie aufpeppen \u2013 oder einfach mit Karotten oder Chili verfeinern? Leckerer Tomatenreis, verfeinert mit Gem\u00fcse und griechischen Gew\u00fcrzen. Passt perfekt auf einen Gyrosteller. <\/p>\n<h3>Inhaltsstoffe \/ Zutaten<\/h3>\n<p>Zutaten: Dampfgegarter Spitzen-Langkorn-Reis (71%), Tomaten (18%), rote Paprika (3.7%), Sonnenblumen\u00f6l, Erbsen (1.9%), gr\u00fcne Paprika (1.7%), Karotten, Zitronensaft, nat\u00fcrliches Aroma (enth\u00e4lt SELLERIE), Tomatenpulver (0.5%), Gew\u00fcrze, Salz, Zwiebelpulver, Kr\u00e4uter (0.2%) (Petersilie, Thymian, Oregano), Knoblauch, Gew\u00fcrzextrakt. <\/p>\n<div data-a-expander-name=\"toggle_description\" class=\"a-row a-expander-container a-expander-extend-container\">\n<div class=\"a-expander-content a-expander-extend-content\">\n<h3>Gebrauchsanweisung<\/h3>\n<\/p>\n<ul>\n<li>Gelingt immer&#8230; In der Mikrowelle (700W)&#8230; Um den Reis zu lockern, Beutel etwas kneten. Beutel 2 cm einrei\u00dfen. 2 Minuten erhitzen &#8211; Fertig! Den Reis umr\u00fchren, f\u00fcr das perfekte Ergebnis.<\/li>\n<li>Im Topf\u2026 Um den Reis zu lockern, Beutel etwas kneten. 30 ml Wasser (ca. 2 EL) erhitzen. Reis hinzugeben, zudecken und 3 Min. k\u00f6cheln lassen. Den Reis umr\u00fchren, f\u00fcr das perfekte Ergebnis.<\/li>\n<\/ul>\n<h3>Rechtliche Hinweise<\/h3>\n<p>Amazon.de ist nicht Hersteller der auf dieser Internetseite angebotenen Waren, es sei denn, dies wird ausdr\u00fccklich angegeben. Die Produktverpackung und zugeh\u00f6rigen Dokumente enthalten m\u00f6glicherweise Angaben, die \u00fcber die auf unserer Internetseite gemachten Angaben hinausgehen und\/oder sich von ihnen unterscheiden. Wir empfehlen Ihnen daher, sich nicht allein auf die Angaben zu verlassen, die auf unserer Internetseite angezeigt werden, sondern sich vor Gebrauch der Ware stets auch sorgf\u00e4ltig die Etiketten, Warnhinweise und Anleitungen durchzulesen, die mit der Ware geliefert werden. Bitte nehmen Sie nachfolgend auch <a href=\"#legal-disclaimer\">unseren vollst\u00e4ndigen Haftungsausschluss zur Kenntnis<\/a>. <\/p>\n<h3>Anschrift Hersteller\/Importeur<\/h3>\n<p>Postfach 1280, 27281 Verden (Aller) <\/p>\n<\/p><\/div>\n<p> <a href=\"void(0)\" data-action=\"a-expander-toggle\" class=\"a-expander-header a-declarative a-expander-extend-header\" data-a-expander-toggle=\"{\"><i class=\"a-icon a-icon-extender-expand\"><\/i><span class=\"a-expander-prompt\">Mehr<\/span><\/a> <\/div>\n<p>Uncle Ben&#8217;s Qualit\u00e4t: Leckerer griechischer Tomatenreis, verfeinert mit Gem\u00fcse und griechischen Gew\u00fcrzen und ist g\u00e4nzlich ohne k\u00fcnstliche Konservierungs-, Farb- und Aromastoffe<br \/>\nZubereitung: Uncle Ben&#8217;s Express Reis kann einfach und bequem in 2 Minuten in der Mikrowelle oder mit Wasser in 3 Minuten in der Pfanne erhitzt werden<br \/>\nJederzeit Genie\u00dfen: Uncle Ben\u2019s glaubt an den Wert von gemeinsamen Mahlzeiten mit der Familie &#8211; mit Uncle Ben&#8217;s Reis gelingen k\u00f6stliche, vollwertige Gerichte, die jederzeit genie\u00dfbar sind<br \/>\nExpressreis Entdecken: In vielen weiteren Sorten erh\u00e4ltlich &#8211; Ungew\u00fcrzte Reissorten wie Basmati oder Basmati &amp; Jasmin oder gew\u00fcrzte Reissorten wie Mediterran, Griechisch, Mexikanisch<br \/>\nLieferumfang: 6 x 250g Packung<br \/>\n<div class=\"main-cross-sell\" data-asin=\"B003S3RQ1W\">\n\n\t<div class=\"WooZone-cross-sell-loader\">\n\t\t<div>\n\t\t\t<div id=\"floatingBarsG\">\n\t\t\t\t<div class=\"blockG\" id=\"rotateG_01\"><\/div>\n\t\t\t\t<div class=\"blockG\" id=\"rotateG_02\"><\/div>\n\t\t\t\t<div class=\"blockG\" id=\"rotateG_03\"><\/div>\n\t\t\t\t<div class=\"blockG\" id=\"rotateG_04\"><\/div>\n\t\t\t\t<div class=\"blockG\" id=\"rotateG_05\"><\/div>\n\t\t\t\t<div class=\"blockG\" id=\"rotateG_06\"><\/div>\n\t\t\t\t<div class=\"blockG\" id=\"rotateG_07\"><\/div>\n\t\t\t\t<div class=\"blockG\" id=\"rotateG_08\"><\/div>\n\t\t\t<\/div>\n\t\t\t<div class=\"WooZone-cross-sell-loader-text\"><\/div>\n\t\t<\/div>\n\t<\/div>\n\n\t\t\n<\/div>\n<div style=\"clear:both;\"><\/div>\n","protected":false},"excerpt":{"rendered":"<p>Uncle Ben&#8217;s Qualit\u00e4t: Leckerer griechischer Tomatenreis, verfeinert mit Gem\u00fcse und griechischen Gew\u00fcrzen und ist g\u00e4nzlich ohne k\u00fcnstliche Konservierungs-, Farb- und Aromastoffe<br \/>\nZubereitung: Uncle Ben&#8217;s Express Reis kann einfach und bequem in 2 Minuten in der Mikrowelle oder mit Wasser in 3 Minuten in der Pfanne erhitzt werden<br \/>\nJederzeit Genie\u00dfen: Uncle Ben\u2019s glaubt an den Wert von gemeinsamen Mahlzeiten mit der Familie &#8211; mit Uncle Ben&#8217;s Reis gelingen k\u00f6stliche, vollwertige Gerichte, die jederzeit genie\u00dfbar sind<\/p>\n","protected":false},"featured_media":10457,"comment_status":"open","ping_status":"closed","template":"","meta":[],"product_cat":[4146,132],"product_tag":[],"yoast_head":"<!-- This site is optimized with the Yoast SEO Premium plugin v15.4 - https:\/\/yoast.com\/wordpress\/plugins\/seo\/ -->\n<title>Ben&#039;s Original Express-Reis Griechisch, 6 Packungen (6 x 250g) - Vegan oder Vegetarisch<\/title>\n<meta name=\"robots\" content=\"index, follow, max-snippet:-1, max-image-preview:large, max-video-preview:-1\" \/>\n<link rel=\"canonical\" href=\"https:\/\/xn--shop-fr-vegane-und-vegetarische-kost-j0d.de\/?product=uncle-bens-express-reis-griechisch-6-packungen-6-x-250g\" \/>\n<meta property=\"og:locale\" content=\"de_DE\" \/>\n<meta property=\"og:type\" content=\"article\" \/>\n<meta property=\"og:title\" content=\"Ben&#039;s Original Express-Reis Griechisch, 6 Packungen (6 x 250g) - Vegan oder Vegetarisch\" \/>\n<meta property=\"og:description\" content=\"Uncle Ben&#039;s Qualit\u00e4t: Leckerer griechischer Tomatenreis, verfeinert mit Gem\u00fcse und griechischen Gew\u00fcrzen und ist g\u00e4nzlich ohne k\u00fcnstliche Konservierungs-, Farb- und Aromastoffe Zubereitung: Uncle Ben&#039;s Express Reis kann einfach und bequem in 2 Minuten in der Mikrowelle oder mit Wasser in 3 Minuten in der Pfanne erhitzt werden Jederzeit Genie\u00dfen: Uncle Ben\u2019s glaubt an den Wert von gemeinsamen Mahlzeiten mit der Familie - mit Uncle Ben&#039;s Reis gelingen k\u00f6stliche, vollwertige Gerichte, die jederzeit genie\u00dfbar sind\" \/>\n<meta property=\"og:url\" content=\"https:\/\/xn--shop-fr-vegane-und-vegetarische-kost-j0d.de\/?product=uncle-bens-express-reis-griechisch-6-packungen-6-x-250g\" \/>\n<meta property=\"og:site_name\" content=\"Vegan oder Vegetarisch\" \/>\n<meta property=\"article:modified_time\" content=\"2023-04-06T16:41:42+00:00\" \/>\n<meta property=\"og:image\" content=\"https:\/\/images-na.ssl-images-amazon.com\/images\/I\/5143nbJsprL.jpg\" \/>\n\t<meta property=\"og:image:width\" content=\"500\" \/>\n\t<meta property=\"og:image:height\" content=\"500\" \/>\n<meta name=\"twitter:card\" content=\"summary_large_image\" \/>\n<meta name=\"twitter:label1\" content=\"Verfasst von\">\n\t<meta name=\"twitter:data1\" content=\"Swen-Olaf Bender\">\n\t<meta name=\"twitter:label2\" content=\"Gesch\u00e4tzte Lesezeit\">\n\t<meta name=\"twitter:data2\" content=\"2\u00a0Minuten\">\n<script type=\"application\/ld+json\" class=\"yoast-schema-graph\">{\"@context\":\"https:\/\/schema.org\",\"@graph\":[{\"@type\":\"WebSite\",\"@id\":\"https:\/\/xn--shop-fr-vegane-und-vegetarische-kost-j0d.de\/#website\",\"url\":\"https:\/\/xn--shop-fr-vegane-und-vegetarische-kost-j0d.de\/\",\"name\":\"Vegan oder Vegetarisch\",\"description\":\"Gesund leben, Gesund essen\",\"potentialAction\":[{\"@type\":\"SearchAction\",\"target\":\"https:\/\/xn--shop-fr-vegane-und-vegetarische-kost-j0d.de\/?s={search_term_string}\",\"query-input\":\"required name=search_term_string\"}],\"inLanguage\":\"de\"},{\"@type\":\"ImageObject\",\"@id\":\"https:\/\/xn--shop-fr-vegane-und-vegetarische-kost-j0d.de\/?product=uncle-bens-express-reis-griechisch-6-packungen-6-x-250g#primaryimage\",\"inLanguage\":\"de\",\"url\":\"https:\/\/images-na.ssl-images-amazon.com\/images\/I\/5143nbJsprL.jpg\",\"width\":500,\"height\":500},{\"@type\":\"WebPage\",\"@id\":\"https:\/\/xn--shop-fr-vegane-und-vegetarische-kost-j0d.de\/?product=uncle-bens-express-reis-griechisch-6-packungen-6-x-250g#webpage\",\"url\":\"https:\/\/xn--shop-fr-vegane-und-vegetarische-kost-j0d.de\/?product=uncle-bens-express-reis-griechisch-6-packungen-6-x-250g\",\"name\":\"Ben's Original Express-Reis Griechisch, 6 Packungen (6 x 250g) - Vegan oder Vegetarisch\",\"isPartOf\":{\"@id\":\"https:\/\/xn--shop-fr-vegane-und-vegetarische-kost-j0d.de\/#website\"},\"primaryImageOfPage\":{\"@id\":\"https:\/\/xn--shop-fr-vegane-und-vegetarische-kost-j0d.de\/?product=uncle-bens-express-reis-griechisch-6-packungen-6-x-250g#primaryimage\"},\"datePublished\":\"2020-12-30T21:34:08+00:00\",\"dateModified\":\"2023-04-06T16:41:42+00:00\",\"inLanguage\":\"de\",\"potentialAction\":[{\"@type\":\"ReadAction\",\"target\":[\"https:\/\/xn--shop-fr-vegane-und-vegetarische-kost-j0d.de\/?product=uncle-bens-express-reis-griechisch-6-packungen-6-x-250g\"]}]}]}<\/script>\n<!-- \/ Yoast SEO Premium plugin. -->","_links":{"self":[{"href":"https:\/\/xn--shop-fr-vegane-und-vegetarische-kost-j0d.de\/index.php?rest_route=\/wp\/v2\/product\/10456"}],"collection":[{"href":"https:\/\/xn--shop-fr-vegane-und-vegetarische-kost-j0d.de\/index.php?rest_route=\/wp\/v2\/product"}],"about":[{"href":"https:\/\/xn--shop-fr-vegane-und-vegetarische-kost-j0d.de\/index.php?rest_route=\/wp\/v2\/types\/product"}],"replies":[{"embeddable":true,"href":"https:\/\/xn--shop-fr-vegane-und-vegetarische-kost-j0d.de\/index.php?rest_route=%2Fwp%2Fv2%2Fcomments&post=10456"}],"wp:featuredmedia":[{"embeddable":true,"href":"https:\/\/xn--shop-fr-vegane-und-vegetarische-kost-j0d.de\/index.php?rest_route=\/wp\/v2\/media\/10457"}],"wp:attachment":[{"href":"https:\/\/xn--shop-fr-vegane-und-vegetarische-kost-j0d.de\/index.php?rest_route=%2Fwp%2Fv2%2Fmedia&parent=10456"}],"wp:term":[{"taxonomy":"product_cat","embeddable":true,"href":"https:\/\/xn--shop-fr-vegane-und-vegetarische-kost-j0d.de\/index.php?rest_route=%2Fwp%2Fv2%2Fproduct_cat&post=10456"},{"taxonomy":"product_tag","embeddable":true,"href":"https:\/\/xn--shop-fr-vegane-und-vegetarische-kost-j0d.de\/index.php?rest_route=%2Fwp%2Fv2%2Fproduct_tag&post=10456"}],"curies":[{"name":"wp","href":"https:\/\/api.w.org\/{rel}","templated":true}]}}