{"id":10436,"date":"2020-12-30T21:34:01","date_gmt":"2020-12-30T21:34:01","guid":{"rendered":"https:\/\/xn--shop-fr-vegane-und-vegetarische-kost-j0d.de\/?product=endless-spices-mediterrane-gewuerzmischung-italienische-kraeuter-mischung-leckeres-pasta-und-pizza-gewuerz-vegan-vegetarisch-150-g"},"modified":"2023-04-06T18:41:42","modified_gmt":"2023-04-06T16:41:42","slug":"endless-spices-mediterrane-gewuerzmischung-italienische-kraeuter-mischung-leckeres-pasta-und-pizza-gewuerz-vegan-vegetarisch-150-g","status":"publish","type":"product","link":"https:\/\/xn--shop-fr-vegane-und-vegetarische-kost-j0d.de\/?product=endless-spices-mediterrane-gewuerzmischung-italienische-kraeuter-mischung-leckeres-pasta-und-pizza-gewuerz-vegan-vegetarisch-150-g","title":{"rendered":"Endless Spices mediterrane Gew\u00fcrzmischung, italienische Kr\u00e4uter-Mischung, leckeres Pasta- und Pizza-Gew\u00fcrz vegan\u2026"},"content":{"rendered":"<p><!-- show up to 2 reviews by default --> <\/p>\n<p><b>Endless Spices Mediterrane Gew\u00fcrzmischung<\/b><\/p>\n<p>Die Kr\u00e4utermischung von Endless Spices enth\u00e4lt ausschlie\u00dflich nat\u00fcrliche Inhaltsstoffe und eignet sich hervorragend f\u00fcr eine vegane und vegetarische Ern\u00e4hrung, da sie frei von tierischen und sonstigen Zus\u00e4tzen ist.<\/p>\n<p>Durch enthaltene Kr\u00e4uter wie Oregano, Basilikum oder Thymian passt die Gew\u00fcrzmischung ideal zu Klassikern der italienischen K\u00fcche wie Bruschetta, Pizza, Spaghetti Bolognese oder anderen Pasta-Gerichten. Zus\u00e4tzlich kann die Mischung auch f\u00fcr viele weitere Rezeptideen verwendet werden: Ob Ofengem\u00fcse, Schafsk\u00e4se oder als Salat-Gew\u00fcrzmischung &#8211; die veganen Kr\u00e4uter passen zu einer Vielzahl mediterraner Speisen und verleihen diesen die passende W\u00fcrze. Auch einfache, schnelle Gerichte k\u00f6nnen mit der Gew\u00fcrzmischung noch aromatisch verfeinert werden &#8211; f\u00fcr einen leckeren, mediterranen Geschmack.<\/p>\n<p><b>Inhaltsstoffe:<\/b><\/p>\n<p>Tomatenflocken (Tomatenmark. Maisst\u00e4rke), Zwiebeln, Knoblauch, Zucchini, Meersalz, Oregano, Thymian, Pastinaken, Pfeffer, Oliven\u00f6l nativ extra, Basilikum.<\/p>\n<p><b>Produktgewicht<\/b>:<\/p>\n<p>150 g (170 g Inhalt und Verpackung).<\/p>\n<p><b>Ma\u00dfe:<\/b><\/p>\n<p>210 mm x 120 mm x 45 mm. <\/p>\n<p>Mediterrane Kr\u00e4uter: Mit Kr\u00e4utern wie unter anderem Oregano, Thymian, Basilikum und Knoblauch eignet sich die Gew\u00fcrzmischung besonders f\u00fcr mediterrane Speisen wie Pasta, Bruschetta oder Pizza<br \/>\nVegane und vegetarische K\u00fcche: Die Kr\u00e4uter sind f\u00fcr viele vegane und vegetarische Rezepte geeignet und passen somit ideal zu einer veganen Ern\u00e4hrung mit leckerer Geschmacksnote<br \/>\nKreative Rezeptideen: Das Gew\u00fcrz kann f\u00fcr unterschiedliche herzhafte Speisen verwendet werden &#8211; etwa als Gew\u00fcrzmischung zum Grillen, zu Gem\u00fcse oder anderen mediterranen Gerichten<br \/>\nOhne Geschmacksverst\u00e4rker: Die Kr\u00e4utermischung enth\u00e4lt 100 % nat\u00fcrliche Inhaltsstoffe, ist frei von k\u00fcnstlichen Zusatzstoffen und enth\u00e4lt au\u00dferdem keinen zus\u00e4tzlichen Zucker<br \/>\nInhaltsstoffe: Tomatenflocken (Tomatenmark, Maisst\u00e4rke), Zwiebeln, Knoblauch, Zucchini, Meersalz, Oregano, Thymian, Pastinaken, Pfeffer, Oliven\u00f6l nativ extra, Basilikum<br \/>\n<div class=\"main-cross-sell\" data-asin=\"B08NZPCJ4H\">\n\n\t<div class=\"WooZone-cross-sell-loader\">\n\t\t<div>\n\t\t\t<div id=\"floatingBarsG\">\n\t\t\t\t<div class=\"blockG\" id=\"rotateG_01\"><\/div>\n\t\t\t\t<div class=\"blockG\" id=\"rotateG_02\"><\/div>\n\t\t\t\t<div class=\"blockG\" id=\"rotateG_03\"><\/div>\n\t\t\t\t<div class=\"blockG\" id=\"rotateG_04\"><\/div>\n\t\t\t\t<div class=\"blockG\" id=\"rotateG_05\"><\/div>\n\t\t\t\t<div class=\"blockG\" id=\"rotateG_06\"><\/div>\n\t\t\t\t<div class=\"blockG\" id=\"rotateG_07\"><\/div>\n\t\t\t\t<div class=\"blockG\" id=\"rotateG_08\"><\/div>\n\t\t\t<\/div>\n\t\t\t<div class=\"WooZone-cross-sell-loader-text\"><\/div>\n\t\t<\/div>\n\t<\/div>\n\n\t\t\n<\/div>\n<div style=\"clear:both;\"><\/div>\n","protected":false},"excerpt":{"rendered":"<p>Mediterrane Kr\u00e4uter: Mit Kr\u00e4utern wie unter anderem Oregano, Thymian, Basilikum und Knoblauch eignet sich die Gew\u00fcrzmischung besonders f\u00fcr mediterrane Speisen wie Pasta, Bruschetta oder Pizza<br \/>\nVegane und vegetarische K\u00fcche: Die Kr\u00e4uter sind f\u00fcr viele vegane und vegetarische Rezepte geeignet und passen somit ideal zu einer veganen Ern\u00e4hrung mit leckerer Geschmacksnote<br \/>\nKreative Rezeptideen: Das Gew\u00fcrz kann f\u00fcr unterschiedliche herzhafte Speisen verwendet werden &#8211; etwa als Gew\u00fcrzmischung zum Grillen, zu Gem\u00fcse oder anderen mediterranen Gerichten<\/p>\n","protected":false},"featured_media":10437,"comment_status":"open","ping_status":"closed","template":"","meta":[],"product_cat":[4146,132],"product_tag":[],"yoast_head":"<!-- This site is optimized with the Yoast SEO Premium plugin v15.4 - https:\/\/yoast.com\/wordpress\/plugins\/seo\/ -->\n<title>Endless Spices mediterrane Gew\u00fcrzmischung, italienische Kr\u00e4uter-Mischung, leckeres Pasta- und Pizza-Gew\u00fcrz vegan\u2026 - Vegan oder Vegetarisch<\/title>\n<meta name=\"robots\" content=\"index, follow, max-snippet:-1, max-image-preview:large, max-video-preview:-1\" \/>\n<link rel=\"canonical\" href=\"https:\/\/xn--shop-fr-vegane-und-vegetarische-kost-j0d.de\/?product=endless-spices-mediterrane-gewuerzmischung-italienische-kraeuter-mischung-leckeres-pasta-und-pizza-gewuerz-vegan-vegetarisch-150-g\" \/>\n<meta property=\"og:locale\" content=\"de_DE\" \/>\n<meta property=\"og:type\" content=\"article\" \/>\n<meta property=\"og:title\" content=\"Endless Spices mediterrane Gew\u00fcrzmischung, italienische Kr\u00e4uter-Mischung, leckeres Pasta- und Pizza-Gew\u00fcrz vegan\u2026 - Vegan oder Vegetarisch\" \/>\n<meta property=\"og:description\" content=\"Mediterrane Kr\u00e4uter: Mit Kr\u00e4utern wie unter anderem Oregano, Thymian, Basilikum und Knoblauch eignet sich die Gew\u00fcrzmischung besonders f\u00fcr mediterrane Speisen wie Pasta, Bruschetta oder Pizza Vegane und vegetarische K\u00fcche: Die Kr\u00e4uter sind f\u00fcr viele vegane und vegetarische Rezepte geeignet und passen somit ideal zu einer veganen Ern\u00e4hrung mit leckerer Geschmacksnote Kreative Rezeptideen: Das Gew\u00fcrz kann f\u00fcr unterschiedliche herzhafte Speisen verwendet werden - etwa als Gew\u00fcrzmischung zum Grillen, zu Gem\u00fcse oder anderen mediterranen Gerichten\" \/>\n<meta property=\"og:url\" content=\"https:\/\/xn--shop-fr-vegane-und-vegetarische-kost-j0d.de\/?product=endless-spices-mediterrane-gewuerzmischung-italienische-kraeuter-mischung-leckeres-pasta-und-pizza-gewuerz-vegan-vegetarisch-150-g\" \/>\n<meta property=\"og:site_name\" content=\"Vegan oder Vegetarisch\" \/>\n<meta property=\"article:modified_time\" content=\"2023-04-06T16:41:42+00:00\" \/>\n<meta property=\"og:image\" content=\"https:\/\/images-na.ssl-images-amazon.com\/images\/I\/41L2Ic7QnkL.jpg\" \/>\n\t<meta property=\"og:image:width\" content=\"500\" \/>\n\t<meta property=\"og:image:height\" content=\"500\" \/>\n<meta name=\"twitter:card\" content=\"summary_large_image\" \/>\n<meta name=\"twitter:label1\" content=\"Verfasst von\">\n\t<meta name=\"twitter:data1\" content=\"Swen-Olaf Bender\">\n\t<meta name=\"twitter:label2\" content=\"Gesch\u00e4tzte Lesezeit\">\n\t<meta name=\"twitter:data2\" content=\"1\u00a0Minute\">\n<script type=\"application\/ld+json\" class=\"yoast-schema-graph\">{\"@context\":\"https:\/\/schema.org\",\"@graph\":[{\"@type\":\"WebSite\",\"@id\":\"https:\/\/xn--shop-fr-vegane-und-vegetarische-kost-j0d.de\/#website\",\"url\":\"https:\/\/xn--shop-fr-vegane-und-vegetarische-kost-j0d.de\/\",\"name\":\"Vegan oder Vegetarisch\",\"description\":\"Gesund leben, Gesund essen\",\"potentialAction\":[{\"@type\":\"SearchAction\",\"target\":\"https:\/\/xn--shop-fr-vegane-und-vegetarische-kost-j0d.de\/?s={search_term_string}\",\"query-input\":\"required name=search_term_string\"}],\"inLanguage\":\"de\"},{\"@type\":\"ImageObject\",\"@id\":\"https:\/\/xn--shop-fr-vegane-und-vegetarische-kost-j0d.de\/?product=endless-spices-mediterrane-gewuerzmischung-italienische-kraeuter-mischung-leckeres-pasta-und-pizza-gewuerz-vegan-vegetarisch-150-g#primaryimage\",\"inLanguage\":\"de\",\"url\":\"https:\/\/images-na.ssl-images-amazon.com\/images\/I\/41L2Ic7QnkL.jpg\",\"width\":500,\"height\":500},{\"@type\":\"WebPage\",\"@id\":\"https:\/\/xn--shop-fr-vegane-und-vegetarische-kost-j0d.de\/?product=endless-spices-mediterrane-gewuerzmischung-italienische-kraeuter-mischung-leckeres-pasta-und-pizza-gewuerz-vegan-vegetarisch-150-g#webpage\",\"url\":\"https:\/\/xn--shop-fr-vegane-und-vegetarische-kost-j0d.de\/?product=endless-spices-mediterrane-gewuerzmischung-italienische-kraeuter-mischung-leckeres-pasta-und-pizza-gewuerz-vegan-vegetarisch-150-g\",\"name\":\"Endless Spices mediterrane Gew\\u00fcrzmischung, italienische Kr\\u00e4uter-Mischung, leckeres Pasta- und Pizza-Gew\\u00fcrz vegan\\u2026 - Vegan oder Vegetarisch\",\"isPartOf\":{\"@id\":\"https:\/\/xn--shop-fr-vegane-und-vegetarische-kost-j0d.de\/#website\"},\"primaryImageOfPage\":{\"@id\":\"https:\/\/xn--shop-fr-vegane-und-vegetarische-kost-j0d.de\/?product=endless-spices-mediterrane-gewuerzmischung-italienische-kraeuter-mischung-leckeres-pasta-und-pizza-gewuerz-vegan-vegetarisch-150-g#primaryimage\"},\"datePublished\":\"2020-12-30T21:34:01+00:00\",\"dateModified\":\"2023-04-06T16:41:42+00:00\",\"inLanguage\":\"de\",\"potentialAction\":[{\"@type\":\"ReadAction\",\"target\":[\"https:\/\/xn--shop-fr-vegane-und-vegetarische-kost-j0d.de\/?product=endless-spices-mediterrane-gewuerzmischung-italienische-kraeuter-mischung-leckeres-pasta-und-pizza-gewuerz-vegan-vegetarisch-150-g\"]}]}]}<\/script>\n<!-- \/ Yoast SEO Premium plugin. -->","_links":{"self":[{"href":"https:\/\/xn--shop-fr-vegane-und-vegetarische-kost-j0d.de\/index.php?rest_route=\/wp\/v2\/product\/10436"}],"collection":[{"href":"https:\/\/xn--shop-fr-vegane-und-vegetarische-kost-j0d.de\/index.php?rest_route=\/wp\/v2\/product"}],"about":[{"href":"https:\/\/xn--shop-fr-vegane-und-vegetarische-kost-j0d.de\/index.php?rest_route=\/wp\/v2\/types\/product"}],"replies":[{"embeddable":true,"href":"https:\/\/xn--shop-fr-vegane-und-vegetarische-kost-j0d.de\/index.php?rest_route=%2Fwp%2Fv2%2Fcomments&post=10436"}],"wp:featuredmedia":[{"embeddable":true,"href":"https:\/\/xn--shop-fr-vegane-und-vegetarische-kost-j0d.de\/index.php?rest_route=\/wp\/v2\/media\/10437"}],"wp:attachment":[{"href":"https:\/\/xn--shop-fr-vegane-und-vegetarische-kost-j0d.de\/index.php?rest_route=%2Fwp%2Fv2%2Fmedia&parent=10436"}],"wp:term":[{"taxonomy":"product_cat","embeddable":true,"href":"https:\/\/xn--shop-fr-vegane-und-vegetarische-kost-j0d.de\/index.php?rest_route=%2Fwp%2Fv2%2Fproduct_cat&post=10436"},{"taxonomy":"product_tag","embeddable":true,"href":"https:\/\/xn--shop-fr-vegane-und-vegetarische-kost-j0d.de\/index.php?rest_route=%2Fwp%2Fv2%2Fproduct_tag&post=10436"}],"curies":[{"name":"wp","href":"https:\/\/api.w.org\/{rel}","templated":true}]}}