{"id":10424,"date":"2020-12-30T21:33:56","date_gmt":"2020-12-30T21:33:56","guid":{"rendered":"https:\/\/xn--shop-fr-vegane-und-vegetarische-kost-j0d.de\/?product=azafran-bio-petersilie-getrocknet-und-gerebelt-250g"},"modified":"2023-04-06T18:41:42","modified_gmt":"2023-04-06T16:41:42","slug":"azafran-bio-petersilie-getrocknet-und-gerebelt-250g","status":"publish","type":"product","link":"https:\/\/xn--shop-fr-vegane-und-vegetarische-kost-j0d.de\/?product=azafran-bio-petersilie-getrocknet-und-gerebelt-250g","title":{"rendered":"Azafran BIO Petersilie getrocknet und gerebelt 250g"},"content":{"rendered":"<div class=\"disclaim\"> Gr\u00f6\u00dfe:<strong>250 g<\/strong> <\/div>\n<p> <!-- show up to 2 reviews by default --> <\/p>\n<h3>Produktbeschreibungen<\/h3>\n<\/p>\n<p><b>BIO Petersilie getrocknet und gerebelt (parsley)<\/b><\/p>\n<p>Die Bio Petersilie stammt aus kontrolliertem \u00f6kologischen Anbau in Holland, \u00d6sterreich, Deutschland oder Ungern. Sie zeichnet sich durch Ihre Farbe aus, welche ihren einheimischen Rezepten eine optisch sch\u00f6ne Note verleihen wird.<\/p>\n<p>Ideal zum Anrichten, in Salatkr\u00e4utern oder auch an Gem\u00fcse oder Dips.<\/p>\n<p>Bio Kontrollstelle: DE-\u00d6KO-009<\/p>\n<\/p>\n<h3>Inhaltsstoffe \/ Zutaten<\/h3>\n<p>Petersilie <\/p>\n<div data-a-expander-name=\"toggle_description\" class=\"a-row a-expander-container a-expander-extend-container\">\n<div class=\"a-expander-content a-expander-extend-content\">\n<h3>Gebrauchsanweisung<\/h3>\n<p>Kann Spuren von SENF, SELLERIE, SESAM und N\u00dcSSEN enthalten. <\/p>\n<\/p><\/div>\n<p> <a href=\"void(0)\" data-action=\"a-expander-toggle\" class=\"a-expander-header a-declarative a-expander-extend-header\" data-a-expander-toggle=\"{\"><i class=\"a-icon a-icon-extender-expand\"><\/i><span class=\"a-expander-prompt\">Mehr<\/span><\/a> <\/div>\n<p>BIO Petersilie getrocknet und gerebelt (parsley) als Gew\u00fcrz (250 Gramm).<br \/>\nDie Bio Petersilie stammt aus kontrolliertem \u00f6kologischen Anbau in Holland, \u00d6sterreich, Deutschland oder Ungern. Sie zeichnet sich durch Ihre Farbe aus, welche ihren einheimischen Rezepten eine optisch sch\u00f6ne Note verleihen wird.<br \/>\nIm wiederverschlie\u00dfbaren Aromabeutel a 250g verpackt!<br \/>\nOhne Zusatz von Geschmacksverst\u00e4rkern und k\u00fcnstlichen Aromen, unbestrahlt, im Labor getestet<br \/>\nKontrollstelle: DE-\u00d6KO-009<br \/>\n<div class=\"main-cross-sell\" data-asin=\"B08M3V56QZ\">\n\n\t<div class=\"WooZone-cross-sell-loader\">\n\t\t<div>\n\t\t\t<div id=\"floatingBarsG\">\n\t\t\t\t<div class=\"blockG\" id=\"rotateG_01\"><\/div>\n\t\t\t\t<div class=\"blockG\" id=\"rotateG_02\"><\/div>\n\t\t\t\t<div class=\"blockG\" id=\"rotateG_03\"><\/div>\n\t\t\t\t<div class=\"blockG\" id=\"rotateG_04\"><\/div>\n\t\t\t\t<div class=\"blockG\" id=\"rotateG_05\"><\/div>\n\t\t\t\t<div class=\"blockG\" id=\"rotateG_06\"><\/div>\n\t\t\t\t<div class=\"blockG\" id=\"rotateG_07\"><\/div>\n\t\t\t\t<div class=\"blockG\" id=\"rotateG_08\"><\/div>\n\t\t\t<\/div>\n\t\t\t<div class=\"WooZone-cross-sell-loader-text\"><\/div>\n\t\t<\/div>\n\t<\/div>\n\n\t\t\n<\/div>\n<div style=\"clear:both;\"><\/div>\n","protected":false},"excerpt":{"rendered":"<p>BIO Petersilie getrocknet und gerebelt (parsley) als Gew\u00fcrz (250 Gramm).<br \/>\nDie Bio Petersilie stammt aus kontrolliertem \u00f6kologischen Anbau in Holland, \u00d6sterreich, Deutschland oder Ungern. Sie zeichnet sich durch Ihre Farbe aus, welche ihren einheimischen Rezepten eine optisch sch\u00f6ne Note verleihen wird.<br \/>\nIm wiederverschlie\u00dfbaren Aromabeutel a 250g verpackt!<\/p>\n","protected":false},"featured_media":10425,"comment_status":"open","ping_status":"closed","template":"","meta":[],"product_cat":[4146,132],"product_tag":[],"yoast_head":"<!-- This site is optimized with the Yoast SEO Premium plugin v15.4 - https:\/\/yoast.com\/wordpress\/plugins\/seo\/ -->\n<title>Azafran BIO Petersilie getrocknet und gerebelt 250g - Vegan oder Vegetarisch<\/title>\n<meta name=\"robots\" content=\"index, follow, max-snippet:-1, max-image-preview:large, max-video-preview:-1\" \/>\n<link rel=\"canonical\" href=\"https:\/\/xn--shop-fr-vegane-und-vegetarische-kost-j0d.de\/?product=azafran-bio-petersilie-getrocknet-und-gerebelt-250g\" \/>\n<meta property=\"og:locale\" content=\"de_DE\" \/>\n<meta property=\"og:type\" content=\"article\" \/>\n<meta property=\"og:title\" content=\"Azafran BIO Petersilie getrocknet und gerebelt 250g - Vegan oder Vegetarisch\" \/>\n<meta property=\"og:description\" content=\"BIO Petersilie getrocknet und gerebelt (parsley) als Gew\u00fcrz (250 Gramm). Die Bio Petersilie stammt aus kontrolliertem \u00f6kologischen Anbau in Holland, \u00d6sterreich, Deutschland oder Ungern. Sie zeichnet sich durch Ihre Farbe aus, welche ihren einheimischen Rezepten eine optisch sch\u00f6ne Note verleihen wird. Im wiederverschlie\u00dfbaren Aromabeutel a 250g verpackt!\" \/>\n<meta property=\"og:url\" content=\"https:\/\/xn--shop-fr-vegane-und-vegetarische-kost-j0d.de\/?product=azafran-bio-petersilie-getrocknet-und-gerebelt-250g\" \/>\n<meta property=\"og:site_name\" content=\"Vegan oder Vegetarisch\" \/>\n<meta property=\"article:modified_time\" content=\"2023-04-06T16:41:42+00:00\" \/>\n<meta property=\"og:image\" content=\"https:\/\/images-na.ssl-images-amazon.com\/images\/I\/41JYQhUZLuL.jpg\" \/>\n\t<meta property=\"og:image:width\" content=\"500\" \/>\n\t<meta property=\"og:image:height\" content=\"500\" \/>\n<meta name=\"twitter:card\" content=\"summary_large_image\" \/>\n<meta name=\"twitter:label1\" content=\"Verfasst von\">\n\t<meta name=\"twitter:data1\" content=\"Swen-Olaf Bender\">\n\t<meta name=\"twitter:label2\" content=\"Gesch\u00e4tzte Lesezeit\">\n\t<meta name=\"twitter:data2\" content=\"1\u00a0Minute\">\n<script type=\"application\/ld+json\" class=\"yoast-schema-graph\">{\"@context\":\"https:\/\/schema.org\",\"@graph\":[{\"@type\":\"WebSite\",\"@id\":\"https:\/\/xn--shop-fr-vegane-und-vegetarische-kost-j0d.de\/#website\",\"url\":\"https:\/\/xn--shop-fr-vegane-und-vegetarische-kost-j0d.de\/\",\"name\":\"Vegan oder Vegetarisch\",\"description\":\"Gesund leben, Gesund essen\",\"potentialAction\":[{\"@type\":\"SearchAction\",\"target\":\"https:\/\/xn--shop-fr-vegane-und-vegetarische-kost-j0d.de\/?s={search_term_string}\",\"query-input\":\"required name=search_term_string\"}],\"inLanguage\":\"de\"},{\"@type\":\"ImageObject\",\"@id\":\"https:\/\/xn--shop-fr-vegane-und-vegetarische-kost-j0d.de\/?product=azafran-bio-petersilie-getrocknet-und-gerebelt-250g#primaryimage\",\"inLanguage\":\"de\",\"url\":\"https:\/\/images-na.ssl-images-amazon.com\/images\/I\/41JYQhUZLuL.jpg\",\"width\":500,\"height\":500},{\"@type\":\"WebPage\",\"@id\":\"https:\/\/xn--shop-fr-vegane-und-vegetarische-kost-j0d.de\/?product=azafran-bio-petersilie-getrocknet-und-gerebelt-250g#webpage\",\"url\":\"https:\/\/xn--shop-fr-vegane-und-vegetarische-kost-j0d.de\/?product=azafran-bio-petersilie-getrocknet-und-gerebelt-250g\",\"name\":\"Azafran BIO Petersilie getrocknet und gerebelt 250g - Vegan oder Vegetarisch\",\"isPartOf\":{\"@id\":\"https:\/\/xn--shop-fr-vegane-und-vegetarische-kost-j0d.de\/#website\"},\"primaryImageOfPage\":{\"@id\":\"https:\/\/xn--shop-fr-vegane-und-vegetarische-kost-j0d.de\/?product=azafran-bio-petersilie-getrocknet-und-gerebelt-250g#primaryimage\"},\"datePublished\":\"2020-12-30T21:33:56+00:00\",\"dateModified\":\"2023-04-06T16:41:42+00:00\",\"inLanguage\":\"de\",\"potentialAction\":[{\"@type\":\"ReadAction\",\"target\":[\"https:\/\/xn--shop-fr-vegane-und-vegetarische-kost-j0d.de\/?product=azafran-bio-petersilie-getrocknet-und-gerebelt-250g\"]}]}]}<\/script>\n<!-- \/ Yoast SEO Premium plugin. -->","_links":{"self":[{"href":"https:\/\/xn--shop-fr-vegane-und-vegetarische-kost-j0d.de\/index.php?rest_route=\/wp\/v2\/product\/10424"}],"collection":[{"href":"https:\/\/xn--shop-fr-vegane-und-vegetarische-kost-j0d.de\/index.php?rest_route=\/wp\/v2\/product"}],"about":[{"href":"https:\/\/xn--shop-fr-vegane-und-vegetarische-kost-j0d.de\/index.php?rest_route=\/wp\/v2\/types\/product"}],"replies":[{"embeddable":true,"href":"https:\/\/xn--shop-fr-vegane-und-vegetarische-kost-j0d.de\/index.php?rest_route=%2Fwp%2Fv2%2Fcomments&post=10424"}],"wp:featuredmedia":[{"embeddable":true,"href":"https:\/\/xn--shop-fr-vegane-und-vegetarische-kost-j0d.de\/index.php?rest_route=\/wp\/v2\/media\/10425"}],"wp:attachment":[{"href":"https:\/\/xn--shop-fr-vegane-und-vegetarische-kost-j0d.de\/index.php?rest_route=%2Fwp%2Fv2%2Fmedia&parent=10424"}],"wp:term":[{"taxonomy":"product_cat","embeddable":true,"href":"https:\/\/xn--shop-fr-vegane-und-vegetarische-kost-j0d.de\/index.php?rest_route=%2Fwp%2Fv2%2Fproduct_cat&post=10424"},{"taxonomy":"product_tag","embeddable":true,"href":"https:\/\/xn--shop-fr-vegane-und-vegetarische-kost-j0d.de\/index.php?rest_route=%2Fwp%2Fv2%2Fproduct_tag&post=10424"}],"curies":[{"name":"wp","href":"https:\/\/api.w.org\/{rel}","templated":true}]}}