{"id":10416,"date":"2020-12-30T21:33:52","date_gmt":"2020-12-30T21:33:52","guid":{"rendered":"https:\/\/xn--shop-fr-vegane-und-vegetarische-kost-j0d.de\/?product=kreuzerhof-protein-pasta-vegane-nudeln-im-6er-pack-6x250g"},"modified":"2023-04-06T18:41:42","modified_gmt":"2023-04-06T16:41:42","slug":"kreuzerhof-protein-pasta-vegane-nudeln-im-6er-pack-6x250g","status":"publish","type":"product","link":"https:\/\/xn--shop-fr-vegane-und-vegetarische-kost-j0d.de\/?product=kreuzerhof-protein-pasta-vegane-nudeln-im-6er-pack-6x250g","title":{"rendered":"Kreuzerhof Protein Pasta &#8211; vegane Nudeln im 6er Pack (6x250g)"},"content":{"rendered":"<p><!-- show up to 2 reviews by default --> <\/p>\n<h3>Produktbeschreibungen<\/h3>\n<\/p>\n<p><strong>Protein Nudeln \u2013 vegane Pasta im 6er Pack<\/strong><\/p>\n<p>Die Kreuzerhof Eiwei\u00dfnudeln sind ideal f\u00fcr alle Fitness- und Sportbegeisterte, die sich <strong>eiwei\u00dfreich und kohlenhydratarm ern\u00e4hren<\/strong> wollen, ohne dabei auf leckere Pasta zu verzichten. Wenig Kohlenhydrate, reich an Eiwei\u00df, 100 % nat\u00fcrlich &#8211; <strong>hochwertige Proteinnudeln<\/strong>, die dem Geschmack normaler Nudeln sehr nahekommen. Mit diesen leckeren Protein Nudeln ist Pasta essen auch abends ein purer Genuss ohne schlechtes Gewissen. <\/p>\n<p><strong>Nudeln vegan und vegetarisch<\/strong><\/p>\n<p>Die Pasta besteht ausschlie\u00dflich aus pflanzlichen Zutaten wie Weizeneiwei\u00df, Erbsenprotein, Hartweizengrie\u00df und Leinmehl. Hervorragend geeignet f\u00fcr Menschen, die sich <strong>vegan<\/strong> und <strong>vegetarisch<\/strong> ern\u00e4hren. <\/p>\n<p><strong>Zubereitung Protein-Pasta<\/strong><\/p>\n<p>Die Kochzeit betr\u00e4gt ca. 15 \u2013 17 Minuten. Die Eiweissnudeln in einen Topf mit kochendem Salzwasser geben. Die Nudeln k\u00f6cheln lassen, bis sie bissfest sind bzw. nach Belieben. Die Nudeln eignen sich als eiwei\u00dfreiche Beilage, als reine Pasta z.B. mit Pesto oder einer Tomaten-Basilikum-So\u00dfe. Je nach Belieben und Geschmacksrichtung l\u00e4sst sich die Pasta mit Kr\u00e4utern und Gew\u00fcrzen verfeinern. Nudelsalat? Ja, klar, auch eine Variante einer kohlenhydratarmen Mahlzeit. <\/p>\n<p>Der Hersteller achtet bei seinen Teigwarenerzeugnissen stets auf hochwertige, gentechnikfreie Zutaten. Die Protein Nudeln werden schonend getrocknet, um die nat\u00fcrliche Farbe und Form beizubehalten. Kreuzerhof-Nudeln werden in einem Traditionsbetrieb produziert, der den h\u00f6chsten Qualit\u00e4tsanforderung entspricht.<\/p>\n<\/p>\n<h3>Inhaltsstoffe \/ Zutaten<\/h3>\n<p>WEIZENeiweiss, ERBSENprotein, HARTWEIZENgriess, Leinmehl <\/p>\n<div data-a-expander-name=\"toggle_description\" class=\"a-row a-expander-container a-expander-extend-container\">\n<div class=\"a-expander-content a-expander-extend-content\">\n<h3>Gebrauchsanweisung<\/h3>\n<p>Zum Kochen und Backen <\/p>\n<\/p><\/div>\n<p> <a href=\"void(0)\" data-action=\"a-expander-toggle\" class=\"a-expander-header a-declarative a-expander-extend-header\" data-a-expander-toggle=\"{\"><i class=\"a-icon a-icon-extender-expand\"><\/i><span class=\"a-expander-prompt\">Mehr<\/span><\/a> <\/div>\n<p>Protein Nudeln mit hohem EIWEISSGEHALT 65 g auf 100 g (ungekocht)<br \/>\nBandnudel 8 mm mit NUR 15 g KOHLENHYDRATE auf 100 g (ungekocht)<br \/>\nF\u00fcr VEGANE, VEGETARISCHE und bewusste Ern\u00e4hrung geeignet<br \/>\nGESCHMACK: Echt lecker \u2013 geschmacklich sehr nah an der echten Nudel &#8211; keine \u201eGummi-Pasta\u201c!<br \/>\nNudel-Qualit\u00e4t vom Kreuzerhof, hergestellt im Traditionsbetrieb.<br \/>\n<div class=\"main-cross-sell\" data-asin=\"B07CTG5FFN\">\n\n\t<div class=\"WooZone-cross-sell-loader\">\n\t\t<div>\n\t\t\t<div id=\"floatingBarsG\">\n\t\t\t\t<div class=\"blockG\" id=\"rotateG_01\"><\/div>\n\t\t\t\t<div class=\"blockG\" id=\"rotateG_02\"><\/div>\n\t\t\t\t<div class=\"blockG\" id=\"rotateG_03\"><\/div>\n\t\t\t\t<div class=\"blockG\" id=\"rotateG_04\"><\/div>\n\t\t\t\t<div class=\"blockG\" id=\"rotateG_05\"><\/div>\n\t\t\t\t<div class=\"blockG\" id=\"rotateG_06\"><\/div>\n\t\t\t\t<div class=\"blockG\" id=\"rotateG_07\"><\/div>\n\t\t\t\t<div class=\"blockG\" id=\"rotateG_08\"><\/div>\n\t\t\t<\/div>\n\t\t\t<div class=\"WooZone-cross-sell-loader-text\"><\/div>\n\t\t<\/div>\n\t<\/div>\n\n\t\t\n<\/div>\n<div style=\"clear:both;\"><\/div>\n","protected":false},"excerpt":{"rendered":"<p>Protein Nudeln mit hohem EIWEISSGEHALT 65 g auf 100 g (ungekocht)<br \/>\nBandnudel 8 mm mit NUR 15 g KOHLENHYDRATE auf 100 g (ungekocht)<br \/>\nF\u00fcr VEGANE, VEGETARISCHE und bewusste Ern\u00e4hrung geeignet<\/p>\n","protected":false},"featured_media":10417,"comment_status":"open","ping_status":"closed","template":"","meta":[],"product_cat":[4146,132],"product_tag":[],"yoast_head":"<!-- This site is optimized with the Yoast SEO Premium plugin v15.4 - https:\/\/yoast.com\/wordpress\/plugins\/seo\/ -->\n<title>Kreuzerhof Protein Pasta - vegane Nudeln im 6er Pack (6x250g) - Vegan oder Vegetarisch<\/title>\n<meta name=\"robots\" content=\"index, follow, max-snippet:-1, max-image-preview:large, max-video-preview:-1\" \/>\n<link rel=\"canonical\" href=\"https:\/\/xn--shop-fr-vegane-und-vegetarische-kost-j0d.de\/?product=kreuzerhof-protein-pasta-vegane-nudeln-im-6er-pack-6x250g\" \/>\n<meta property=\"og:locale\" content=\"de_DE\" \/>\n<meta property=\"og:type\" content=\"article\" \/>\n<meta property=\"og:title\" content=\"Kreuzerhof Protein Pasta - vegane Nudeln im 6er Pack (6x250g) - Vegan oder Vegetarisch\" \/>\n<meta property=\"og:description\" content=\"Protein Nudeln mit hohem EIWEISSGEHALT 65 g auf 100 g (ungekocht) Bandnudel 8 mm mit NUR 15 g KOHLENHYDRATE auf 100 g (ungekocht) F\u00fcr VEGANE, VEGETARISCHE und bewusste Ern\u00e4hrung geeignet\" \/>\n<meta property=\"og:url\" content=\"https:\/\/xn--shop-fr-vegane-und-vegetarische-kost-j0d.de\/?product=kreuzerhof-protein-pasta-vegane-nudeln-im-6er-pack-6x250g\" \/>\n<meta property=\"og:site_name\" content=\"Vegan oder Vegetarisch\" \/>\n<meta property=\"article:modified_time\" content=\"2023-04-06T16:41:42+00:00\" \/>\n<meta property=\"og:image\" content=\"https:\/\/images-na.ssl-images-amazon.com\/images\/I\/51jmqrmRIDL.jpg\" \/>\n\t<meta property=\"og:image:width\" content=\"500\" \/>\n\t<meta property=\"og:image:height\" content=\"500\" \/>\n<meta name=\"twitter:card\" content=\"summary_large_image\" \/>\n<meta name=\"twitter:label1\" content=\"Verfasst von\">\n\t<meta name=\"twitter:data1\" content=\"Swen-Olaf Bender\">\n\t<meta name=\"twitter:label2\" content=\"Gesch\u00e4tzte Lesezeit\">\n\t<meta name=\"twitter:data2\" content=\"1\u00a0Minute\">\n<script type=\"application\/ld+json\" class=\"yoast-schema-graph\">{\"@context\":\"https:\/\/schema.org\",\"@graph\":[{\"@type\":\"WebSite\",\"@id\":\"https:\/\/xn--shop-fr-vegane-und-vegetarische-kost-j0d.de\/#website\",\"url\":\"https:\/\/xn--shop-fr-vegane-und-vegetarische-kost-j0d.de\/\",\"name\":\"Vegan oder Vegetarisch\",\"description\":\"Gesund leben, Gesund essen\",\"potentialAction\":[{\"@type\":\"SearchAction\",\"target\":\"https:\/\/xn--shop-fr-vegane-und-vegetarische-kost-j0d.de\/?s={search_term_string}\",\"query-input\":\"required name=search_term_string\"}],\"inLanguage\":\"de\"},{\"@type\":\"ImageObject\",\"@id\":\"https:\/\/xn--shop-fr-vegane-und-vegetarische-kost-j0d.de\/?product=kreuzerhof-protein-pasta-vegane-nudeln-im-6er-pack-6x250g#primaryimage\",\"inLanguage\":\"de\",\"url\":\"https:\/\/images-na.ssl-images-amazon.com\/images\/I\/51jmqrmRIDL.jpg\",\"width\":500,\"height\":500},{\"@type\":\"WebPage\",\"@id\":\"https:\/\/xn--shop-fr-vegane-und-vegetarische-kost-j0d.de\/?product=kreuzerhof-protein-pasta-vegane-nudeln-im-6er-pack-6x250g#webpage\",\"url\":\"https:\/\/xn--shop-fr-vegane-und-vegetarische-kost-j0d.de\/?product=kreuzerhof-protein-pasta-vegane-nudeln-im-6er-pack-6x250g\",\"name\":\"Kreuzerhof Protein Pasta - vegane Nudeln im 6er Pack (6x250g) - Vegan oder Vegetarisch\",\"isPartOf\":{\"@id\":\"https:\/\/xn--shop-fr-vegane-und-vegetarische-kost-j0d.de\/#website\"},\"primaryImageOfPage\":{\"@id\":\"https:\/\/xn--shop-fr-vegane-und-vegetarische-kost-j0d.de\/?product=kreuzerhof-protein-pasta-vegane-nudeln-im-6er-pack-6x250g#primaryimage\"},\"datePublished\":\"2020-12-30T21:33:52+00:00\",\"dateModified\":\"2023-04-06T16:41:42+00:00\",\"inLanguage\":\"de\",\"potentialAction\":[{\"@type\":\"ReadAction\",\"target\":[\"https:\/\/xn--shop-fr-vegane-und-vegetarische-kost-j0d.de\/?product=kreuzerhof-protein-pasta-vegane-nudeln-im-6er-pack-6x250g\"]}]}]}<\/script>\n<!-- \/ Yoast SEO Premium plugin. -->","_links":{"self":[{"href":"https:\/\/xn--shop-fr-vegane-und-vegetarische-kost-j0d.de\/index.php?rest_route=\/wp\/v2\/product\/10416"}],"collection":[{"href":"https:\/\/xn--shop-fr-vegane-und-vegetarische-kost-j0d.de\/index.php?rest_route=\/wp\/v2\/product"}],"about":[{"href":"https:\/\/xn--shop-fr-vegane-und-vegetarische-kost-j0d.de\/index.php?rest_route=\/wp\/v2\/types\/product"}],"replies":[{"embeddable":true,"href":"https:\/\/xn--shop-fr-vegane-und-vegetarische-kost-j0d.de\/index.php?rest_route=%2Fwp%2Fv2%2Fcomments&post=10416"}],"wp:featuredmedia":[{"embeddable":true,"href":"https:\/\/xn--shop-fr-vegane-und-vegetarische-kost-j0d.de\/index.php?rest_route=\/wp\/v2\/media\/10417"}],"wp:attachment":[{"href":"https:\/\/xn--shop-fr-vegane-und-vegetarische-kost-j0d.de\/index.php?rest_route=%2Fwp%2Fv2%2Fmedia&parent=10416"}],"wp:term":[{"taxonomy":"product_cat","embeddable":true,"href":"https:\/\/xn--shop-fr-vegane-und-vegetarische-kost-j0d.de\/index.php?rest_route=%2Fwp%2Fv2%2Fproduct_cat&post=10416"},{"taxonomy":"product_tag","embeddable":true,"href":"https:\/\/xn--shop-fr-vegane-und-vegetarische-kost-j0d.de\/index.php?rest_route=%2Fwp%2Fv2%2Fproduct_tag&post=10416"}],"curies":[{"name":"wp","href":"https:\/\/api.w.org\/{rel}","templated":true}]}}