{"id":10335,"date":"2020-12-30T21:28:08","date_gmt":"2020-12-30T21:28:08","guid":{"rendered":"https:\/\/xn--shop-fr-vegane-und-vegetarische-kost-j0d.de\/?product=veggienature-vegane-glutenfreie-spinat-bratling-mischung-5-x-120-g"},"modified":"2023-04-06T18:41:41","modified_gmt":"2023-04-06T16:41:41","slug":"veggienature-vegane-glutenfreie-spinat-bratling-mischung-5-x-120-g","status":"publish","type":"product","link":"https:\/\/xn--shop-fr-vegane-und-vegetarische-kost-j0d.de\/?product=veggienature-vegane-glutenfreie-spinat-bratling-mischung-5-x-120-g","title":{"rendered":"Veggie&amp;Nature Vegan Spinach patty gluten free mix 120g x 5 pack"},"content":{"rendered":"<p><!-- show up to 2 reviews by default --> <\/p>\n<h3>Produktbeschreibung<\/h3>\n<p>Eine leckere, nahrhafte und rein pflanzliche Alternative zu Fleischfrikadellen, die Sie in nur 20 Minuten zubereiten k\u00f6nnen! Wir verwenden aus Respekt f\u00fcr die Umwelt ausschlie\u00dflich nat\u00fcrliche, pflanzliche Zutaten, f\u00fcr einen Gem\u00fcseburger mit all den N\u00e4hrstoffen, die in der Ern\u00e4hrung h\u00e4ufig fehlen. Unsere Spinat-Gem\u00fcseburger sind reich an Eiwei\u00df, Ballaststoffen und Magnesium. Dieser glutenfreie Bratling enth\u00e4lt Buchweizen, Quinoa-Flocken, getrockneten Spinat und Lauch sowie Sonnenblumenkerne und andere gesunde Zutaten. Geeignet f\u00fcr Personen mit Z\u00f6liakie. K\u00f6stlich und gesund zu jeder Tageszeit. Der vegane Spinatbratling passt ideal in einen Hamburger-Bun, aber ist auch als eigenst\u00e4ndige Mahlzeit mit Salat und\/oder Saucen eine feine Sache. Erg\u00e4nzen Sie ihn um Ihre Lieblingsbel\u00e4ge und genie\u00dfen Sie diese klassische und zugleich fleischfreie Leckerei! <\/p>\n<h3>Inhaltsstoffe \/ Zutaten<\/h3>\n<p>white buckwheat flour quinoa flakes instant gluten free OAT flakes chickpea flour dried leek dried spinach ground garlic dried onion flakes psyllium (Plantago ovata) fibre iodized sea salt ground flaxseed defatted ground black pepper ground nutmeg <\/p>\n<p>Burger auf pflanzlicher Basis<br \/>\nGesunde Zutaten und Superfoods.<br \/>\nVeggie-Burger wurden auf der Grundlage hochwertiger, glutenfreier Superfoods wie Quinoa-Flocken, Haferflocken, Kichererbsenmehl und wei\u00dfem Buchweizen ausgew\u00e4hlt.<br \/>\nSie sind reich an Eiwei\u00df, Ballaststoffen und Magnesium.<br \/>\nEinfach herzustellen und in nur 20 Minuten fertig, ganz nach Ihren W\u00fcnschen.<br \/>\n<div class=\"main-cross-sell\" data-asin=\"B07Y64NZXZ\">\n\n\t<div class=\"WooZone-cross-sell-loader\">\n\t\t<div>\n\t\t\t<div id=\"floatingBarsG\">\n\t\t\t\t<div class=\"blockG\" id=\"rotateG_01\"><\/div>\n\t\t\t\t<div class=\"blockG\" id=\"rotateG_02\"><\/div>\n\t\t\t\t<div class=\"blockG\" id=\"rotateG_03\"><\/div>\n\t\t\t\t<div class=\"blockG\" id=\"rotateG_04\"><\/div>\n\t\t\t\t<div class=\"blockG\" id=\"rotateG_05\"><\/div>\n\t\t\t\t<div class=\"blockG\" id=\"rotateG_06\"><\/div>\n\t\t\t\t<div class=\"blockG\" id=\"rotateG_07\"><\/div>\n\t\t\t\t<div class=\"blockG\" id=\"rotateG_08\"><\/div>\n\t\t\t<\/div>\n\t\t\t<div class=\"WooZone-cross-sell-loader-text\"><\/div>\n\t\t<\/div>\n\t<\/div>\n\n\t\t\n<\/div>\n<div style=\"clear:both;\"><\/div>\n","protected":false},"excerpt":{"rendered":"<p>Burger auf pflanzlicher Basis<br \/>\nGesunde Zutaten und Superfoods.<br \/>\nVeggie-Burger wurden auf der Grundlage hochwertiger, glutenfreier Superfoods wie Quinoa-Flocken, Haferflocken, Kichererbsenmehl und wei\u00dfem Buchweizen ausgew\u00e4hlt.<\/p>\n","protected":false},"featured_media":10336,"comment_status":"open","ping_status":"closed","template":"","meta":[],"product_cat":[4145,58],"product_tag":[],"yoast_head":"<!-- This site is optimized with the Yoast SEO Premium plugin v15.4 - https:\/\/yoast.com\/wordpress\/plugins\/seo\/ -->\n<title>Veggie&amp;Nature Vegan Spinach patty gluten free mix 120g x 5 pack - Vegan oder Vegetarisch<\/title>\n<meta name=\"robots\" content=\"index, follow, max-snippet:-1, max-image-preview:large, max-video-preview:-1\" \/>\n<link rel=\"canonical\" href=\"https:\/\/xn--shop-fr-vegane-und-vegetarische-kost-j0d.de\/?product=veggienature-vegane-glutenfreie-spinat-bratling-mischung-5-x-120-g\" \/>\n<meta property=\"og:locale\" content=\"de_DE\" \/>\n<meta property=\"og:type\" content=\"article\" \/>\n<meta property=\"og:title\" content=\"Veggie&amp;Nature Vegan Spinach patty gluten free mix 120g x 5 pack - Vegan oder Vegetarisch\" \/>\n<meta property=\"og:description\" content=\"Burger auf pflanzlicher Basis Gesunde Zutaten und Superfoods. Veggie-Burger wurden auf der Grundlage hochwertiger, glutenfreier Superfoods wie Quinoa-Flocken, Haferflocken, Kichererbsenmehl und wei\u00dfem Buchweizen ausgew\u00e4hlt.\" \/>\n<meta property=\"og:url\" content=\"https:\/\/xn--shop-fr-vegane-und-vegetarische-kost-j0d.de\/?product=veggienature-vegane-glutenfreie-spinat-bratling-mischung-5-x-120-g\" \/>\n<meta property=\"og:site_name\" content=\"Vegan oder Vegetarisch\" \/>\n<meta property=\"article:modified_time\" content=\"2023-04-06T16:41:41+00:00\" \/>\n<meta property=\"og:image\" content=\"https:\/\/images-na.ssl-images-amazon.com\/images\/I\/51bTPh13ZtL.jpg\" \/>\n\t<meta property=\"og:image:width\" content=\"500\" \/>\n\t<meta property=\"og:image:height\" content=\"500\" \/>\n<meta name=\"twitter:card\" content=\"summary_large_image\" \/>\n<meta name=\"twitter:label1\" content=\"Verfasst von\">\n\t<meta name=\"twitter:data1\" content=\"Swen-Olaf Bender\">\n\t<meta name=\"twitter:label2\" content=\"Gesch\u00e4tzte Lesezeit\">\n\t<meta name=\"twitter:data2\" content=\"1\u00a0Minute\">\n<script type=\"application\/ld+json\" class=\"yoast-schema-graph\">{\"@context\":\"https:\/\/schema.org\",\"@graph\":[{\"@type\":\"WebSite\",\"@id\":\"https:\/\/xn--shop-fr-vegane-und-vegetarische-kost-j0d.de\/#website\",\"url\":\"https:\/\/xn--shop-fr-vegane-und-vegetarische-kost-j0d.de\/\",\"name\":\"Vegan oder Vegetarisch\",\"description\":\"Gesund leben, Gesund essen\",\"potentialAction\":[{\"@type\":\"SearchAction\",\"target\":\"https:\/\/xn--shop-fr-vegane-und-vegetarische-kost-j0d.de\/?s={search_term_string}\",\"query-input\":\"required name=search_term_string\"}],\"inLanguage\":\"de\"},{\"@type\":\"ImageObject\",\"@id\":\"https:\/\/xn--shop-fr-vegane-und-vegetarische-kost-j0d.de\/?product=veggienature-vegane-glutenfreie-spinat-bratling-mischung-5-x-120-g#primaryimage\",\"inLanguage\":\"de\",\"url\":\"https:\/\/images-na.ssl-images-amazon.com\/images\/I\/51bTPh13ZtL.jpg\",\"width\":500,\"height\":500},{\"@type\":\"WebPage\",\"@id\":\"https:\/\/xn--shop-fr-vegane-und-vegetarische-kost-j0d.de\/?product=veggienature-vegane-glutenfreie-spinat-bratling-mischung-5-x-120-g#webpage\",\"url\":\"https:\/\/xn--shop-fr-vegane-und-vegetarische-kost-j0d.de\/?product=veggienature-vegane-glutenfreie-spinat-bratling-mischung-5-x-120-g\",\"name\":\"Veggie&amp;Nature Vegan Spinach patty gluten free mix 120g x 5 pack - Vegan oder Vegetarisch\",\"isPartOf\":{\"@id\":\"https:\/\/xn--shop-fr-vegane-und-vegetarische-kost-j0d.de\/#website\"},\"primaryImageOfPage\":{\"@id\":\"https:\/\/xn--shop-fr-vegane-und-vegetarische-kost-j0d.de\/?product=veggienature-vegane-glutenfreie-spinat-bratling-mischung-5-x-120-g#primaryimage\"},\"datePublished\":\"2020-12-30T21:28:08+00:00\",\"dateModified\":\"2023-04-06T16:41:41+00:00\",\"inLanguage\":\"de\",\"potentialAction\":[{\"@type\":\"ReadAction\",\"target\":[\"https:\/\/xn--shop-fr-vegane-und-vegetarische-kost-j0d.de\/?product=veggienature-vegane-glutenfreie-spinat-bratling-mischung-5-x-120-g\"]}]}]}<\/script>\n<!-- \/ Yoast SEO Premium plugin. -->","_links":{"self":[{"href":"https:\/\/xn--shop-fr-vegane-und-vegetarische-kost-j0d.de\/index.php?rest_route=\/wp\/v2\/product\/10335"}],"collection":[{"href":"https:\/\/xn--shop-fr-vegane-und-vegetarische-kost-j0d.de\/index.php?rest_route=\/wp\/v2\/product"}],"about":[{"href":"https:\/\/xn--shop-fr-vegane-und-vegetarische-kost-j0d.de\/index.php?rest_route=\/wp\/v2\/types\/product"}],"replies":[{"embeddable":true,"href":"https:\/\/xn--shop-fr-vegane-und-vegetarische-kost-j0d.de\/index.php?rest_route=%2Fwp%2Fv2%2Fcomments&post=10335"}],"wp:featuredmedia":[{"embeddable":true,"href":"https:\/\/xn--shop-fr-vegane-und-vegetarische-kost-j0d.de\/index.php?rest_route=\/wp\/v2\/media\/10336"}],"wp:attachment":[{"href":"https:\/\/xn--shop-fr-vegane-und-vegetarische-kost-j0d.de\/index.php?rest_route=%2Fwp%2Fv2%2Fmedia&parent=10335"}],"wp:term":[{"taxonomy":"product_cat","embeddable":true,"href":"https:\/\/xn--shop-fr-vegane-und-vegetarische-kost-j0d.de\/index.php?rest_route=%2Fwp%2Fv2%2Fproduct_cat&post=10335"},{"taxonomy":"product_tag","embeddable":true,"href":"https:\/\/xn--shop-fr-vegane-und-vegetarische-kost-j0d.de\/index.php?rest_route=%2Fwp%2Fv2%2Fproduct_tag&post=10335"}],"curies":[{"name":"wp","href":"https:\/\/api.w.org\/{rel}","templated":true}]}}