{"id":10323,"date":"2020-12-30T21:28:03","date_gmt":"2020-12-30T21:28:03","guid":{"rendered":"https:\/\/xn--shop-fr-vegane-und-vegetarische-kost-j0d.de\/?product=wacker-gemuesebruehe-bio-300g-glutenfrei-laktosefrei-vegan-ohne-zucker-hefe-geschmacksverstaerker"},"modified":"2023-04-06T18:41:41","modified_gmt":"2023-04-06T16:41:41","slug":"wacker-gemuesebruehe-bio-300g-glutenfrei-laktosefrei-vegan-ohne-zucker-hefe-geschmacksverstaerker","status":"publish","type":"product","link":"https:\/\/xn--shop-fr-vegane-und-vegetarische-kost-j0d.de\/?product=wacker-gemuesebruehe-bio-300g-glutenfrei-laktosefrei-vegan-ohne-zucker-hefe-geschmacksverstaerker","title":{"rendered":"Wacker Gem\u00fcsebr\u00fche Bio, 300g. Glutenfrei, laktosefrei &amp; vegan. Ohne Zuckerzusatz, Hefe &amp; Geschmacksverst\u00e4rker."},"content":{"rendered":"<p>100% NATUR. SONST NICHTS. Nat\u00fcrliche Bio-Gem\u00fcsebr\u00fche ohne k\u00fcnstliche Zusatzstoffe.<br \/>\nVIELSEITIG. Grundlage f\u00fcr Suppen, Dressings &amp; Saucen. Auch lecker als Allzweckgew\u00fcrz f\u00fcr beliebige Gerichte.<br \/>\nNUR DAS DRIN, WAS REINGEH\u00d6RT. Unsere Gem\u00fcsebr\u00fche enth\u00e4lt vor allem Bio-Gem\u00fcse und Gew\u00fcrze.<br \/>\nEXPERTEN-KNOW-HOW. Entwickelt von Expertin und Buchautorin Sabine Wacker und geeignet f\u00fcr basenfasten &#8211; die wacker-methode.<br \/>\nVEGAN, GLUTENFREI &amp; OHNE ZUCKER. Unsere Gem\u00fcsebr\u00fche ist frei von Hefe &amp; k\u00fcnstlichen Geschmacksverst\u00e4rkern, glutenfrei, ohne Zuckerzusatz (enth\u00e4lt von Natur aus Zucker).<br \/>\n<div class=\"main-cross-sell\" data-asin=\"B07NW96K6Z\">\n\n\t<div class=\"WooZone-cross-sell-loader\">\n\t\t<div>\n\t\t\t<div id=\"floatingBarsG\">\n\t\t\t\t<div class=\"blockG\" id=\"rotateG_01\"><\/div>\n\t\t\t\t<div class=\"blockG\" id=\"rotateG_02\"><\/div>\n\t\t\t\t<div class=\"blockG\" id=\"rotateG_03\"><\/div>\n\t\t\t\t<div class=\"blockG\" id=\"rotateG_04\"><\/div>\n\t\t\t\t<div class=\"blockG\" id=\"rotateG_05\"><\/div>\n\t\t\t\t<div class=\"blockG\" id=\"rotateG_06\"><\/div>\n\t\t\t\t<div class=\"blockG\" id=\"rotateG_07\"><\/div>\n\t\t\t\t<div class=\"blockG\" id=\"rotateG_08\"><\/div>\n\t\t\t<\/div>\n\t\t\t<div class=\"WooZone-cross-sell-loader-text\"><\/div>\n\t\t<\/div>\n\t<\/div>\n\n\t\t\n<\/div>\n<div style=\"clear:both;\"><\/div>\n","protected":false},"excerpt":{"rendered":"<p>100% NATUR. SONST NICHTS. Nat\u00fcrliche Bio-Gem\u00fcsebr\u00fche ohne k\u00fcnstliche Zusatzstoffe.<br \/>\nVIELSEITIG. Grundlage f\u00fcr Suppen, Dressings &amp; Saucen. Auch lecker als Allzweckgew\u00fcrz f\u00fcr beliebige Gerichte.<br \/>\nNUR DAS DRIN, WAS REINGEH\u00d6RT. Unsere Gem\u00fcsebr\u00fche enth\u00e4lt vor allem Bio-Gem\u00fcse und Gew\u00fcrze.<\/p>\n","protected":false},"featured_media":10324,"comment_status":"open","ping_status":"closed","template":"","meta":[],"product_cat":[4145,58],"product_tag":[],"yoast_head":"<!-- This site is optimized with the Yoast SEO Premium plugin v15.4 - https:\/\/yoast.com\/wordpress\/plugins\/seo\/ -->\n<title>Wacker Gem\u00fcsebr\u00fche Bio, 300g. Glutenfrei, laktosefrei &amp; vegan. Ohne Zuckerzusatz, Hefe &amp; Geschmacksverst\u00e4rker. - Vegan oder Vegetarisch<\/title>\n<meta name=\"robots\" content=\"index, follow, max-snippet:-1, max-image-preview:large, max-video-preview:-1\" \/>\n<link rel=\"canonical\" href=\"https:\/\/xn--shop-fr-vegane-und-vegetarische-kost-j0d.de\/?product=wacker-gemuesebruehe-bio-300g-glutenfrei-laktosefrei-vegan-ohne-zucker-hefe-geschmacksverstaerker\" \/>\n<meta property=\"og:locale\" content=\"de_DE\" \/>\n<meta property=\"og:type\" content=\"article\" \/>\n<meta property=\"og:title\" content=\"Wacker Gem\u00fcsebr\u00fche Bio, 300g. Glutenfrei, laktosefrei &amp; vegan. Ohne Zuckerzusatz, Hefe &amp; Geschmacksverst\u00e4rker. - Vegan oder Vegetarisch\" \/>\n<meta property=\"og:description\" content=\"100% NATUR. SONST NICHTS. Nat\u00fcrliche Bio-Gem\u00fcsebr\u00fche ohne k\u00fcnstliche Zusatzstoffe. VIELSEITIG. Grundlage f\u00fcr Suppen, Dressings &amp; Saucen. Auch lecker als Allzweckgew\u00fcrz f\u00fcr beliebige Gerichte. NUR DAS DRIN, WAS REINGEH\u00d6RT. Unsere Gem\u00fcsebr\u00fche enth\u00e4lt vor allem Bio-Gem\u00fcse und Gew\u00fcrze.\" \/>\n<meta property=\"og:url\" content=\"https:\/\/xn--shop-fr-vegane-und-vegetarische-kost-j0d.de\/?product=wacker-gemuesebruehe-bio-300g-glutenfrei-laktosefrei-vegan-ohne-zucker-hefe-geschmacksverstaerker\" \/>\n<meta property=\"og:site_name\" content=\"Vegan oder Vegetarisch\" \/>\n<meta property=\"article:modified_time\" content=\"2023-04-06T16:41:41+00:00\" \/>\n<meta property=\"og:image\" content=\"https:\/\/images-na.ssl-images-amazon.com\/images\/I\/51yQEr17UdL.jpg\" \/>\n\t<meta property=\"og:image:width\" content=\"500\" \/>\n\t<meta property=\"og:image:height\" content=\"500\" \/>\n<meta name=\"twitter:card\" content=\"summary_large_image\" \/>\n<meta name=\"twitter:label1\" content=\"Verfasst von\">\n\t<meta name=\"twitter:data1\" content=\"Swen-Olaf Bender\">\n\t<meta name=\"twitter:label2\" content=\"Gesch\u00e4tzte Lesezeit\">\n\t<meta name=\"twitter:data2\" content=\"0\u00a0Minuten\">\n<script type=\"application\/ld+json\" class=\"yoast-schema-graph\">{\"@context\":\"https:\/\/schema.org\",\"@graph\":[{\"@type\":\"WebSite\",\"@id\":\"https:\/\/xn--shop-fr-vegane-und-vegetarische-kost-j0d.de\/#website\",\"url\":\"https:\/\/xn--shop-fr-vegane-und-vegetarische-kost-j0d.de\/\",\"name\":\"Vegan oder Vegetarisch\",\"description\":\"Gesund leben, Gesund essen\",\"potentialAction\":[{\"@type\":\"SearchAction\",\"target\":\"https:\/\/xn--shop-fr-vegane-und-vegetarische-kost-j0d.de\/?s={search_term_string}\",\"query-input\":\"required name=search_term_string\"}],\"inLanguage\":\"de\"},{\"@type\":\"ImageObject\",\"@id\":\"https:\/\/xn--shop-fr-vegane-und-vegetarische-kost-j0d.de\/?product=wacker-gemuesebruehe-bio-300g-glutenfrei-laktosefrei-vegan-ohne-zucker-hefe-geschmacksverstaerker#primaryimage\",\"inLanguage\":\"de\",\"url\":\"https:\/\/images-na.ssl-images-amazon.com\/images\/I\/51yQEr17UdL.jpg\",\"width\":500,\"height\":500},{\"@type\":\"WebPage\",\"@id\":\"https:\/\/xn--shop-fr-vegane-und-vegetarische-kost-j0d.de\/?product=wacker-gemuesebruehe-bio-300g-glutenfrei-laktosefrei-vegan-ohne-zucker-hefe-geschmacksverstaerker#webpage\",\"url\":\"https:\/\/xn--shop-fr-vegane-und-vegetarische-kost-j0d.de\/?product=wacker-gemuesebruehe-bio-300g-glutenfrei-laktosefrei-vegan-ohne-zucker-hefe-geschmacksverstaerker\",\"name\":\"Wacker Gem\\u00fcsebr\\u00fche Bio, 300g. Glutenfrei, laktosefrei &amp; vegan. Ohne Zuckerzusatz, Hefe &amp; Geschmacksverst\\u00e4rker. - Vegan oder Vegetarisch\",\"isPartOf\":{\"@id\":\"https:\/\/xn--shop-fr-vegane-und-vegetarische-kost-j0d.de\/#website\"},\"primaryImageOfPage\":{\"@id\":\"https:\/\/xn--shop-fr-vegane-und-vegetarische-kost-j0d.de\/?product=wacker-gemuesebruehe-bio-300g-glutenfrei-laktosefrei-vegan-ohne-zucker-hefe-geschmacksverstaerker#primaryimage\"},\"datePublished\":\"2020-12-30T21:28:03+00:00\",\"dateModified\":\"2023-04-06T16:41:41+00:00\",\"inLanguage\":\"de\",\"potentialAction\":[{\"@type\":\"ReadAction\",\"target\":[\"https:\/\/xn--shop-fr-vegane-und-vegetarische-kost-j0d.de\/?product=wacker-gemuesebruehe-bio-300g-glutenfrei-laktosefrei-vegan-ohne-zucker-hefe-geschmacksverstaerker\"]}]}]}<\/script>\n<!-- \/ Yoast SEO Premium plugin. -->","_links":{"self":[{"href":"https:\/\/xn--shop-fr-vegane-und-vegetarische-kost-j0d.de\/index.php?rest_route=\/wp\/v2\/product\/10323"}],"collection":[{"href":"https:\/\/xn--shop-fr-vegane-und-vegetarische-kost-j0d.de\/index.php?rest_route=\/wp\/v2\/product"}],"about":[{"href":"https:\/\/xn--shop-fr-vegane-und-vegetarische-kost-j0d.de\/index.php?rest_route=\/wp\/v2\/types\/product"}],"replies":[{"embeddable":true,"href":"https:\/\/xn--shop-fr-vegane-und-vegetarische-kost-j0d.de\/index.php?rest_route=%2Fwp%2Fv2%2Fcomments&post=10323"}],"wp:featuredmedia":[{"embeddable":true,"href":"https:\/\/xn--shop-fr-vegane-und-vegetarische-kost-j0d.de\/index.php?rest_route=\/wp\/v2\/media\/10324"}],"wp:attachment":[{"href":"https:\/\/xn--shop-fr-vegane-und-vegetarische-kost-j0d.de\/index.php?rest_route=%2Fwp%2Fv2%2Fmedia&parent=10323"}],"wp:term":[{"taxonomy":"product_cat","embeddable":true,"href":"https:\/\/xn--shop-fr-vegane-und-vegetarische-kost-j0d.de\/index.php?rest_route=%2Fwp%2Fv2%2Fproduct_cat&post=10323"},{"taxonomy":"product_tag","embeddable":true,"href":"https:\/\/xn--shop-fr-vegane-und-vegetarische-kost-j0d.de\/index.php?rest_route=%2Fwp%2Fv2%2Fproduct_tag&post=10323"}],"curies":[{"name":"wp","href":"https:\/\/api.w.org\/{rel}","templated":true}]}}