{"id":10307,"date":"2020-12-30T21:27:57","date_gmt":"2020-12-30T21:27:57","guid":{"rendered":"https:\/\/xn--shop-fr-vegane-und-vegetarische-kost-j0d.de\/?product=algenladen-bio-dulse-flakes-250g-aus-dem-atlantik-rotalgen-fuer-detox-smoothie-rohkost-vegan"},"modified":"2023-04-06T18:41:40","modified_gmt":"2023-04-06T16:41:40","slug":"algenladen-bio-dulse-flakes-250g-aus-dem-atlantik-rotalgen-fuer-detox-smoothie-rohkost-vegan","status":"publish","type":"product","link":"https:\/\/xn--shop-fr-vegane-und-vegetarische-kost-j0d.de\/?product=algenladen-bio-dulse-flakes-250g-aus-dem-atlantik-rotalgen-fuer-detox-smoothie-rohkost-vegan","title":{"rendered":"ALGENLADEN BIO Dulse Flakes &#8211; 250g | aus dem Atlantik | Rotalgen f\u00fcr Smoothies | Rohkost | Vegan"},"content":{"rendered":"<p><!-- show up to 2 reviews by default --> <\/p>\n<h3>Produktbeschreibungen<\/h3>\n<\/p>\n<p>Dulse ist eine geschmackvolle Rotalge. Sie schmeckt fein nussig.<\/p>\n<p>Streut die Dulse Flakes zum Abschluss \u00fcber Gerichte, um eine knusprige W\u00fcrze zu erhalten. Weicht die Flocken als Beigabe im Salat etwa 10 bis 15 Minuten in Wasser ein.<\/p>\n<p>Wollt ihr ein knuspriges Algenbrot backen, so k\u00f6nnt ihr ca. 10 \u2013 20g der Dulse Flakes in je 500g Teig einarbeiten. Das Ergebnis schmeckt fabelhaft und macht auch optisch etwas her.<\/p>\n<p>Unsere BIO Dulse Flakes sind bio-zertifiziert und stammen aus EU-Landwirtschaft, genauer gesagt von der Atlantikk\u00fcste Spaniens.<\/p>\n<p>Der Algenladen stellt Algen als Gem\u00fcse aus dem Meer dem \u201cLand-Gem\u00fcse\u201d gleich. Das Unternehmen produziert seit 2017 Rohstoffe und Rezeptmischungen mit Makro- und Mikroalgen f\u00fcr eine frische und ausgewogene K\u00fcche.<\/p>\n<p>Dulse (lat. Palmaria palmata, eng.: Dillisk, isl.: S\u00f6l, fr.: Dulce, dt.: Lappentang) ist eine Rotalge. Sie haben einen angenehmen Biss, probiert sie darum direkt aus dem Meer oder in Wasser eingeweicht. Zus\u00e4tzlich zum w\u00fcrzigen Meergeschmack hat die Alge einen nussigen Eigengeschmack. Die Alge wird meistens trocken gelagert. Wenn ihr sie einweicht, vervierfacht sie ihr Gewicht. Sie ist reich an N\u00e4hrstoffen und hat gute Werte bei Kalzium, Kalium und Vitamin C.<\/p>\n<p>Zus\u00e4tzlich zum w\u00fcrzigen Meergeschmack hat Dulse einen nussigen Eigengeschmack. Frische oder eingeweichte Bl\u00e4tter sorgen f\u00fcr mehr Biss im Blattsalat und erg\u00e4nzen Gem\u00fcse- oder Nudelgerichte perfekt. Mit den Flocken k\u00f6nnt ihr ein tolles Algenbrot backen. Auch das Pulver ist ein sehr beliebtes W\u00fcrzmittel und l\u00e4sst sich beim Kochen in verschiedene Speisen wie etwa Kartoffelp\u00fcree oder Pfannkuchen einarbeiten. Einfach in der Pfanne gebraten oder frittiert ist die Alge bekannt als der &#8222;Speck aus dem Meer&#8220;. So wie in Irland, Island und Kanada k\u00f6nnt ihr getrocknete Dulse zum W\u00fcrzen beim Kochen der Speisen oder am Tisch benutzen.<\/p>\n<p>Zudem ist Dulse Bestandteil des Heavy Metal Detox Smoothie.<\/p>\n<\/p>\n<h3>Inhaltsstoffe \/ Zutaten<\/h3>\n<p>100% BIO Dulse-Algen (Palmaria palmata) <\/p>\n<div data-a-expander-name=\"toggle_description\" class=\"a-row a-expander-container a-expander-extend-container\">\n<div class=\"a-expander-content a-expander-extend-content\">\n<h3>Anschrift Hersteller\/Importeur<\/h3>\n<p>Algenladen GmbH, Weiherstr. 8, 88448 Attenweiler <\/p>\n<\/p><\/div>\n<p> <a href=\"void(0)\" data-action=\"a-expander-toggle\" class=\"a-expander-header a-declarative a-expander-extend-header\" data-a-expander-toggle=\"{\"><i class=\"a-icon a-icon-extender-expand\"><\/i><span class=\"a-expander-prompt\">Mehr<\/span><\/a> <\/div>\n<p>&#x2705; HOHE QUALIT\u00c4T: Dulse-Algen sind Rotalgen und hei\u00dfen auch Lappentang. Unsere Dulse stammt aus dem Atlantik und unterliegt strengsten Qualit\u00e4tskriterien.<br \/>\n&#x2705; NACHHALTIG: Unsere Algenflocken werden sorgf\u00e4ltig aus Wildernte gewonnen. Sie werden schonend getrocknet und grob gemahlen.<br \/>\n&#x2705; SMOOTHIES: Diese Meeres-Alge eignet sich hervorragend als Zutat in Suppen, Salaten, Smoothies und in Backmischungen. Gerne werden sie beim Entgiften eingesetzt.<br \/>\n&#x2705; VEGANER SPECK: In der modernen K\u00fcche dienen die Atlantic Dulse-Flakes als veganer Speck. Sie gelten auch als Salzersatz.<br \/>\n&#x2705; ROHKOST: Unsere Produkte sind Rohkost und werden in Deutschland ohne jeden Einsatz von F\u00fcll-, Zusatz- und Hilfsstoffen bearbeitet. Wir sind bio-zertifiziert und arbeiten schonend und nachhaltig.<br \/>\n<div class=\"main-cross-sell\" data-asin=\"B08NM68TWR\">\n\n\t<div class=\"WooZone-cross-sell-loader\">\n\t\t<div>\n\t\t\t<div id=\"floatingBarsG\">\n\t\t\t\t<div class=\"blockG\" id=\"rotateG_01\"><\/div>\n\t\t\t\t<div class=\"blockG\" id=\"rotateG_02\"><\/div>\n\t\t\t\t<div class=\"blockG\" id=\"rotateG_03\"><\/div>\n\t\t\t\t<div class=\"blockG\" id=\"rotateG_04\"><\/div>\n\t\t\t\t<div class=\"blockG\" id=\"rotateG_05\"><\/div>\n\t\t\t\t<div class=\"blockG\" id=\"rotateG_06\"><\/div>\n\t\t\t\t<div class=\"blockG\" id=\"rotateG_07\"><\/div>\n\t\t\t\t<div class=\"blockG\" id=\"rotateG_08\"><\/div>\n\t\t\t<\/div>\n\t\t\t<div class=\"WooZone-cross-sell-loader-text\"><\/div>\n\t\t<\/div>\n\t<\/div>\n\n\t\t\n<\/div>\n<div style=\"clear:both;\"><\/div>\n","protected":false},"excerpt":{"rendered":"<p>&#x2705; HOHE QUALIT\u00c4T: Dulse-Algen sind Rotalgen und hei\u00dfen auch Lappentang. Unsere Dulse stammt aus dem Atlantik und unterliegt strengsten Qualit\u00e4tskriterien.<br \/>\n&#x2705; NACHHALTIG: Unsere Algenflocken werden sorgf\u00e4ltig aus Wildernte gewonnen. Sie werden schonend getrocknet und grob gemahlen.<br \/>\n&#x2705; SMOOTHIES: Diese Meeres-Alge eignet sich hervorragend als Zutat in Suppen, Salaten, Smoothies und in Backmischungen. Gerne werden sie beim Entgiften eingesetzt.<\/p>\n","protected":false},"featured_media":10308,"comment_status":"open","ping_status":"closed","template":"","meta":[],"product_cat":[4145,58],"product_tag":[],"yoast_head":"<!-- This site is optimized with the Yoast SEO Premium plugin v15.4 - https:\/\/yoast.com\/wordpress\/plugins\/seo\/ -->\n<title>ALGENLADEN BIO Dulse Flakes - 250g | aus dem Atlantik | Rotalgen f\u00fcr Smoothies | Rohkost | Vegan - Vegan oder Vegetarisch<\/title>\n<meta name=\"robots\" content=\"index, follow, max-snippet:-1, max-image-preview:large, max-video-preview:-1\" \/>\n<link rel=\"canonical\" href=\"https:\/\/xn--shop-fr-vegane-und-vegetarische-kost-j0d.de\/?product=algenladen-bio-dulse-flakes-250g-aus-dem-atlantik-rotalgen-fuer-detox-smoothie-rohkost-vegan\" \/>\n<meta property=\"og:locale\" content=\"de_DE\" \/>\n<meta property=\"og:type\" content=\"article\" \/>\n<meta property=\"og:title\" content=\"ALGENLADEN BIO Dulse Flakes - 250g | aus dem Atlantik | Rotalgen f\u00fcr Smoothies | Rohkost | Vegan - Vegan oder Vegetarisch\" \/>\n<meta property=\"og:description\" content=\"&#x2705; HOHE QUALIT\u00c4T: Dulse-Algen sind Rotalgen und hei\u00dfen auch Lappentang. Unsere Dulse stammt aus dem Atlantik und unterliegt strengsten Qualit\u00e4tskriterien. &#x2705; NACHHALTIG: Unsere Algenflocken werden sorgf\u00e4ltig aus Wildernte gewonnen. Sie werden schonend getrocknet und grob gemahlen. &#x2705; SMOOTHIES: Diese Meeres-Alge eignet sich hervorragend als Zutat in Suppen, Salaten, Smoothies und in Backmischungen. Gerne werden sie beim Entgiften eingesetzt.\" \/>\n<meta property=\"og:url\" content=\"https:\/\/xn--shop-fr-vegane-und-vegetarische-kost-j0d.de\/?product=algenladen-bio-dulse-flakes-250g-aus-dem-atlantik-rotalgen-fuer-detox-smoothie-rohkost-vegan\" \/>\n<meta property=\"og:site_name\" content=\"Vegan oder Vegetarisch\" \/>\n<meta property=\"article:modified_time\" content=\"2023-04-06T16:41:40+00:00\" \/>\n<meta property=\"og:image\" content=\"https:\/\/images-na.ssl-images-amazon.com\/images\/I\/41MGaGhh6JL.jpg\" \/>\n\t<meta property=\"og:image:width\" content=\"500\" \/>\n\t<meta property=\"og:image:height\" content=\"500\" \/>\n<meta name=\"twitter:card\" content=\"summary_large_image\" \/>\n<meta name=\"twitter:label1\" content=\"Verfasst von\">\n\t<meta name=\"twitter:data1\" content=\"Swen-Olaf Bender\">\n\t<meta name=\"twitter:label2\" content=\"Gesch\u00e4tzte Lesezeit\">\n\t<meta name=\"twitter:data2\" content=\"2\u00a0Minuten\">\n<script type=\"application\/ld+json\" class=\"yoast-schema-graph\">{\"@context\":\"https:\/\/schema.org\",\"@graph\":[{\"@type\":\"WebSite\",\"@id\":\"https:\/\/xn--shop-fr-vegane-und-vegetarische-kost-j0d.de\/#website\",\"url\":\"https:\/\/xn--shop-fr-vegane-und-vegetarische-kost-j0d.de\/\",\"name\":\"Vegan oder Vegetarisch\",\"description\":\"Gesund leben, Gesund essen\",\"potentialAction\":[{\"@type\":\"SearchAction\",\"target\":\"https:\/\/xn--shop-fr-vegane-und-vegetarische-kost-j0d.de\/?s={search_term_string}\",\"query-input\":\"required name=search_term_string\"}],\"inLanguage\":\"de\"},{\"@type\":\"ImageObject\",\"@id\":\"https:\/\/xn--shop-fr-vegane-und-vegetarische-kost-j0d.de\/?product=algenladen-bio-dulse-flakes-250g-aus-dem-atlantik-rotalgen-fuer-detox-smoothie-rohkost-vegan#primaryimage\",\"inLanguage\":\"de\",\"url\":\"https:\/\/images-na.ssl-images-amazon.com\/images\/I\/41MGaGhh6JL.jpg\",\"width\":500,\"height\":500},{\"@type\":\"WebPage\",\"@id\":\"https:\/\/xn--shop-fr-vegane-und-vegetarische-kost-j0d.de\/?product=algenladen-bio-dulse-flakes-250g-aus-dem-atlantik-rotalgen-fuer-detox-smoothie-rohkost-vegan#webpage\",\"url\":\"https:\/\/xn--shop-fr-vegane-und-vegetarische-kost-j0d.de\/?product=algenladen-bio-dulse-flakes-250g-aus-dem-atlantik-rotalgen-fuer-detox-smoothie-rohkost-vegan\",\"name\":\"ALGENLADEN BIO Dulse Flakes - 250g | aus dem Atlantik | Rotalgen f\\u00fcr Smoothies | Rohkost | Vegan - Vegan oder Vegetarisch\",\"isPartOf\":{\"@id\":\"https:\/\/xn--shop-fr-vegane-und-vegetarische-kost-j0d.de\/#website\"},\"primaryImageOfPage\":{\"@id\":\"https:\/\/xn--shop-fr-vegane-und-vegetarische-kost-j0d.de\/?product=algenladen-bio-dulse-flakes-250g-aus-dem-atlantik-rotalgen-fuer-detox-smoothie-rohkost-vegan#primaryimage\"},\"datePublished\":\"2020-12-30T21:27:57+00:00\",\"dateModified\":\"2023-04-06T16:41:40+00:00\",\"inLanguage\":\"de\",\"potentialAction\":[{\"@type\":\"ReadAction\",\"target\":[\"https:\/\/xn--shop-fr-vegane-und-vegetarische-kost-j0d.de\/?product=algenladen-bio-dulse-flakes-250g-aus-dem-atlantik-rotalgen-fuer-detox-smoothie-rohkost-vegan\"]}]}]}<\/script>\n<!-- \/ Yoast SEO Premium plugin. -->","_links":{"self":[{"href":"https:\/\/xn--shop-fr-vegane-und-vegetarische-kost-j0d.de\/index.php?rest_route=\/wp\/v2\/product\/10307"}],"collection":[{"href":"https:\/\/xn--shop-fr-vegane-und-vegetarische-kost-j0d.de\/index.php?rest_route=\/wp\/v2\/product"}],"about":[{"href":"https:\/\/xn--shop-fr-vegane-und-vegetarische-kost-j0d.de\/index.php?rest_route=\/wp\/v2\/types\/product"}],"replies":[{"embeddable":true,"href":"https:\/\/xn--shop-fr-vegane-und-vegetarische-kost-j0d.de\/index.php?rest_route=%2Fwp%2Fv2%2Fcomments&post=10307"}],"wp:featuredmedia":[{"embeddable":true,"href":"https:\/\/xn--shop-fr-vegane-und-vegetarische-kost-j0d.de\/index.php?rest_route=\/wp\/v2\/media\/10308"}],"wp:attachment":[{"href":"https:\/\/xn--shop-fr-vegane-und-vegetarische-kost-j0d.de\/index.php?rest_route=%2Fwp%2Fv2%2Fmedia&parent=10307"}],"wp:term":[{"taxonomy":"product_cat","embeddable":true,"href":"https:\/\/xn--shop-fr-vegane-und-vegetarische-kost-j0d.de\/index.php?rest_route=%2Fwp%2Fv2%2Fproduct_cat&post=10307"},{"taxonomy":"product_tag","embeddable":true,"href":"https:\/\/xn--shop-fr-vegane-und-vegetarische-kost-j0d.de\/index.php?rest_route=%2Fwp%2Fv2%2Fproduct_tag&post=10307"}],"curies":[{"name":"wp","href":"https:\/\/api.w.org\/{rel}","templated":true}]}}