{"id":10299,"date":"2020-12-30T21:27:54","date_gmt":"2020-12-30T21:27:54","guid":{"rendered":"https:\/\/xn--shop-fr-vegane-und-vegetarische-kost-j0d.de\/?product=reichenhof-bio-quinoatopf-kokos-curry-vegan-6er-pack-6-x-400-g"},"modified":"2023-04-06T18:41:40","modified_gmt":"2023-04-06T16:41:40","slug":"reichenhof-bio-quinoatopf-kokos-curry-vegan-6er-pack-6-x-400-g","status":"publish","type":"product","link":"https:\/\/xn--shop-fr-vegane-und-vegetarische-kost-j0d.de\/?product=reichenhof-bio-quinoatopf-kokos-curry-vegan-6er-pack-6-x-400-g","title":{"rendered":"Reichenhof Bio Quinoatopf Kokos-Curry vegan, 6er Pack (6 x 400 g)"},"content":{"rendered":"<p><!-- show up to 2 reviews by default --> <\/p>\n<h3>Produktbeschreibung<\/h3>\n<p>Kokosmilch und Curry machen den veganen Quinoatopf zu einem fruchtig-exotischen Geschmackserlebnis mit wertvollem Gem\u00fcse wie S\u00fc\u00dfkartoffeln und Brokkoli. Der Bio-Quinoatopf Curry ist hefefrei, vegan und ohne Aromen hergestellt. Er ist ideal f\u00fcr den perfekten Veggieday und eine gesunde Ern\u00e4hrung. Egal ob f\u00fcr zuhause, im B\u00fcro oder beim Camping. \u00dcBER REICHENHOF Wie selbst gekocht, nur schon fertig: Unsere Fertiggerichte, Einto\u0308pfe und Suppen von REICHENHOF beinhalten hochwertige Zutaten, die in selbstkreierten Rezepturen zusammengefu\u0308gt und auf schonende Weise verarbeitet werden. Dabei verzichten wir auf ku\u0308nstliche Zusa\u0308tze und Hefeextrakte. F\u00fcr alle Ern\u00e4hrungsbewussten, die den Geschmack von selbstgemachten Klassikern lieben, aber einfach keine Zeit zum Kochen finden, bietet REICHENHOF eine gesunde Alternative mit vielen veganen und vegetarischen Varianten. <\/p>\n<h3>Inhaltsstoffe \/ Zutaten<\/h3>\n<p>Wasser, Kokosmilch* (Kokosnussextrakt*, Wasser), Brokkoli*, Karotten*, Quinoa* 6%, Paprika rot*, Tomaten*, Mais*, Zwiebeln*, S\u00fc\u00dfkartoffeln*, Reismehl*, Rohrohrzucker*, Meersalz, Ananassaftkonzentrat*, Gew\u00fcrze*, Curry* 0,3% (enth\u00e4lt SENFMEHL*), Petersilie* *Zutaten aus kontrolliert biologischem Anbau <\/p>\n<div data-a-expander-name=\"toggle_description\" class=\"a-row a-expander-container a-expander-extend-container\">\n<div class=\"a-expander-content a-expander-extend-content\">\n<h3>Gebrauchsanweisung<\/h3>\n<p>Inhalt kurz erw\u00e4rmen, nicht zum kochen bringen. <\/p>\n<h3>Warnhinweise<\/h3>\n<p>Keine Warnhinwesise. <\/p>\n<h3>Anschrift Hersteller\/Importeur<\/h3>\n<p>NABA Feinkost GmbH, Fahner H\u00f6he 99100 Gierst\u00e4dt <\/p>\n<\/p><\/div>\n<p> <a href=\"void(0)\" data-action=\"a-expander-toggle\" class=\"a-expander-header a-declarative a-expander-extend-header\" data-a-expander-toggle=\"{\"><i class=\"a-icon a-icon-extender-expand\"><\/i><span class=\"a-expander-prompt\">Mehr<\/span><\/a> <\/div>\n<p>Exotischer veganer Eintopf mit S\u00fc\u00dfkartoffeln, Curry und Kokos<br \/>\nSchonende Verarbeitung f\u00fcr den besten Geschmack und die Erhaltung von Bissfestigkeit und wertvollen Inhaltsstoffen<br \/>\nVegan, hefefrei, aus kontrolliert biologischem Anbau<br \/>\nWir verzichten auf jeglichen Zusatz von Aromen, Konservierungsstoffen, Farbstoffen und anderen k\u00fcnstlichen Zus\u00e4tzen<br \/>\nUnsere Dosen sind Wei\u00dfblechverpackungen, welche die h\u00f6chsten Recyclingraten von allen Verpackungen haben und somit sehr rohstoff- und energieffizient sind<br \/>\n<div class=\"main-cross-sell\" data-asin=\"B07J56CXNS\">\n\n\t<div class=\"WooZone-cross-sell-loader\">\n\t\t<div>\n\t\t\t<div id=\"floatingBarsG\">\n\t\t\t\t<div class=\"blockG\" id=\"rotateG_01\"><\/div>\n\t\t\t\t<div class=\"blockG\" id=\"rotateG_02\"><\/div>\n\t\t\t\t<div class=\"blockG\" id=\"rotateG_03\"><\/div>\n\t\t\t\t<div class=\"blockG\" id=\"rotateG_04\"><\/div>\n\t\t\t\t<div class=\"blockG\" id=\"rotateG_05\"><\/div>\n\t\t\t\t<div class=\"blockG\" id=\"rotateG_06\"><\/div>\n\t\t\t\t<div class=\"blockG\" id=\"rotateG_07\"><\/div>\n\t\t\t\t<div class=\"blockG\" id=\"rotateG_08\"><\/div>\n\t\t\t<\/div>\n\t\t\t<div class=\"WooZone-cross-sell-loader-text\"><\/div>\n\t\t<\/div>\n\t<\/div>\n\n\t\t\n<\/div>\n<div style=\"clear:both;\"><\/div>\n","protected":false},"excerpt":{"rendered":"<p>Exotischer veganer Eintopf mit S\u00fc\u00dfkartoffeln, Curry und Kokos<br \/>\nSchonende Verarbeitung f\u00fcr den besten Geschmack und die Erhaltung von Bissfestigkeit und wertvollen Inhaltsstoffen<br \/>\nVegan, hefefrei, aus kontrolliert biologischem Anbau<\/p>\n","protected":false},"featured_media":10300,"comment_status":"open","ping_status":"closed","template":"","meta":[],"product_cat":[4145,58],"product_tag":[],"yoast_head":"<!-- This site is optimized with the Yoast SEO Premium plugin v15.4 - https:\/\/yoast.com\/wordpress\/plugins\/seo\/ -->\n<title>Reichenhof Bio Quinoatopf Kokos-Curry vegan, 6er Pack (6 x 400 g) - Vegan oder Vegetarisch<\/title>\n<meta name=\"robots\" content=\"index, follow, max-snippet:-1, max-image-preview:large, max-video-preview:-1\" \/>\n<link rel=\"canonical\" href=\"https:\/\/xn--shop-fr-vegane-und-vegetarische-kost-j0d.de\/?product=reichenhof-bio-quinoatopf-kokos-curry-vegan-6er-pack-6-x-400-g\" \/>\n<meta property=\"og:locale\" content=\"de_DE\" \/>\n<meta property=\"og:type\" content=\"article\" \/>\n<meta property=\"og:title\" content=\"Reichenhof Bio Quinoatopf Kokos-Curry vegan, 6er Pack (6 x 400 g) - Vegan oder Vegetarisch\" \/>\n<meta property=\"og:description\" content=\"Exotischer veganer Eintopf mit S\u00fc\u00dfkartoffeln, Curry und Kokos Schonende Verarbeitung f\u00fcr den besten Geschmack und die Erhaltung von Bissfestigkeit und wertvollen Inhaltsstoffen Vegan, hefefrei, aus kontrolliert biologischem Anbau\" \/>\n<meta property=\"og:url\" content=\"https:\/\/xn--shop-fr-vegane-und-vegetarische-kost-j0d.de\/?product=reichenhof-bio-quinoatopf-kokos-curry-vegan-6er-pack-6-x-400-g\" \/>\n<meta property=\"og:site_name\" content=\"Vegan oder Vegetarisch\" \/>\n<meta property=\"article:modified_time\" content=\"2023-04-06T16:41:40+00:00\" \/>\n<meta property=\"og:image\" content=\"https:\/\/images-na.ssl-images-amazon.com\/images\/I\/5103C90mlmL.jpg\" \/>\n\t<meta property=\"og:image:width\" content=\"500\" \/>\n\t<meta property=\"og:image:height\" content=\"500\" \/>\n<meta name=\"twitter:card\" content=\"summary_large_image\" \/>\n<meta name=\"twitter:label1\" content=\"Verfasst von\">\n\t<meta name=\"twitter:data1\" content=\"Swen-Olaf Bender\">\n\t<meta name=\"twitter:label2\" content=\"Gesch\u00e4tzte Lesezeit\">\n\t<meta name=\"twitter:data2\" content=\"1\u00a0Minute\">\n<script type=\"application\/ld+json\" class=\"yoast-schema-graph\">{\"@context\":\"https:\/\/schema.org\",\"@graph\":[{\"@type\":\"WebSite\",\"@id\":\"https:\/\/xn--shop-fr-vegane-und-vegetarische-kost-j0d.de\/#website\",\"url\":\"https:\/\/xn--shop-fr-vegane-und-vegetarische-kost-j0d.de\/\",\"name\":\"Vegan oder Vegetarisch\",\"description\":\"Gesund leben, Gesund essen\",\"potentialAction\":[{\"@type\":\"SearchAction\",\"target\":\"https:\/\/xn--shop-fr-vegane-und-vegetarische-kost-j0d.de\/?s={search_term_string}\",\"query-input\":\"required name=search_term_string\"}],\"inLanguage\":\"de\"},{\"@type\":\"ImageObject\",\"@id\":\"https:\/\/xn--shop-fr-vegane-und-vegetarische-kost-j0d.de\/?product=reichenhof-bio-quinoatopf-kokos-curry-vegan-6er-pack-6-x-400-g#primaryimage\",\"inLanguage\":\"de\",\"url\":\"https:\/\/images-na.ssl-images-amazon.com\/images\/I\/5103C90mlmL.jpg\",\"width\":500,\"height\":500},{\"@type\":\"WebPage\",\"@id\":\"https:\/\/xn--shop-fr-vegane-und-vegetarische-kost-j0d.de\/?product=reichenhof-bio-quinoatopf-kokos-curry-vegan-6er-pack-6-x-400-g#webpage\",\"url\":\"https:\/\/xn--shop-fr-vegane-und-vegetarische-kost-j0d.de\/?product=reichenhof-bio-quinoatopf-kokos-curry-vegan-6er-pack-6-x-400-g\",\"name\":\"Reichenhof Bio Quinoatopf Kokos-Curry vegan, 6er Pack (6 x 400 g) - Vegan oder Vegetarisch\",\"isPartOf\":{\"@id\":\"https:\/\/xn--shop-fr-vegane-und-vegetarische-kost-j0d.de\/#website\"},\"primaryImageOfPage\":{\"@id\":\"https:\/\/xn--shop-fr-vegane-und-vegetarische-kost-j0d.de\/?product=reichenhof-bio-quinoatopf-kokos-curry-vegan-6er-pack-6-x-400-g#primaryimage\"},\"datePublished\":\"2020-12-30T21:27:54+00:00\",\"dateModified\":\"2023-04-06T16:41:40+00:00\",\"inLanguage\":\"de\",\"potentialAction\":[{\"@type\":\"ReadAction\",\"target\":[\"https:\/\/xn--shop-fr-vegane-und-vegetarische-kost-j0d.de\/?product=reichenhof-bio-quinoatopf-kokos-curry-vegan-6er-pack-6-x-400-g\"]}]}]}<\/script>\n<!-- \/ Yoast SEO Premium plugin. -->","_links":{"self":[{"href":"https:\/\/xn--shop-fr-vegane-und-vegetarische-kost-j0d.de\/index.php?rest_route=\/wp\/v2\/product\/10299"}],"collection":[{"href":"https:\/\/xn--shop-fr-vegane-und-vegetarische-kost-j0d.de\/index.php?rest_route=\/wp\/v2\/product"}],"about":[{"href":"https:\/\/xn--shop-fr-vegane-und-vegetarische-kost-j0d.de\/index.php?rest_route=\/wp\/v2\/types\/product"}],"replies":[{"embeddable":true,"href":"https:\/\/xn--shop-fr-vegane-und-vegetarische-kost-j0d.de\/index.php?rest_route=%2Fwp%2Fv2%2Fcomments&post=10299"}],"wp:featuredmedia":[{"embeddable":true,"href":"https:\/\/xn--shop-fr-vegane-und-vegetarische-kost-j0d.de\/index.php?rest_route=\/wp\/v2\/media\/10300"}],"wp:attachment":[{"href":"https:\/\/xn--shop-fr-vegane-und-vegetarische-kost-j0d.de\/index.php?rest_route=%2Fwp%2Fv2%2Fmedia&parent=10299"}],"wp:term":[{"taxonomy":"product_cat","embeddable":true,"href":"https:\/\/xn--shop-fr-vegane-und-vegetarische-kost-j0d.de\/index.php?rest_route=%2Fwp%2Fv2%2Fproduct_cat&post=10299"},{"taxonomy":"product_tag","embeddable":true,"href":"https:\/\/xn--shop-fr-vegane-und-vegetarische-kost-j0d.de\/index.php?rest_route=%2Fwp%2Fv2%2Fproduct_tag&post=10299"}],"curies":[{"name":"wp","href":"https:\/\/api.w.org\/{rel}","templated":true}]}}