{"id":10203,"date":"2020-12-30T21:27:13","date_gmt":"2020-12-30T21:27:13","guid":{"rendered":"https:\/\/xn--shop-fr-vegane-und-vegetarische-kost-j0d.de\/?product=alnatura-bio-kokos-mandel-creme-vegan-1-x-250-g"},"modified":"2023-04-06T18:39:33","modified_gmt":"2023-04-06T16:39:33","slug":"alnatura-bio-kokos-mandel-creme-vegan-1-x-250-g","status":"publish","type":"product","link":"https:\/\/xn--shop-fr-vegane-und-vegetarische-kost-j0d.de\/?product=alnatura-bio-kokos-mandel-creme-vegan-1-x-250-g","title":{"rendered":"Alnatura Bio Kokos Mandel Creme, vegan (1 x 250 g)"},"content":{"rendered":"<div class=\"disclaim\"> Anzahl:<strong>1<\/strong> <\/div>\n<p> <!-- show up to 2 reviews by default --> <\/p>\n<h3>Produktbeschreibung<\/h3>\n<p>Die vegane Kokos-Mandel-Creme von Alnatura eignet sich mit ihrem exotischem Geschmack ideal als Brotaufstrich, Zutat in S\u00fc\u00dfspeisen und Geb\u00e4ck, als F\u00fcllung f\u00fcr Cr\u00e8pes oder zum Verfeinern von Desserts. Die mit Bourbonvanille verfeinert zartschmelzende Creme ist bei Zimmertemperatur besonders streichf\u00e4hig. <\/p>\n<h3>Inhaltsstoffe \/ Zutaten<\/h3>\n<p>Kokosraspel* 38 %, Palmfett*, Reisdrinkpulver*, MANDELN* 15 %, Rohrohrzucker*, Bourbonvanilleschote* gemahlen, Meersalz. *aus biologischer Landwirtschaft. Kann Spuren von Erdnuss, Milch, Haselnuss, Walnuss, Cashewnuss, Macadamianuss, Sesam und Lupine enthalten. <\/p>\n<div data-a-expander-name=\"toggle_description\" class=\"a-row a-expander-container a-expander-extend-container\">\n<div class=\"a-expander-content a-expander-extend-content\">\n<h3>Gebrauchsanweisung<\/h3>\n<p>Siehe Produktabbildung <\/p>\n<h3>Warnhinweise<\/h3>\n<p>Siehe Produktabbildung <\/p>\n<\/p><\/div>\n<p> <a href=\"void(0)\" data-action=\"a-expander-toggle\" class=\"a-expander-header a-declarative a-expander-extend-header\" data-a-expander-toggle=\"{\"><i class=\"a-icon a-icon-extender-expand\"><\/i><span class=\"a-expander-prompt\">Mehr<\/span><\/a> <\/div>\n<p>Vegane, zartschmelzende Creme<br \/>\nIdeal als Brotaufstrich, als F\u00fcllung f\u00fcr Cr\u00e8pes oder zum Verfeinern von Desserts<br \/>\nExotische Creme mit Bourbon-Vanille verfeinert<br \/>\n<div class=\"main-cross-sell\" data-asin=\"B082VNW3JF\">\n\n\t<div class=\"WooZone-cross-sell-loader\">\n\t\t<div>\n\t\t\t<div id=\"floatingBarsG\">\n\t\t\t\t<div class=\"blockG\" id=\"rotateG_01\"><\/div>\n\t\t\t\t<div class=\"blockG\" id=\"rotateG_02\"><\/div>\n\t\t\t\t<div class=\"blockG\" id=\"rotateG_03\"><\/div>\n\t\t\t\t<div class=\"blockG\" id=\"rotateG_04\"><\/div>\n\t\t\t\t<div class=\"blockG\" id=\"rotateG_05\"><\/div>\n\t\t\t\t<div class=\"blockG\" id=\"rotateG_06\"><\/div>\n\t\t\t\t<div class=\"blockG\" id=\"rotateG_07\"><\/div>\n\t\t\t\t<div class=\"blockG\" id=\"rotateG_08\"><\/div>\n\t\t\t<\/div>\n\t\t\t<div class=\"WooZone-cross-sell-loader-text\"><\/div>\n\t\t<\/div>\n\t<\/div>\n\n\t\t\n<\/div>\n<div style=\"clear:both;\"><\/div>\n","protected":false},"excerpt":{"rendered":"<p>Vegane, zartschmelzende Creme<br \/>\nIdeal als Brotaufstrich, als F\u00fcllung f\u00fcr Cr\u00e8pes oder zum Verfeinern von Desserts<br \/>\nExotische Creme mit Bourbon-Vanille verfeinert<\/p>\n","protected":false},"featured_media":10204,"comment_status":"open","ping_status":"closed","template":"","meta":[],"product_cat":[4145,58],"product_tag":[],"yoast_head":"<!-- This site is optimized with the Yoast SEO Premium plugin v15.4 - https:\/\/yoast.com\/wordpress\/plugins\/seo\/ -->\n<title>Alnatura Bio Kokos Mandel Creme, vegan (1 x 250 g) - Vegan oder Vegetarisch<\/title>\n<meta name=\"robots\" content=\"index, follow, max-snippet:-1, max-image-preview:large, max-video-preview:-1\" \/>\n<link rel=\"canonical\" href=\"https:\/\/xn--shop-fr-vegane-und-vegetarische-kost-j0d.de\/?product=alnatura-bio-kokos-mandel-creme-vegan-1-x-250-g\" \/>\n<meta property=\"og:locale\" content=\"de_DE\" \/>\n<meta property=\"og:type\" content=\"article\" \/>\n<meta property=\"og:title\" content=\"Alnatura Bio Kokos Mandel Creme, vegan (1 x 250 g) - Vegan oder Vegetarisch\" \/>\n<meta property=\"og:description\" content=\"Vegane, zartschmelzende Creme Ideal als Brotaufstrich, als F\u00fcllung f\u00fcr Cr\u00e8pes oder zum Verfeinern von Desserts Exotische Creme mit Bourbon-Vanille verfeinert\" \/>\n<meta property=\"og:url\" content=\"https:\/\/xn--shop-fr-vegane-und-vegetarische-kost-j0d.de\/?product=alnatura-bio-kokos-mandel-creme-vegan-1-x-250-g\" \/>\n<meta property=\"og:site_name\" content=\"Vegan oder Vegetarisch\" \/>\n<meta property=\"article:modified_time\" content=\"2023-04-06T16:39:33+00:00\" \/>\n<meta property=\"og:image\" content=\"https:\/\/images-na.ssl-images-amazon.com\/images\/I\/51G1agsWU%2BL.jpg\" \/>\n\t<meta property=\"og:image:width\" content=\"500\" \/>\n\t<meta property=\"og:image:height\" content=\"500\" \/>\n<meta name=\"twitter:card\" content=\"summary_large_image\" \/>\n<meta name=\"twitter:label1\" content=\"Verfasst von\">\n\t<meta name=\"twitter:data1\" content=\"Swen-Olaf Bender\">\n\t<meta name=\"twitter:label2\" content=\"Gesch\u00e4tzte Lesezeit\">\n\t<meta name=\"twitter:data2\" content=\"0\u00a0Minuten\">\n<script type=\"application\/ld+json\" class=\"yoast-schema-graph\">{\"@context\":\"https:\/\/schema.org\",\"@graph\":[{\"@type\":\"WebSite\",\"@id\":\"https:\/\/xn--shop-fr-vegane-und-vegetarische-kost-j0d.de\/#website\",\"url\":\"https:\/\/xn--shop-fr-vegane-und-vegetarische-kost-j0d.de\/\",\"name\":\"Vegan oder Vegetarisch\",\"description\":\"Gesund leben, Gesund essen\",\"potentialAction\":[{\"@type\":\"SearchAction\",\"target\":\"https:\/\/xn--shop-fr-vegane-und-vegetarische-kost-j0d.de\/?s={search_term_string}\",\"query-input\":\"required name=search_term_string\"}],\"inLanguage\":\"de\"},{\"@type\":\"ImageObject\",\"@id\":\"https:\/\/xn--shop-fr-vegane-und-vegetarische-kost-j0d.de\/?product=alnatura-bio-kokos-mandel-creme-vegan-1-x-250-g#primaryimage\",\"inLanguage\":\"de\",\"url\":\"https:\/\/images-na.ssl-images-amazon.com\/images\/I\/51G1agsWU%2BL.jpg\",\"width\":500,\"height\":500},{\"@type\":\"WebPage\",\"@id\":\"https:\/\/xn--shop-fr-vegane-und-vegetarische-kost-j0d.de\/?product=alnatura-bio-kokos-mandel-creme-vegan-1-x-250-g#webpage\",\"url\":\"https:\/\/xn--shop-fr-vegane-und-vegetarische-kost-j0d.de\/?product=alnatura-bio-kokos-mandel-creme-vegan-1-x-250-g\",\"name\":\"Alnatura Bio Kokos Mandel Creme, vegan (1 x 250 g) - Vegan oder Vegetarisch\",\"isPartOf\":{\"@id\":\"https:\/\/xn--shop-fr-vegane-und-vegetarische-kost-j0d.de\/#website\"},\"primaryImageOfPage\":{\"@id\":\"https:\/\/xn--shop-fr-vegane-und-vegetarische-kost-j0d.de\/?product=alnatura-bio-kokos-mandel-creme-vegan-1-x-250-g#primaryimage\"},\"datePublished\":\"2020-12-30T21:27:13+00:00\",\"dateModified\":\"2023-04-06T16:39:33+00:00\",\"inLanguage\":\"de\",\"potentialAction\":[{\"@type\":\"ReadAction\",\"target\":[\"https:\/\/xn--shop-fr-vegane-und-vegetarische-kost-j0d.de\/?product=alnatura-bio-kokos-mandel-creme-vegan-1-x-250-g\"]}]}]}<\/script>\n<!-- \/ Yoast SEO Premium plugin. -->","_links":{"self":[{"href":"https:\/\/xn--shop-fr-vegane-und-vegetarische-kost-j0d.de\/index.php?rest_route=\/wp\/v2\/product\/10203"}],"collection":[{"href":"https:\/\/xn--shop-fr-vegane-und-vegetarische-kost-j0d.de\/index.php?rest_route=\/wp\/v2\/product"}],"about":[{"href":"https:\/\/xn--shop-fr-vegane-und-vegetarische-kost-j0d.de\/index.php?rest_route=\/wp\/v2\/types\/product"}],"replies":[{"embeddable":true,"href":"https:\/\/xn--shop-fr-vegane-und-vegetarische-kost-j0d.de\/index.php?rest_route=%2Fwp%2Fv2%2Fcomments&post=10203"}],"wp:featuredmedia":[{"embeddable":true,"href":"https:\/\/xn--shop-fr-vegane-und-vegetarische-kost-j0d.de\/index.php?rest_route=\/wp\/v2\/media\/10204"}],"wp:attachment":[{"href":"https:\/\/xn--shop-fr-vegane-und-vegetarische-kost-j0d.de\/index.php?rest_route=%2Fwp%2Fv2%2Fmedia&parent=10203"}],"wp:term":[{"taxonomy":"product_cat","embeddable":true,"href":"https:\/\/xn--shop-fr-vegane-und-vegetarische-kost-j0d.de\/index.php?rest_route=%2Fwp%2Fv2%2Fproduct_cat&post=10203"},{"taxonomy":"product_tag","embeddable":true,"href":"https:\/\/xn--shop-fr-vegane-und-vegetarische-kost-j0d.de\/index.php?rest_route=%2Fwp%2Fv2%2Fproduct_tag&post=10203"}],"curies":[{"name":"wp","href":"https:\/\/api.w.org\/{rel}","templated":true}]}}