{"id":10174,"date":"2020-12-30T20:56:12","date_gmt":"2020-12-30T20:56:12","guid":{"rendered":"https:\/\/xn--shop-fr-vegane-und-vegetarische-kost-j0d.de\/?product=bleichhof-aepfel-golden-delicious-suessaromatische-sorte-aus-der-pfalz-5kg-neue-ernte-2020"},"modified":"2023-04-06T18:39:33","modified_gmt":"2023-04-06T16:39:33","slug":"bleichhof-aepfel-golden-delicious-suessaromatische-sorte-aus-der-pfalz-5kg-neue-ernte-2020","status":"publish","type":"product","link":"https:\/\/xn--shop-fr-vegane-und-vegetarische-kost-j0d.de\/?product=bleichhof-aepfel-golden-delicious-suessaromatische-sorte-aus-der-pfalz-5kg-neue-ernte-2020","title":{"rendered":"Bleichhof \u00c4pfel Golden Delicious &#8211; s\u00fc\u00dfaromatische Sorte aus der Pfalz (5kg) Neue Ernte"},"content":{"rendered":"<p><!-- show up to 2 reviews by default --><\/p>\n<h3>Produktbeschreibungen<\/h3>\n<p>Bleichhof \u00c4pfel Golden Delicious &#8211; s\u00fc\u00dfaromatische Sorte aus der Pfalz (5kg) Neue Ernte 2020<\/p>\n<h3>Anschrift Hersteller\/Importeur<\/h3>\n<p>KFT Bleichhof, Bleichhof 1, 67149 Meckenheim<\/p>\n<p>Golden Delicious ist ein s\u00fc\u00dfaromatischer Apfel, dessen Baum sehr ertragreich ist. Urspr\u00fcnglich stammt er aus West Virginia, wird aber seit der Mitte des 20.\u00a0Jahrhunderts weltweit angebaut. In Deutschland wird er erst am Ende der Wachstumsperiode reif und ben\u00f6tigt klimatisch g\u00fcnstige Bedingungen, um voll auszureifen.<br \/>\nDer Golden Delicious ist eine Tafelobstsorte des Kulturapfels. Er gilt als die wichtigste gelbgr\u00fcne Apfelsorte im Welthandel.<br \/>\nVon Golden Delicious stammen mehrere andere Sorten ab, darunter Elstar, Jonagold, Gala, Cripps Pink, Rubinette und Pinova.<br \/>\nNeue Ernte 2020<br \/>\nNachhaltiger Familienbetrieb: Wir pressen und trocknen frische, heimische Fr\u00fcchte in unserem Familienbetrieb in Meckenheim in der Pfalz, welchen wir mittlerweile in der dritten Generation f\u00fchren. Wir sind als Partnerbetrieb Naturschutz anerkannt und verpflichten uns zu Naturschutzleistungen, wie zum Beispiel Bienenschauk\u00e4sten auf unserem Betriebsgel\u00e4nde und Bl\u00fchstreifen. Au\u00dferdem achten wir auf kurze Transportwege (unsere Felder sind rund um den Betrieb maximal 5km entfernt).<br \/>\n<div class=\"main-cross-sell\" data-asin=\"B07Z774YWF\">\n\n\t<div class=\"WooZone-cross-sell-loader\">\n\t\t<div>\n\t\t\t<div id=\"floatingBarsG\">\n\t\t\t\t<div class=\"blockG\" id=\"rotateG_01\"><\/div>\n\t\t\t\t<div class=\"blockG\" id=\"rotateG_02\"><\/div>\n\t\t\t\t<div class=\"blockG\" id=\"rotateG_03\"><\/div>\n\t\t\t\t<div class=\"blockG\" id=\"rotateG_04\"><\/div>\n\t\t\t\t<div class=\"blockG\" id=\"rotateG_05\"><\/div>\n\t\t\t\t<div class=\"blockG\" id=\"rotateG_06\"><\/div>\n\t\t\t\t<div class=\"blockG\" id=\"rotateG_07\"><\/div>\n\t\t\t\t<div class=\"blockG\" id=\"rotateG_08\"><\/div>\n\t\t\t<\/div>\n\t\t\t<div class=\"WooZone-cross-sell-loader-text\"><\/div>\n\t\t<\/div>\n\t<\/div>\n\n\t\t\n<\/div>\n<div style=\"clear:both;\"><\/div>\n","protected":false},"excerpt":{"rendered":"<p>Golden Delicious ist ein s\u00fc\u00dfaromatischer Apfel, dessen Baum sehr ertragreich ist. Urspr\u00fcnglich stammt er aus West Virginia, wird aber seit der Mitte des 20.\u00a0Jahrhunderts weltweit angebaut. In Deutschland wird er erst am Ende der Wachstumsperiode reif und ben\u00f6tigt klimatisch g\u00fcnstige Bedingungen, um voll auszureifen.<br \/>\nDer Golden Delicious ist eine Tafelobstsorte des Kulturapfels. Er gilt als die wichtigste gelbgr\u00fcne Apfelsorte im Welthandel.<br \/>\nVon Golden Delicious stammen mehrere andere Sorten ab, darunter Elstar, Jonagold, Gala, Cripps Pink, Rubinette und Pinova.<\/p>\n","protected":false},"featured_media":10175,"comment_status":"open","ping_status":"closed","template":"","meta":[],"product_cat":[63],"product_tag":[],"yoast_head":"<!-- This site is optimized with the Yoast SEO Premium plugin v15.4 - https:\/\/yoast.com\/wordpress\/plugins\/seo\/ -->\n<title>Bleichhof \u00c4pfel Golden Delicious - s\u00fc\u00dfaromatische Sorte aus der Pfalz (5kg) Neue Ernte - Vegan oder Vegetarisch<\/title>\n<meta name=\"robots\" content=\"index, follow, max-snippet:-1, max-image-preview:large, max-video-preview:-1\" \/>\n<link rel=\"canonical\" href=\"https:\/\/xn--shop-fr-vegane-und-vegetarische-kost-j0d.de\/?product=bleichhof-aepfel-golden-delicious-suessaromatische-sorte-aus-der-pfalz-5kg-neue-ernte-2020\" \/>\n<meta property=\"og:locale\" content=\"de_DE\" \/>\n<meta property=\"og:type\" content=\"article\" \/>\n<meta property=\"og:title\" content=\"Bleichhof \u00c4pfel Golden Delicious - s\u00fc\u00dfaromatische Sorte aus der Pfalz (5kg) Neue Ernte - Vegan oder Vegetarisch\" \/>\n<meta property=\"og:description\" content=\"Golden Delicious ist ein s\u00fc\u00dfaromatischer Apfel, dessen Baum sehr ertragreich ist. Urspr\u00fcnglich stammt er aus West Virginia, wird aber seit der Mitte des 20.\u00a0Jahrhunderts weltweit angebaut. In Deutschland wird er erst am Ende der Wachstumsperiode reif und ben\u00f6tigt klimatisch g\u00fcnstige Bedingungen, um voll auszureifen. Der Golden Delicious ist eine Tafelobstsorte des Kulturapfels. Er gilt als die wichtigste gelbgr\u00fcne Apfelsorte im Welthandel. Von Golden Delicious stammen mehrere andere Sorten ab, darunter Elstar, Jonagold, Gala, Cripps Pink, Rubinette und Pinova.\" \/>\n<meta property=\"og:url\" content=\"https:\/\/xn--shop-fr-vegane-und-vegetarische-kost-j0d.de\/?product=bleichhof-aepfel-golden-delicious-suessaromatische-sorte-aus-der-pfalz-5kg-neue-ernte-2020\" \/>\n<meta property=\"og:site_name\" content=\"Vegan oder Vegetarisch\" \/>\n<meta property=\"article:modified_time\" content=\"2023-04-06T16:39:33+00:00\" \/>\n<meta property=\"og:image\" content=\"https:\/\/images-na.ssl-images-amazon.com\/images\/I\/41bpW%2Be9irL.jpg\" \/>\n\t<meta property=\"og:image:width\" content=\"500\" \/>\n\t<meta property=\"og:image:height\" content=\"492\" \/>\n<meta name=\"twitter:card\" content=\"summary_large_image\" \/>\n<meta name=\"twitter:label1\" content=\"Verfasst von\">\n\t<meta name=\"twitter:data1\" content=\"Swen-Olaf Bender\">\n\t<meta name=\"twitter:label2\" content=\"Gesch\u00e4tzte Lesezeit\">\n\t<meta name=\"twitter:data2\" content=\"1\u00a0Minute\">\n<script type=\"application\/ld+json\" class=\"yoast-schema-graph\">{\"@context\":\"https:\/\/schema.org\",\"@graph\":[{\"@type\":\"WebSite\",\"@id\":\"https:\/\/xn--shop-fr-vegane-und-vegetarische-kost-j0d.de\/#website\",\"url\":\"https:\/\/xn--shop-fr-vegane-und-vegetarische-kost-j0d.de\/\",\"name\":\"Vegan oder Vegetarisch\",\"description\":\"Gesund leben, Gesund essen\",\"potentialAction\":[{\"@type\":\"SearchAction\",\"target\":\"https:\/\/xn--shop-fr-vegane-und-vegetarische-kost-j0d.de\/?s={search_term_string}\",\"query-input\":\"required name=search_term_string\"}],\"inLanguage\":\"de\"},{\"@type\":\"ImageObject\",\"@id\":\"https:\/\/xn--shop-fr-vegane-und-vegetarische-kost-j0d.de\/?product=bleichhof-aepfel-golden-delicious-suessaromatische-sorte-aus-der-pfalz-5kg-neue-ernte-2020#primaryimage\",\"inLanguage\":\"de\",\"url\":\"https:\/\/images-na.ssl-images-amazon.com\/images\/I\/41bpW%2Be9irL.jpg\",\"width\":500,\"height\":492},{\"@type\":\"WebPage\",\"@id\":\"https:\/\/xn--shop-fr-vegane-und-vegetarische-kost-j0d.de\/?product=bleichhof-aepfel-golden-delicious-suessaromatische-sorte-aus-der-pfalz-5kg-neue-ernte-2020#webpage\",\"url\":\"https:\/\/xn--shop-fr-vegane-und-vegetarische-kost-j0d.de\/?product=bleichhof-aepfel-golden-delicious-suessaromatische-sorte-aus-der-pfalz-5kg-neue-ernte-2020\",\"name\":\"Bleichhof \\u00c4pfel Golden Delicious - s\\u00fc\\u00dfaromatische Sorte aus der Pfalz (5kg) Neue Ernte - Vegan oder Vegetarisch\",\"isPartOf\":{\"@id\":\"https:\/\/xn--shop-fr-vegane-und-vegetarische-kost-j0d.de\/#website\"},\"primaryImageOfPage\":{\"@id\":\"https:\/\/xn--shop-fr-vegane-und-vegetarische-kost-j0d.de\/?product=bleichhof-aepfel-golden-delicious-suessaromatische-sorte-aus-der-pfalz-5kg-neue-ernte-2020#primaryimage\"},\"datePublished\":\"2020-12-30T20:56:12+00:00\",\"dateModified\":\"2023-04-06T16:39:33+00:00\",\"inLanguage\":\"de\",\"potentialAction\":[{\"@type\":\"ReadAction\",\"target\":[\"https:\/\/xn--shop-fr-vegane-und-vegetarische-kost-j0d.de\/?product=bleichhof-aepfel-golden-delicious-suessaromatische-sorte-aus-der-pfalz-5kg-neue-ernte-2020\"]}]}]}<\/script>\n<!-- \/ Yoast SEO Premium plugin. -->","_links":{"self":[{"href":"https:\/\/xn--shop-fr-vegane-und-vegetarische-kost-j0d.de\/index.php?rest_route=\/wp\/v2\/product\/10174"}],"collection":[{"href":"https:\/\/xn--shop-fr-vegane-und-vegetarische-kost-j0d.de\/index.php?rest_route=\/wp\/v2\/product"}],"about":[{"href":"https:\/\/xn--shop-fr-vegane-und-vegetarische-kost-j0d.de\/index.php?rest_route=\/wp\/v2\/types\/product"}],"replies":[{"embeddable":true,"href":"https:\/\/xn--shop-fr-vegane-und-vegetarische-kost-j0d.de\/index.php?rest_route=%2Fwp%2Fv2%2Fcomments&post=10174"}],"wp:featuredmedia":[{"embeddable":true,"href":"https:\/\/xn--shop-fr-vegane-und-vegetarische-kost-j0d.de\/index.php?rest_route=\/wp\/v2\/media\/10175"}],"wp:attachment":[{"href":"https:\/\/xn--shop-fr-vegane-und-vegetarische-kost-j0d.de\/index.php?rest_route=%2Fwp%2Fv2%2Fmedia&parent=10174"}],"wp:term":[{"taxonomy":"product_cat","embeddable":true,"href":"https:\/\/xn--shop-fr-vegane-und-vegetarische-kost-j0d.de\/index.php?rest_route=%2Fwp%2Fv2%2Fproduct_cat&post=10174"},{"taxonomy":"product_tag","embeddable":true,"href":"https:\/\/xn--shop-fr-vegane-und-vegetarische-kost-j0d.de\/index.php?rest_route=%2Fwp%2Fv2%2Fproduct_tag&post=10174"}],"curies":[{"name":"wp","href":"https:\/\/api.w.org\/{rel}","templated":true}]}}