{"id":10160,"date":"2020-12-30T20:55:49","date_gmt":"2020-12-30T20:55:49","guid":{"rendered":"https:\/\/xn--shop-fr-vegane-und-vegetarische-kost-j0d.de\/?product=fruchtversand24-kartoffeln-glorietta-speisekartoffeln-125kg"},"modified":"2023-04-06T18:39:33","modified_gmt":"2023-04-06T16:39:33","slug":"fruchtversand24-kartoffeln-glorietta-speisekartoffeln-125kg","status":"publish","type":"product","link":"https:\/\/xn--shop-fr-vegane-und-vegetarische-kost-j0d.de\/?product=fruchtversand24-kartoffeln-glorietta-speisekartoffeln-125kg","title":{"rendered":"FRUCHTVERSAND24\u00ae Speisekartoffeln Glorietta 12,5kg | sehr festkochend &amp; aromatisch | f\u00fcr Back- &amp; Bratkartoffeln\u2026"},"content":{"rendered":"<div class=\"disclaim\">Gr\u00f6\u00dfe:<strong>12,5kg<\/strong><\/div>\n<p><!-- show up to 2 reviews by default --><\/p>\n<p>Deutsche Speisekartoffeln Glorietta<\/p>\n<p> &#8211; ungesch\u00e4lt <br \/> &#8211; unbehandelt<br \/> -ungewaschen <\/p>\n<p> Herkunft: Deutschland <\/p>\n<p> Speisekartoffeln aus der L\u00fcneburger Heide (Heidekartoffeln) aus kontrolliert integriertem Anbau.<br \/> Lagerf\u00e4hige Premiumqualit\u00e4t direkt vom Erzeuger (Erzeugerabf\u00fcllung) <br \/> Spitzensortierung <br \/> Versand nur in frostfreier Zeit m\u00f6glich <br \/> Handelsklasse EXTRA gem\u00e4\u00df Berliner-Vereinbarungen <\/p>\n<p> L\u00fcneburger Heidekartoffeln haben immer eine helle, glatte Schale mit flachen Augen und gelbes Fleisch. <br \/> Sie haben bei Verbrauchern eine \u00fcberregionale Bedeutung als schmackhafte regionale Spezialit\u00e4t und sind sehr gut lagerf\u00e4hig. <br \/> Rund 40 Prozent aller deutschen Kartoffeln kommen aus der L\u00fcneburger Heide. <br \/> Ab August bis in den Herbst hinein findet die Kartoffelernte der \u00fcberaus aromatischen Heidekartoffeln statt <br \/> und weckt Vorfreude auf delikaten Kartoffelgenuss. <\/p>\n<p> Glorietta aus der L\u00fcneburger Heide ist eine neue und sehr fr\u00fche Sorte. <br \/> Geschmacklich sehr fein und aromatisch. <br \/> Ihr Fruchtfleisch ist tiefgelb und \u00e4hnelt etwas der Sorte &#8222;Alexandra&#8220;. <br \/> Die sehr feinschalige, glatte und l\u00e4ngliche Glorietta ist absolut sicher sehr festkochend, sehr aromatisch und eignet sich <br \/> hervorragend f\u00fcr Kartoffelsalat und Bratkartoffeln. <\/p>\n<p> Kocheigenschaft: sehr festkochend (hervorragend geeignet f\u00fcr Pell-, Brat-, Ofenkartoffeln sowie Kartoffelsalat, <br \/> &#8230;f\u00fcr den absoluten Delikatess-Salat.) <br \/> Die Lagerung erfolgt idealerweise bei 4-8\u00b0C bei guter Bel\u00fcftung (in Kartoffelkisten oder auf Roste) <br \/> in dunkler Umgebung und nicht zusammen mit \u00c4pfeln. <br \/> Lieferzeitraum: September bis Mai (nur wenn frostfreie Zustellung m\u00f6glich ist) <br \/> weitere Produktinformationen: <\/p>\n<p> Marke: Heidekartoffel <br \/> Lagerung: 4-8\u00b0C Packungsgr\u00f6\u00dfe: 5, 12,5kg \u00fand 25kg-S\u00e4cke <br \/> Zustand: frisch <br \/> Kocheigenschaft: sehr festkochend <br \/> Herkunftsland: Deutschland<\/p>\n<p>unbehandelt und ungewaschen | NEUE ERNTE 2020<br \/>\nSpeisekartoffeln (Heidekartoffeln) aus der L\u00fcneburger Heide aus kontrolliert integriertem Anbau<br \/>\nlagerf\u00e4hige Premiumqualit\u00e4t direkt vom Erzeugerhof &#8222;Hof L\u00fcdemann&#8220;<br \/>\nSpitzensortierung &#8211; Handelsklasse EXTRA gem\u00e4\u00df Berliner-Vereinbarungen<br \/>\nVersand nur in frostfreier Zeit m\u00f6glich<br \/>\n<div class=\"main-cross-sell\" data-asin=\"B081NM4KMZ\">\n\n\t<div class=\"WooZone-cross-sell-loader\">\n\t\t<div>\n\t\t\t<div id=\"floatingBarsG\">\n\t\t\t\t<div class=\"blockG\" id=\"rotateG_01\"><\/div>\n\t\t\t\t<div class=\"blockG\" id=\"rotateG_02\"><\/div>\n\t\t\t\t<div class=\"blockG\" id=\"rotateG_03\"><\/div>\n\t\t\t\t<div class=\"blockG\" id=\"rotateG_04\"><\/div>\n\t\t\t\t<div class=\"blockG\" id=\"rotateG_05\"><\/div>\n\t\t\t\t<div class=\"blockG\" id=\"rotateG_06\"><\/div>\n\t\t\t\t<div class=\"blockG\" id=\"rotateG_07\"><\/div>\n\t\t\t\t<div class=\"blockG\" id=\"rotateG_08\"><\/div>\n\t\t\t<\/div>\n\t\t\t<div class=\"WooZone-cross-sell-loader-text\"><\/div>\n\t\t<\/div>\n\t<\/div>\n\n\t\t\n<\/div>\n<div style=\"clear:both;\"><\/div>\n","protected":false},"excerpt":{"rendered":"<p>unbehandelt und ungewaschen | NEUE ERNTE 2020<br \/>\nSpeisekartoffeln (Heidekartoffeln) aus der L\u00fcneburger Heide aus kontrolliert integriertem Anbau<br \/>\nlagerf\u00e4hige Premiumqualit\u00e4t direkt vom Erzeugerhof &#8222;Hof L\u00fcdemann&#8220;<\/p>\n","protected":false},"featured_media":10161,"comment_status":"open","ping_status":"closed","template":"","meta":[],"product_cat":[63],"product_tag":[],"yoast_head":"<!-- This site is optimized with the Yoast SEO Premium plugin v15.4 - https:\/\/yoast.com\/wordpress\/plugins\/seo\/ -->\n<title>FRUCHTVERSAND24\u00ae Speisekartoffeln Glorietta 12,5kg | sehr festkochend &amp; aromatisch | f\u00fcr Back- &amp; Bratkartoffeln\u2026 - Vegan oder Vegetarisch<\/title>\n<meta name=\"robots\" content=\"index, follow, max-snippet:-1, max-image-preview:large, max-video-preview:-1\" \/>\n<link rel=\"canonical\" href=\"https:\/\/xn--shop-fr-vegane-und-vegetarische-kost-j0d.de\/?product=fruchtversand24-kartoffeln-glorietta-speisekartoffeln-125kg\" \/>\n<meta property=\"og:locale\" content=\"de_DE\" \/>\n<meta property=\"og:type\" content=\"article\" \/>\n<meta property=\"og:title\" content=\"FRUCHTVERSAND24\u00ae Speisekartoffeln Glorietta 12,5kg | sehr festkochend &amp; aromatisch | f\u00fcr Back- &amp; Bratkartoffeln\u2026 - Vegan oder Vegetarisch\" \/>\n<meta property=\"og:description\" content=\"unbehandelt und ungewaschen | NEUE ERNTE 2020 Speisekartoffeln (Heidekartoffeln) aus der L\u00fcneburger Heide aus kontrolliert integriertem Anbau lagerf\u00e4hige Premiumqualit\u00e4t direkt vom Erzeugerhof &quot;Hof L\u00fcdemann&quot;\" \/>\n<meta property=\"og:url\" content=\"https:\/\/xn--shop-fr-vegane-und-vegetarische-kost-j0d.de\/?product=fruchtversand24-kartoffeln-glorietta-speisekartoffeln-125kg\" \/>\n<meta property=\"og:site_name\" content=\"Vegan oder Vegetarisch\" \/>\n<meta property=\"article:modified_time\" content=\"2023-04-06T16:39:33+00:00\" \/>\n<meta property=\"og:image\" content=\"https:\/\/images-na.ssl-images-amazon.com\/images\/I\/4148hjLiTEL.jpg\" \/>\n\t<meta property=\"og:image:width\" content=\"500\" \/>\n\t<meta property=\"og:image:height\" content=\"418\" \/>\n<meta name=\"twitter:card\" content=\"summary_large_image\" \/>\n<meta name=\"twitter:label1\" content=\"Verfasst von\">\n\t<meta name=\"twitter:data1\" content=\"Swen-Olaf Bender\">\n\t<meta name=\"twitter:label2\" content=\"Gesch\u00e4tzte Lesezeit\">\n\t<meta name=\"twitter:data2\" content=\"1\u00a0Minute\">\n<script type=\"application\/ld+json\" class=\"yoast-schema-graph\">{\"@context\":\"https:\/\/schema.org\",\"@graph\":[{\"@type\":\"WebSite\",\"@id\":\"https:\/\/xn--shop-fr-vegane-und-vegetarische-kost-j0d.de\/#website\",\"url\":\"https:\/\/xn--shop-fr-vegane-und-vegetarische-kost-j0d.de\/\",\"name\":\"Vegan oder Vegetarisch\",\"description\":\"Gesund leben, Gesund essen\",\"potentialAction\":[{\"@type\":\"SearchAction\",\"target\":\"https:\/\/xn--shop-fr-vegane-und-vegetarische-kost-j0d.de\/?s={search_term_string}\",\"query-input\":\"required name=search_term_string\"}],\"inLanguage\":\"de\"},{\"@type\":\"ImageObject\",\"@id\":\"https:\/\/xn--shop-fr-vegane-und-vegetarische-kost-j0d.de\/?product=fruchtversand24-kartoffeln-glorietta-speisekartoffeln-125kg#primaryimage\",\"inLanguage\":\"de\",\"url\":\"https:\/\/images-na.ssl-images-amazon.com\/images\/I\/4148hjLiTEL.jpg\",\"width\":500,\"height\":418},{\"@type\":\"WebPage\",\"@id\":\"https:\/\/xn--shop-fr-vegane-und-vegetarische-kost-j0d.de\/?product=fruchtversand24-kartoffeln-glorietta-speisekartoffeln-125kg#webpage\",\"url\":\"https:\/\/xn--shop-fr-vegane-und-vegetarische-kost-j0d.de\/?product=fruchtversand24-kartoffeln-glorietta-speisekartoffeln-125kg\",\"name\":\"FRUCHTVERSAND24\\u00ae Speisekartoffeln Glorietta 12,5kg | sehr festkochend &amp; aromatisch | f\\u00fcr Back- &amp; Bratkartoffeln\\u2026 - Vegan oder Vegetarisch\",\"isPartOf\":{\"@id\":\"https:\/\/xn--shop-fr-vegane-und-vegetarische-kost-j0d.de\/#website\"},\"primaryImageOfPage\":{\"@id\":\"https:\/\/xn--shop-fr-vegane-und-vegetarische-kost-j0d.de\/?product=fruchtversand24-kartoffeln-glorietta-speisekartoffeln-125kg#primaryimage\"},\"datePublished\":\"2020-12-30T20:55:49+00:00\",\"dateModified\":\"2023-04-06T16:39:33+00:00\",\"inLanguage\":\"de\",\"potentialAction\":[{\"@type\":\"ReadAction\",\"target\":[\"https:\/\/xn--shop-fr-vegane-und-vegetarische-kost-j0d.de\/?product=fruchtversand24-kartoffeln-glorietta-speisekartoffeln-125kg\"]}]}]}<\/script>\n<!-- \/ Yoast SEO Premium plugin. -->","_links":{"self":[{"href":"https:\/\/xn--shop-fr-vegane-und-vegetarische-kost-j0d.de\/index.php?rest_route=\/wp\/v2\/product\/10160"}],"collection":[{"href":"https:\/\/xn--shop-fr-vegane-und-vegetarische-kost-j0d.de\/index.php?rest_route=\/wp\/v2\/product"}],"about":[{"href":"https:\/\/xn--shop-fr-vegane-und-vegetarische-kost-j0d.de\/index.php?rest_route=\/wp\/v2\/types\/product"}],"replies":[{"embeddable":true,"href":"https:\/\/xn--shop-fr-vegane-und-vegetarische-kost-j0d.de\/index.php?rest_route=%2Fwp%2Fv2%2Fcomments&post=10160"}],"wp:featuredmedia":[{"embeddable":true,"href":"https:\/\/xn--shop-fr-vegane-und-vegetarische-kost-j0d.de\/index.php?rest_route=\/wp\/v2\/media\/10161"}],"wp:attachment":[{"href":"https:\/\/xn--shop-fr-vegane-und-vegetarische-kost-j0d.de\/index.php?rest_route=%2Fwp%2Fv2%2Fmedia&parent=10160"}],"wp:term":[{"taxonomy":"product_cat","embeddable":true,"href":"https:\/\/xn--shop-fr-vegane-und-vegetarische-kost-j0d.de\/index.php?rest_route=%2Fwp%2Fv2%2Fproduct_cat&post=10160"},{"taxonomy":"product_tag","embeddable":true,"href":"https:\/\/xn--shop-fr-vegane-und-vegetarische-kost-j0d.de\/index.php?rest_route=%2Fwp%2Fv2%2Fproduct_tag&post=10160"}],"curies":[{"name":"wp","href":"https:\/\/api.w.org\/{rel}","templated":true}]}}