{"id":10148,"date":"2020-12-30T20:55:31","date_gmt":"2020-12-30T20:55:31","guid":{"rendered":"https:\/\/xn--shop-fr-vegane-und-vegetarische-kost-j0d.de\/?product=fruchtversand24-kartoffeln-alexandra-speisekartoffeln-25kg"},"modified":"2023-04-06T18:39:32","modified_gmt":"2023-04-06T16:39:32","slug":"fruchtversand24-kartoffeln-alexandra-speisekartoffeln-25kg","status":"publish","type":"product","link":"https:\/\/xn--shop-fr-vegane-und-vegetarische-kost-j0d.de\/?product=fruchtversand24-kartoffeln-alexandra-speisekartoffeln-25kg","title":{"rendered":"FRUCHTVERSAND24\u00ae Kartoffeln Alexandra (Speisekartoffeln) 25kg"},"content":{"rendered":"<div class=\"disclaim\">Gr\u00f6\u00dfe:<strong>25kg<\/strong><\/div>\n<p><!-- show up to 2 reviews by default --><\/p>\n<p>Deutsche Speisekartoffeln Alexandra, ungesch\u00e4lt unbehandelt und ungewaschen Herkunft: Deutschland Speisekartoffeln aus der L\u00fcneburger Heide (Heidekartoffeln) aus kontrolliert integriertem Anbau lagerf\u00e4hige Premiumqualit\u00e4t direkt vom Erzeuger (Erzeugerabf\u00fcllung) Spitzensortierung Versand nur in frostfreier Zeit m\u00f6glich Handelsklasse EXTRA gem\u00e4\u00df Berliner-Vereinbarungen L\u00fcneburger Heidekartoffeln haben immer eine helle, glatte Schale mit flachen Augen und gelbes Fleisch. Sie haben bei Verbrauchern eine \u00fcberregionale Bedeutung als schmackhafte regionale Spezialit\u00e4t und sind sehr gut lagerf\u00e4hig. Rund 40 Prozent aller deutschen Kartoffeln kommen aus der L\u00fcneburger Heide. Ab August bis in den Herbst hinein findet die Kartoffelernte der \u00fcberaus aromatischen Heidekartoffeln statt und weckt Vorfreude auf delikaten Kartoffelgenuss. ALEXANDRA die festkochende Premium Fr\u00fchkartoffel &#8222;schick in Schale&#8220;! Sie ist eine festkochende und sehr fr\u00fche Kartoffelsorte und gliedert sich im Segment der Topsorten ein und ist eine echte GOURMET-SORTE mit sehr feinem kernigen Geschmack. Ihre Fleischfarbe ist tief gelb, die feine Schale und die flachen Augen l\u00e4sst diese Knolle in einem besonders sch\u00f6nen Licht erscheinen. Nicht nur die Optik sondern auch der un\u00fcbertreffliche Geschmack ist nahezu unvergleichlich. Kocheigenschaft: vorwiegend festkochend (hervorragend geeignet f\u00fcr Salz-, Pell-, Brat-, Ofen- und Gratinkartoffeln sowie Kartoffelsalat) Die Lagerung erfolgt idealerweise bei 4-8\u00b0C bei guter Bel\u00fcftung (in Kartoffelkisten oder auf Roste) in dunkler Umgebung und nicht zusammen mit \u00c4pfeln. Lieferzeitraum: September bis Mai (nur wenn frostfreie Zustellung m\u00f6glich ist) weitere Produktinformationen: Marke: Heidekartoffel Lagerung: 4-8\u00b0C Packungsgr\u00f6\u00dfe: 12,5kg und 25kg-S\u00e4cke Zustand: frisch Kocheigenschaft: vorwiegend festkochend Herkunftsland: Deutschland<\/p>\n<p>unbehandelt und ungewaschen<br \/>\nSpeisekartoffeln (Heidekartoffeln) aus der L\u00fcneburger Heide aus kontrolliert integriertem Anbau<br \/>\nlagerf\u00e4hige Premiumqualit\u00e4t direkt vom Erzeugerhof &#8222;Hof L\u00fcdemann&#8220;<br \/>\nSpitzensortierung &#8211; Qualit\u00e4tsstufe (Handelsklasse) EXTRA gem\u00e4\u00df Berliner-Vereinbarungen<br \/>\nVersand nur in frostfreier Zeit m\u00f6glich<br \/>\n<div class=\"main-cross-sell\" data-asin=\"B01MT127RK\">\n\n\t<div class=\"WooZone-cross-sell-loader\">\n\t\t<div>\n\t\t\t<div id=\"floatingBarsG\">\n\t\t\t\t<div class=\"blockG\" id=\"rotateG_01\"><\/div>\n\t\t\t\t<div class=\"blockG\" id=\"rotateG_02\"><\/div>\n\t\t\t\t<div class=\"blockG\" id=\"rotateG_03\"><\/div>\n\t\t\t\t<div class=\"blockG\" id=\"rotateG_04\"><\/div>\n\t\t\t\t<div class=\"blockG\" id=\"rotateG_05\"><\/div>\n\t\t\t\t<div class=\"blockG\" id=\"rotateG_06\"><\/div>\n\t\t\t\t<div class=\"blockG\" id=\"rotateG_07\"><\/div>\n\t\t\t\t<div class=\"blockG\" id=\"rotateG_08\"><\/div>\n\t\t\t<\/div>\n\t\t\t<div class=\"WooZone-cross-sell-loader-text\"><\/div>\n\t\t<\/div>\n\t<\/div>\n\n\t\t\n<\/div>\n<div style=\"clear:both;\"><\/div>\n","protected":false},"excerpt":{"rendered":"<p>unbehandelt und ungewaschen<br \/>\nSpeisekartoffeln (Heidekartoffeln) aus der L\u00fcneburger Heide aus kontrolliert integriertem Anbau<br \/>\nlagerf\u00e4hige Premiumqualit\u00e4t direkt vom Erzeugerhof &#8222;Hof L\u00fcdemann&#8220;<\/p>\n","protected":false},"featured_media":10149,"comment_status":"open","ping_status":"closed","template":"","meta":[],"product_cat":[63],"product_tag":[],"yoast_head":"<!-- This site is optimized with the Yoast SEO Premium plugin v15.4 - https:\/\/yoast.com\/wordpress\/plugins\/seo\/ -->\n<title>FRUCHTVERSAND24\u00ae Kartoffeln Alexandra (Speisekartoffeln) 25kg - Vegan oder Vegetarisch<\/title>\n<meta name=\"robots\" content=\"index, follow, max-snippet:-1, max-image-preview:large, max-video-preview:-1\" \/>\n<link rel=\"canonical\" href=\"https:\/\/xn--shop-fr-vegane-und-vegetarische-kost-j0d.de\/?product=fruchtversand24-kartoffeln-alexandra-speisekartoffeln-25kg\" \/>\n<meta property=\"og:locale\" content=\"de_DE\" \/>\n<meta property=\"og:type\" content=\"article\" \/>\n<meta property=\"og:title\" content=\"FRUCHTVERSAND24\u00ae Kartoffeln Alexandra (Speisekartoffeln) 25kg - Vegan oder Vegetarisch\" \/>\n<meta property=\"og:description\" content=\"unbehandelt und ungewaschen Speisekartoffeln (Heidekartoffeln) aus der L\u00fcneburger Heide aus kontrolliert integriertem Anbau lagerf\u00e4hige Premiumqualit\u00e4t direkt vom Erzeugerhof &quot;Hof L\u00fcdemann&quot;\" \/>\n<meta property=\"og:url\" content=\"https:\/\/xn--shop-fr-vegane-und-vegetarische-kost-j0d.de\/?product=fruchtversand24-kartoffeln-alexandra-speisekartoffeln-25kg\" \/>\n<meta property=\"og:site_name\" content=\"Vegan oder Vegetarisch\" \/>\n<meta property=\"article:modified_time\" content=\"2023-04-06T16:39:32+00:00\" \/>\n<meta property=\"og:image\" content=\"https:\/\/images-na.ssl-images-amazon.com\/images\/I\/41pXAkZZXFL.jpg\" \/>\n\t<meta property=\"og:image:width\" content=\"500\" \/>\n\t<meta property=\"og:image:height\" content=\"418\" \/>\n<meta name=\"twitter:card\" content=\"summary_large_image\" \/>\n<meta name=\"twitter:label1\" content=\"Verfasst von\">\n\t<meta name=\"twitter:data1\" content=\"Swen-Olaf Bender\">\n\t<meta name=\"twitter:label2\" content=\"Gesch\u00e4tzte Lesezeit\">\n\t<meta name=\"twitter:data2\" content=\"1\u00a0Minute\">\n<script type=\"application\/ld+json\" class=\"yoast-schema-graph\">{\"@context\":\"https:\/\/schema.org\",\"@graph\":[{\"@type\":\"WebSite\",\"@id\":\"https:\/\/xn--shop-fr-vegane-und-vegetarische-kost-j0d.de\/#website\",\"url\":\"https:\/\/xn--shop-fr-vegane-und-vegetarische-kost-j0d.de\/\",\"name\":\"Vegan oder Vegetarisch\",\"description\":\"Gesund leben, Gesund essen\",\"potentialAction\":[{\"@type\":\"SearchAction\",\"target\":\"https:\/\/xn--shop-fr-vegane-und-vegetarische-kost-j0d.de\/?s={search_term_string}\",\"query-input\":\"required name=search_term_string\"}],\"inLanguage\":\"de\"},{\"@type\":\"ImageObject\",\"@id\":\"https:\/\/xn--shop-fr-vegane-und-vegetarische-kost-j0d.de\/?product=fruchtversand24-kartoffeln-alexandra-speisekartoffeln-25kg#primaryimage\",\"inLanguage\":\"de\",\"url\":\"https:\/\/images-na.ssl-images-amazon.com\/images\/I\/41pXAkZZXFL.jpg\",\"width\":500,\"height\":418},{\"@type\":\"WebPage\",\"@id\":\"https:\/\/xn--shop-fr-vegane-und-vegetarische-kost-j0d.de\/?product=fruchtversand24-kartoffeln-alexandra-speisekartoffeln-25kg#webpage\",\"url\":\"https:\/\/xn--shop-fr-vegane-und-vegetarische-kost-j0d.de\/?product=fruchtversand24-kartoffeln-alexandra-speisekartoffeln-25kg\",\"name\":\"FRUCHTVERSAND24\\u00ae Kartoffeln Alexandra (Speisekartoffeln) 25kg - Vegan oder Vegetarisch\",\"isPartOf\":{\"@id\":\"https:\/\/xn--shop-fr-vegane-und-vegetarische-kost-j0d.de\/#website\"},\"primaryImageOfPage\":{\"@id\":\"https:\/\/xn--shop-fr-vegane-und-vegetarische-kost-j0d.de\/?product=fruchtversand24-kartoffeln-alexandra-speisekartoffeln-25kg#primaryimage\"},\"datePublished\":\"2020-12-30T20:55:31+00:00\",\"dateModified\":\"2023-04-06T16:39:32+00:00\",\"inLanguage\":\"de\",\"potentialAction\":[{\"@type\":\"ReadAction\",\"target\":[\"https:\/\/xn--shop-fr-vegane-und-vegetarische-kost-j0d.de\/?product=fruchtversand24-kartoffeln-alexandra-speisekartoffeln-25kg\"]}]}]}<\/script>\n<!-- \/ Yoast SEO Premium plugin. -->","_links":{"self":[{"href":"https:\/\/xn--shop-fr-vegane-und-vegetarische-kost-j0d.de\/index.php?rest_route=\/wp\/v2\/product\/10148"}],"collection":[{"href":"https:\/\/xn--shop-fr-vegane-und-vegetarische-kost-j0d.de\/index.php?rest_route=\/wp\/v2\/product"}],"about":[{"href":"https:\/\/xn--shop-fr-vegane-und-vegetarische-kost-j0d.de\/index.php?rest_route=\/wp\/v2\/types\/product"}],"replies":[{"embeddable":true,"href":"https:\/\/xn--shop-fr-vegane-und-vegetarische-kost-j0d.de\/index.php?rest_route=%2Fwp%2Fv2%2Fcomments&post=10148"}],"wp:featuredmedia":[{"embeddable":true,"href":"https:\/\/xn--shop-fr-vegane-und-vegetarische-kost-j0d.de\/index.php?rest_route=\/wp\/v2\/media\/10149"}],"wp:attachment":[{"href":"https:\/\/xn--shop-fr-vegane-und-vegetarische-kost-j0d.de\/index.php?rest_route=%2Fwp%2Fv2%2Fmedia&parent=10148"}],"wp:term":[{"taxonomy":"product_cat","embeddable":true,"href":"https:\/\/xn--shop-fr-vegane-und-vegetarische-kost-j0d.de\/index.php?rest_route=%2Fwp%2Fv2%2Fproduct_cat&post=10148"},{"taxonomy":"product_tag","embeddable":true,"href":"https:\/\/xn--shop-fr-vegane-und-vegetarische-kost-j0d.de\/index.php?rest_route=%2Fwp%2Fv2%2Fproduct_tag&post=10148"}],"curies":[{"name":"wp","href":"https:\/\/api.w.org\/{rel}","templated":true}]}}