{"id":10142,"date":"2020-12-30T20:55:27","date_gmt":"2020-12-30T20:55:27","guid":{"rendered":"https:\/\/xn--shop-fr-vegane-und-vegetarische-kost-j0d.de\/?product=fruchtversand24-florida-grapefruit-star-ruby-super-dark-red-8kg"},"modified":"2023-04-06T18:39:32","modified_gmt":"2023-04-06T16:39:32","slug":"fruchtversand24-florida-grapefruit-star-ruby-super-dark-red-8kg","status":"publish","type":"product","link":"https:\/\/xn--shop-fr-vegane-und-vegetarische-kost-j0d.de\/?product=fruchtversand24-florida-grapefruit-star-ruby-super-dark-red-8kg","title":{"rendered":"FRUCHTVERSAND24\u00ae Florida Grapefruit (Star Ruby) Super Dark Red (8kg)"},"content":{"rendered":"<div class=\"disclaim\">Gr\u00f6\u00dfe:<strong>8kg<\/strong><\/div>\n<p><!-- show up to 2 reviews by default --><\/p>\n<h3>Produktbeschreibungen<\/h3>\n<p>Florida-Grapefruit, Kleinkiste 8kg<br \/> F\u00fcr echte Kenner &#8211; von Nikolaus bis Ostern<br \/> dicke Florida StarRuby Grapefruit vom Indian River<\/p>\n<p> Bestandteile<br \/> frische Grapefruit<br \/> Inhalt: 23-28 St\u00fcck (8kg netto) oder 40-56 St\u00fcck (15kg netto)<\/p>\n<p> Schale zum Verzehr nicht geeignet (k\u00fcnstlich gewachst mit Imazalil)<\/p>\n<p> Dicke Florida StarRuby Grapefruit vom Indian River &#8230;<\/p>\n<p> Herkunft: Florida (USA) Indian River <br \/> hocharomatische tiefrote Florida-Grapefruit <br \/> sonnengereift <br \/> vollsaftig <br \/> d\u00fcnnschalig <br \/> frische und sehr haltbare Ware <br \/> Direktimport ohne Zwischenhandel<br \/> In diesem relativ kleinen Gebiet nahe der Golfstromk\u00fcste wachsen diese feinsten tief rotfleischigen nat\u00fcrlichen Vitaminbomben.<\/p>\n<p> Diese zarten und subtropischen Fr\u00fcchte sind d\u00fcnnschalig, mild und s\u00fc\u00df, so richtige Saftbeh\u00e4lter.<br \/> Man kann sie ausl\u00f6ffeln, saften oder gesch\u00e4lt &#8222;so essen&#8220; &#8211; eine Delikatesse!!<\/p>\n<p> Lieferzeitraum: November bis April<\/p>\n<p> weitere Produktinformationen<br \/> Lagerung: trocken und luftig bei 6-10\u00b0C<\/p>\n<p> Warnhinweise<br \/> Schale zum Verzehr nicht geeignet (k\u00fcnstlich gewachst mit Imazalil)<\/p>\n<h3>Inhaltsstoffe \/ Zutaten<\/h3>\n<p>frische Grapefruit (Frucht) mit Schale<\/p>\n<div data-a-expander-name=\"toggle_description\" class=\"a-row a-expander-container a-expander-extend-container\">P.when(&#8218;A&#8216;).execute(function(A) {A.on(&#8218;a:expander:toggle_description:toggle:collapse&#8216;, function(data) {window.scroll(0, data.expander.$expander[0].offsetTop-100);});});<\/p>\n<div class=\"a-expander-content a-expander-extend-content\">\n<h3>Warnhinweise<\/h3>\n<p>Schale zum Verzehr nicht geeignet (K\u00fcnstlich gewachst mit Imazalil)<\/p>\n<\/div>\n<p><a href=\"void(0)\" data-action=\"a-expander-toggle\" class=\"a-expander-header a-declarative a-expander-extend-header\" data-a-expander-toggle=\"{&quot;allowLinkDefault&quot;:true, &quot;expand_prompt&quot;:&quot;Mehr&quot;, &quot;collapse_prompt&quot;:&quot;Weniger anzeigen&quot;}\"><i class=\"a-icon a-icon-extender-expand\"><\/i><span class=\"a-expander-prompt\">Mehr<\/span><\/a><\/div>\n<p>rotfleischige Grapefruit vom Indian River<br \/>\nhocharomatische tiefrote Florida-Grapefruit<br \/>\nsonnengereift und vollsaftig<br \/>\nd\u00fcnnschalig<br \/>\nFr\u00fcchte sind konserviert (k\u00fcnstlich gewachst) mit Imazalil<br \/>\n<div class=\"main-cross-sell\" data-asin=\"B0813SHZCM\">\n\n\t<div class=\"WooZone-cross-sell-loader\">\n\t\t<div>\n\t\t\t<div id=\"floatingBarsG\">\n\t\t\t\t<div class=\"blockG\" id=\"rotateG_01\"><\/div>\n\t\t\t\t<div class=\"blockG\" id=\"rotateG_02\"><\/div>\n\t\t\t\t<div class=\"blockG\" id=\"rotateG_03\"><\/div>\n\t\t\t\t<div class=\"blockG\" id=\"rotateG_04\"><\/div>\n\t\t\t\t<div class=\"blockG\" id=\"rotateG_05\"><\/div>\n\t\t\t\t<div class=\"blockG\" id=\"rotateG_06\"><\/div>\n\t\t\t\t<div class=\"blockG\" id=\"rotateG_07\"><\/div>\n\t\t\t\t<div class=\"blockG\" id=\"rotateG_08\"><\/div>\n\t\t\t<\/div>\n\t\t\t<div class=\"WooZone-cross-sell-loader-text\"><\/div>\n\t\t<\/div>\n\t<\/div>\n\n\t\t\n<\/div>\n<div style=\"clear:both;\"><\/div>\n","protected":false},"excerpt":{"rendered":"<p>rotfleischige Grapefruit vom Indian River<br \/>\nhocharomatische tiefrote Florida-Grapefruit<br \/>\nsonnengereift und vollsaftig<\/p>\n","protected":false},"featured_media":10143,"comment_status":"open","ping_status":"closed","template":"","meta":[],"product_cat":[63],"product_tag":[],"yoast_head":"<!-- This site is optimized with the Yoast SEO Premium plugin v15.4 - https:\/\/yoast.com\/wordpress\/plugins\/seo\/ -->\n<title>FRUCHTVERSAND24\u00ae Florida Grapefruit (Star Ruby) Super Dark Red (8kg) - Vegan oder Vegetarisch<\/title>\n<meta name=\"robots\" content=\"index, follow, max-snippet:-1, max-image-preview:large, max-video-preview:-1\" \/>\n<link rel=\"canonical\" href=\"https:\/\/xn--shop-fr-vegane-und-vegetarische-kost-j0d.de\/?product=fruchtversand24-florida-grapefruit-star-ruby-super-dark-red-8kg\" \/>\n<meta property=\"og:locale\" content=\"de_DE\" \/>\n<meta property=\"og:type\" content=\"article\" \/>\n<meta property=\"og:title\" content=\"FRUCHTVERSAND24\u00ae Florida Grapefruit (Star Ruby) Super Dark Red (8kg) - Vegan oder Vegetarisch\" \/>\n<meta property=\"og:description\" content=\"rotfleischige Grapefruit vom Indian River hocharomatische tiefrote Florida-Grapefruit sonnengereift und vollsaftig\" \/>\n<meta property=\"og:url\" content=\"https:\/\/xn--shop-fr-vegane-und-vegetarische-kost-j0d.de\/?product=fruchtversand24-florida-grapefruit-star-ruby-super-dark-red-8kg\" \/>\n<meta property=\"og:site_name\" content=\"Vegan oder Vegetarisch\" \/>\n<meta property=\"article:modified_time\" content=\"2023-04-06T16:39:32+00:00\" \/>\n<meta property=\"og:image\" content=\"https:\/\/images-na.ssl-images-amazon.com\/images\/I\/41Lrh29B0XL.jpg\" \/>\n\t<meta property=\"og:image:width\" content=\"500\" \/>\n\t<meta property=\"og:image:height\" content=\"375\" \/>\n<meta name=\"twitter:card\" content=\"summary_large_image\" \/>\n<meta name=\"twitter:label1\" content=\"Verfasst von\">\n\t<meta name=\"twitter:data1\" content=\"Swen-Olaf Bender\">\n\t<meta name=\"twitter:label2\" content=\"Gesch\u00e4tzte Lesezeit\">\n\t<meta name=\"twitter:data2\" content=\"1\u00a0Minute\">\n<script type=\"application\/ld+json\" class=\"yoast-schema-graph\">{\"@context\":\"https:\/\/schema.org\",\"@graph\":[{\"@type\":\"WebSite\",\"@id\":\"https:\/\/xn--shop-fr-vegane-und-vegetarische-kost-j0d.de\/#website\",\"url\":\"https:\/\/xn--shop-fr-vegane-und-vegetarische-kost-j0d.de\/\",\"name\":\"Vegan oder Vegetarisch\",\"description\":\"Gesund leben, Gesund essen\",\"potentialAction\":[{\"@type\":\"SearchAction\",\"target\":\"https:\/\/xn--shop-fr-vegane-und-vegetarische-kost-j0d.de\/?s={search_term_string}\",\"query-input\":\"required name=search_term_string\"}],\"inLanguage\":\"de\"},{\"@type\":\"ImageObject\",\"@id\":\"https:\/\/xn--shop-fr-vegane-und-vegetarische-kost-j0d.de\/?product=fruchtversand24-florida-grapefruit-star-ruby-super-dark-red-8kg#primaryimage\",\"inLanguage\":\"de\",\"url\":\"https:\/\/images-na.ssl-images-amazon.com\/images\/I\/41Lrh29B0XL.jpg\",\"width\":500,\"height\":375},{\"@type\":\"WebPage\",\"@id\":\"https:\/\/xn--shop-fr-vegane-und-vegetarische-kost-j0d.de\/?product=fruchtversand24-florida-grapefruit-star-ruby-super-dark-red-8kg#webpage\",\"url\":\"https:\/\/xn--shop-fr-vegane-und-vegetarische-kost-j0d.de\/?product=fruchtversand24-florida-grapefruit-star-ruby-super-dark-red-8kg\",\"name\":\"FRUCHTVERSAND24\\u00ae Florida Grapefruit (Star Ruby) Super Dark Red (8kg) - Vegan oder Vegetarisch\",\"isPartOf\":{\"@id\":\"https:\/\/xn--shop-fr-vegane-und-vegetarische-kost-j0d.de\/#website\"},\"primaryImageOfPage\":{\"@id\":\"https:\/\/xn--shop-fr-vegane-und-vegetarische-kost-j0d.de\/?product=fruchtversand24-florida-grapefruit-star-ruby-super-dark-red-8kg#primaryimage\"},\"datePublished\":\"2020-12-30T20:55:27+00:00\",\"dateModified\":\"2023-04-06T16:39:32+00:00\",\"inLanguage\":\"de\",\"potentialAction\":[{\"@type\":\"ReadAction\",\"target\":[\"https:\/\/xn--shop-fr-vegane-und-vegetarische-kost-j0d.de\/?product=fruchtversand24-florida-grapefruit-star-ruby-super-dark-red-8kg\"]}]}]}<\/script>\n<!-- \/ Yoast SEO Premium plugin. -->","_links":{"self":[{"href":"https:\/\/xn--shop-fr-vegane-und-vegetarische-kost-j0d.de\/index.php?rest_route=\/wp\/v2\/product\/10142"}],"collection":[{"href":"https:\/\/xn--shop-fr-vegane-und-vegetarische-kost-j0d.de\/index.php?rest_route=\/wp\/v2\/product"}],"about":[{"href":"https:\/\/xn--shop-fr-vegane-und-vegetarische-kost-j0d.de\/index.php?rest_route=\/wp\/v2\/types\/product"}],"replies":[{"embeddable":true,"href":"https:\/\/xn--shop-fr-vegane-und-vegetarische-kost-j0d.de\/index.php?rest_route=%2Fwp%2Fv2%2Fcomments&post=10142"}],"wp:featuredmedia":[{"embeddable":true,"href":"https:\/\/xn--shop-fr-vegane-und-vegetarische-kost-j0d.de\/index.php?rest_route=\/wp\/v2\/media\/10143"}],"wp:attachment":[{"href":"https:\/\/xn--shop-fr-vegane-und-vegetarische-kost-j0d.de\/index.php?rest_route=%2Fwp%2Fv2%2Fmedia&parent=10142"}],"wp:term":[{"taxonomy":"product_cat","embeddable":true,"href":"https:\/\/xn--shop-fr-vegane-und-vegetarische-kost-j0d.de\/index.php?rest_route=%2Fwp%2Fv2%2Fproduct_cat&post=10142"},{"taxonomy":"product_tag","embeddable":true,"href":"https:\/\/xn--shop-fr-vegane-und-vegetarische-kost-j0d.de\/index.php?rest_route=%2Fwp%2Fv2%2Fproduct_tag&post=10142"}],"curies":[{"name":"wp","href":"https:\/\/api.w.org\/{rel}","templated":true}]}}