{"id":10121,"date":"2020-12-30T20:53:58","date_gmt":"2020-12-30T20:53:58","guid":{"rendered":"https:\/\/xn--shop-fr-vegane-und-vegetarische-kost-j0d.de\/?product=bleichhof-aepfel-royal-gala-feste-suesse-sorte-aus-der-pfalz-5kg-neue-ernte-2020"},"modified":"2023-04-06T18:39:32","modified_gmt":"2023-04-06T16:39:32","slug":"bleichhof-aepfel-royal-gala-feste-suesse-sorte-aus-der-pfalz-5kg-neue-ernte-2020","status":"publish","type":"product","link":"https:\/\/xn--shop-fr-vegane-und-vegetarische-kost-j0d.de\/?product=bleichhof-aepfel-royal-gala-feste-suesse-sorte-aus-der-pfalz-5kg-neue-ernte-2020","title":{"rendered":"Bleichhof \u00c4pfel Royal Gala &#8211; feste, s\u00fc\u00dfe Sorte aus der Pfalz (5kg) Neue Ernte"},"content":{"rendered":"<p>Royal Gala \u00c4pfel sind sehr fest und s\u00fc\u00df im Geschmack. Sie ist eine Kreuzung aus Kidds Orange und Golden Delicious.<br \/>\nNeue Ernte 2020<br \/>\n\u00c4pfel aus nachhaltigem extensiven Anbau aus Meckenheim in der Pfalz<br \/>\nNachhaltiges Obst in Premiumqualit\u00e4t, immer frisch und hervorragender Geschmack.<br \/>\nHerstellung im Familienbetrieb in der 3. Generation<br \/>\n<div class=\"main-cross-sell\" data-asin=\"B07HQNK5ZC\">\n\n\t<div class=\"WooZone-cross-sell-loader\">\n\t\t<div>\n\t\t\t<div id=\"floatingBarsG\">\n\t\t\t\t<div class=\"blockG\" id=\"rotateG_01\"><\/div>\n\t\t\t\t<div class=\"blockG\" id=\"rotateG_02\"><\/div>\n\t\t\t\t<div class=\"blockG\" id=\"rotateG_03\"><\/div>\n\t\t\t\t<div class=\"blockG\" id=\"rotateG_04\"><\/div>\n\t\t\t\t<div class=\"blockG\" id=\"rotateG_05\"><\/div>\n\t\t\t\t<div class=\"blockG\" id=\"rotateG_06\"><\/div>\n\t\t\t\t<div class=\"blockG\" id=\"rotateG_07\"><\/div>\n\t\t\t\t<div class=\"blockG\" id=\"rotateG_08\"><\/div>\n\t\t\t<\/div>\n\t\t\t<div class=\"WooZone-cross-sell-loader-text\"><\/div>\n\t\t<\/div>\n\t<\/div>\n\n\t\t\n<\/div>\n<div style=\"clear:both;\"><\/div>\n","protected":false},"excerpt":{"rendered":"<p>Royal Gala \u00c4pfel sind sehr fest und s\u00fc\u00df im Geschmack. Sie ist eine Kreuzung aus Kidds Orange und Golden Delicious.<br \/>\nNeue Ernte 2020<br \/>\n\u00c4pfel aus nachhaltigem extensiven Anbau aus Meckenheim in der Pfalz<\/p>\n","protected":false},"featured_media":10122,"comment_status":"open","ping_status":"closed","template":"","meta":[],"product_cat":[63],"product_tag":[],"yoast_head":"<!-- This site is optimized with the Yoast SEO Premium plugin v15.4 - https:\/\/yoast.com\/wordpress\/plugins\/seo\/ -->\n<title>Bleichhof \u00c4pfel Royal Gala - feste, s\u00fc\u00dfe Sorte aus der Pfalz (5kg) Neue Ernte - Vegan oder Vegetarisch<\/title>\n<meta name=\"robots\" content=\"index, follow, max-snippet:-1, max-image-preview:large, max-video-preview:-1\" \/>\n<link rel=\"canonical\" href=\"https:\/\/xn--shop-fr-vegane-und-vegetarische-kost-j0d.de\/?product=bleichhof-aepfel-royal-gala-feste-suesse-sorte-aus-der-pfalz-5kg-neue-ernte-2020\" \/>\n<meta property=\"og:locale\" content=\"de_DE\" \/>\n<meta property=\"og:type\" content=\"article\" \/>\n<meta property=\"og:title\" content=\"Bleichhof \u00c4pfel Royal Gala - feste, s\u00fc\u00dfe Sorte aus der Pfalz (5kg) Neue Ernte - Vegan oder Vegetarisch\" \/>\n<meta property=\"og:description\" content=\"Royal Gala \u00c4pfel sind sehr fest und s\u00fc\u00df im Geschmack. Sie ist eine Kreuzung aus Kidds Orange und Golden Delicious. Neue Ernte 2020 \u00c4pfel aus nachhaltigem extensiven Anbau aus Meckenheim in der Pfalz\" \/>\n<meta property=\"og:url\" content=\"https:\/\/xn--shop-fr-vegane-und-vegetarische-kost-j0d.de\/?product=bleichhof-aepfel-royal-gala-feste-suesse-sorte-aus-der-pfalz-5kg-neue-ernte-2020\" \/>\n<meta property=\"og:site_name\" content=\"Vegan oder Vegetarisch\" \/>\n<meta property=\"article:modified_time\" content=\"2023-04-06T16:39:32+00:00\" \/>\n<meta property=\"og:image\" content=\"https:\/\/images-na.ssl-images-amazon.com\/images\/I\/41wPNjSTGVL.jpg\" \/>\n\t<meta property=\"og:image:width\" content=\"500\" \/>\n\t<meta property=\"og:image:height\" content=\"386\" \/>\n<meta name=\"twitter:card\" content=\"summary_large_image\" \/>\n<meta name=\"twitter:label1\" content=\"Verfasst von\">\n\t<meta name=\"twitter:data1\" content=\"Swen-Olaf Bender\">\n\t<meta name=\"twitter:label2\" content=\"Gesch\u00e4tzte Lesezeit\">\n\t<meta name=\"twitter:data2\" content=\"0\u00a0Minuten\">\n<script type=\"application\/ld+json\" class=\"yoast-schema-graph\">{\"@context\":\"https:\/\/schema.org\",\"@graph\":[{\"@type\":\"WebSite\",\"@id\":\"https:\/\/xn--shop-fr-vegane-und-vegetarische-kost-j0d.de\/#website\",\"url\":\"https:\/\/xn--shop-fr-vegane-und-vegetarische-kost-j0d.de\/\",\"name\":\"Vegan oder Vegetarisch\",\"description\":\"Gesund leben, Gesund essen\",\"potentialAction\":[{\"@type\":\"SearchAction\",\"target\":\"https:\/\/xn--shop-fr-vegane-und-vegetarische-kost-j0d.de\/?s={search_term_string}\",\"query-input\":\"required name=search_term_string\"}],\"inLanguage\":\"de\"},{\"@type\":\"ImageObject\",\"@id\":\"https:\/\/xn--shop-fr-vegane-und-vegetarische-kost-j0d.de\/?product=bleichhof-aepfel-royal-gala-feste-suesse-sorte-aus-der-pfalz-5kg-neue-ernte-2020#primaryimage\",\"inLanguage\":\"de\",\"url\":\"https:\/\/images-na.ssl-images-amazon.com\/images\/I\/41wPNjSTGVL.jpg\",\"width\":500,\"height\":386},{\"@type\":\"WebPage\",\"@id\":\"https:\/\/xn--shop-fr-vegane-und-vegetarische-kost-j0d.de\/?product=bleichhof-aepfel-royal-gala-feste-suesse-sorte-aus-der-pfalz-5kg-neue-ernte-2020#webpage\",\"url\":\"https:\/\/xn--shop-fr-vegane-und-vegetarische-kost-j0d.de\/?product=bleichhof-aepfel-royal-gala-feste-suesse-sorte-aus-der-pfalz-5kg-neue-ernte-2020\",\"name\":\"Bleichhof \\u00c4pfel Royal Gala - feste, s\\u00fc\\u00dfe Sorte aus der Pfalz (5kg) Neue Ernte - Vegan oder Vegetarisch\",\"isPartOf\":{\"@id\":\"https:\/\/xn--shop-fr-vegane-und-vegetarische-kost-j0d.de\/#website\"},\"primaryImageOfPage\":{\"@id\":\"https:\/\/xn--shop-fr-vegane-und-vegetarische-kost-j0d.de\/?product=bleichhof-aepfel-royal-gala-feste-suesse-sorte-aus-der-pfalz-5kg-neue-ernte-2020#primaryimage\"},\"datePublished\":\"2020-12-30T20:53:58+00:00\",\"dateModified\":\"2023-04-06T16:39:32+00:00\",\"inLanguage\":\"de\",\"potentialAction\":[{\"@type\":\"ReadAction\",\"target\":[\"https:\/\/xn--shop-fr-vegane-und-vegetarische-kost-j0d.de\/?product=bleichhof-aepfel-royal-gala-feste-suesse-sorte-aus-der-pfalz-5kg-neue-ernte-2020\"]}]}]}<\/script>\n<!-- \/ Yoast SEO Premium plugin. -->","_links":{"self":[{"href":"https:\/\/xn--shop-fr-vegane-und-vegetarische-kost-j0d.de\/index.php?rest_route=\/wp\/v2\/product\/10121"}],"collection":[{"href":"https:\/\/xn--shop-fr-vegane-und-vegetarische-kost-j0d.de\/index.php?rest_route=\/wp\/v2\/product"}],"about":[{"href":"https:\/\/xn--shop-fr-vegane-und-vegetarische-kost-j0d.de\/index.php?rest_route=\/wp\/v2\/types\/product"}],"replies":[{"embeddable":true,"href":"https:\/\/xn--shop-fr-vegane-und-vegetarische-kost-j0d.de\/index.php?rest_route=%2Fwp%2Fv2%2Fcomments&post=10121"}],"wp:featuredmedia":[{"embeddable":true,"href":"https:\/\/xn--shop-fr-vegane-und-vegetarische-kost-j0d.de\/index.php?rest_route=\/wp\/v2\/media\/10122"}],"wp:attachment":[{"href":"https:\/\/xn--shop-fr-vegane-und-vegetarische-kost-j0d.de\/index.php?rest_route=%2Fwp%2Fv2%2Fmedia&parent=10121"}],"wp:term":[{"taxonomy":"product_cat","embeddable":true,"href":"https:\/\/xn--shop-fr-vegane-und-vegetarische-kost-j0d.de\/index.php?rest_route=%2Fwp%2Fv2%2Fproduct_cat&post=10121"},{"taxonomy":"product_tag","embeddable":true,"href":"https:\/\/xn--shop-fr-vegane-und-vegetarische-kost-j0d.de\/index.php?rest_route=%2Fwp%2Fv2%2Fproduct_tag&post=10121"}],"curies":[{"name":"wp","href":"https:\/\/api.w.org\/{rel}","templated":true}]}}